{"id":31692,"date":"2026-02-27T00:14:29","date_gmt":"2026-02-27T00:14:29","guid":{"rendered":"https:\/\/nordicmart.andreevmaster.com\/product\/songmics-pieni-kosmetiikkalaukku-musta\/"},"modified":"2026-02-27T09:36:57","modified_gmt":"2026-02-27T09:36:57","slug":"songmics-pieni-kosmetiikkalaukku-musta","status":"publish","type":"product","link":"https:\/\/nordicmart.andreevmaster.com\/fi\/tuote\/songmics-pieni-kosmetiikkalaukku-musta\/","title":{"rendered":"SONGMICS Pieni kosmetiikkalaukku Musta"},"content":{"rendered":"<p>Kaunis, tyylik\u00e4s ja ajaton korukotelo! T\u00e4m\u00e4 hieno korukotelo vakuuttaa paitsi tyylikk\u00e4\u00e4ll\u00e4 muotoilullaan my\u00f6s nerokkaalla tilank\u00e4yt\u00f6ll\u00e4 ja korkealla toiminnallisuudella. Reunat ja kulmat on vahvistettu, hopeiset saranat ovat hyvin valmistettuja ja takaavat pitk\u00e4n k\u00e4ytt\u00f6i\u00e4n. Vankat alumiinilistat ja ABS-rakeinen pinta antavat kosmetiikkalaukulle erityisen vieh\u00e4tyksen, tyylikkyyden ja k\u00e4yt\u00e4nn\u00f6llisyyden. Siin\u00e4 on runsaasti tilaa erilaisille koruille, ja se pit\u00e4\u00e4 aarteesi aina k\u00e4den ulottuvilla. Kaikki on j\u00e4rjestyksess\u00e4 ja tilaa s\u00e4\u00e4st\u00e4en. Siististi valmistettu ja helppo puhdistaa, SONGMICS:n tyylik\u00e4s kosmetiikkalaukku on pakollinen hankinta kaikille korujen yst\u00e4ville.Huomautukset: 1. Ennen sulkemista sinun on kohdistettava ura oikein kotelon reunassa olevaan jouseen. 2. Sulkeaksesi kotelon oikein, \u00e4l\u00e4 laita siihen liian korkeita esineit\u00e4. 3. Mitat on mitattu k\u00e4sin, joten pieni\u00e4 poikkeamia voi esiinty\u00e4. 4. Tuote saattaa tuoksua &#8221;uudelta&#8221; avattaessa. T\u00e4m\u00e4 haju h\u00e4vi\u00e4\u00e4 kuitenkin my\u00f6hemmin, kun asetat kotelon tuuletettuun tilaan. 5. Ennen ostamista lue kotelon tarkat mitat verkkosivustolta, jotta saat sopivan kosmetiikkakotelon. Tuotetiedot:- Materiaali: Auleiste + MDF-levy + ABS + sametti &#8211; Mitat: Tuotteen mitat: 30,5 x 24 x 20 cm (L x K x S) Sis\u00e4osastojen mitat: 17 x 3 x 13 cm (L x K x S) Alimman lokeron mitat: 28 x 8 x 18,5 cm (L x K x S) &#8211; V\u00e4ri: musta &#8211; Nettopaino: 2,6 kg Toimitus sis\u00e4lt\u00e4\u00e4: &#8211; 1 x kosmetiikkalaukku &#8211; 1 x kantohihna &#8211; 2 x avain<\/p>\n","protected":false},"excerpt":{"rendered":"<p>SONGMICS alumiininen kauneuslaukku, kosmetiikkalaukku, meikkilaukku, musta JBC225B<\/p>\n","protected":false},"featured_media":40784,"comment_status":"open","ping_status":"closed","template":"","meta":[],"product_brand":[],"product_cat":[32],"product_tag":[],"class_list":{"0":"post-31692","1":"product","2":"type-product","3":"status-publish","4":"has-post-thumbnail","6":"product_cat-uncategorized-fi","8":"first","9":"instock","10":"shipping-taxable","11":"purchasable","12":"product-type-simple"},"_links":{"self":[{"href":"https:\/\/nordicmart.andreevmaster.com\/fi\/wp-json\/wp\/v2\/product\/31692","targetHints":{"allow":["GET"]}}],"collection":[{"href":"https:\/\/nordicmart.andreevmaster.com\/fi\/wp-json\/wp\/v2\/product"}],"about":[{"href":"https:\/\/nordicmart.andreevmaster.com\/fi\/wp-json\/wp\/v2\/types\/product"}],"replies":[{"embeddable":true,"href":"https:\/\/nordicmart.andreevmaster.com\/fi\/wp-json\/wp\/v2\/comments?post=31692"}],"wp:featuredmedia":[{"embeddable":true,"href":"https:\/\/nordicmart.andreevmaster.com\/fi\/wp-json\/wp\/v2\/media\/40784"}],"wp:attachment":[{"href":"https:\/\/nordicmart.andreevmaster.com\/fi\/wp-json\/wp\/v2\/media?parent=31692"}],"wp:term":[{"taxonomy":"product_brand","embeddable":true,"href":"https:\/\/nordicmart.andreevmaster.com\/fi\/wp-json\/wp\/v2\/product_brand?post=31692"},{"taxonomy":"product_cat","embeddable":true,"href":"https:\/\/nordicmart.andreevmaster.com\/fi\/wp-json\/wp\/v2\/product_cat?post=31692"},{"taxonomy":"product_tag","embeddable":true,"href":"https:\/\/nordicmart.andreevmaster.com\/fi\/wp-json\/wp\/v2\/product_tag?post=31692"}],"curies":[{"name":"wp","href":"https:\/\/api.w.org\/{rel}","templated":true}]}}