{"id":31691,"date":"2026-02-27T00:14:28","date_gmt":"2026-02-27T00:14:28","guid":{"rendered":"https:\/\/nordicmart.andreevmaster.com\/product\/songmics-pieni-kosmetiikkalaukku-musta-violetti\/"},"modified":"2026-02-27T09:36:57","modified_gmt":"2026-02-27T09:36:57","slug":"songmics-pieni-kosmetiikkalaukku-musta-violetti","status":"publish","type":"product","link":"https:\/\/nordicmart.andreevmaster.com\/fi\/tuote\/songmics-pieni-kosmetiikkalaukku-musta-violetti\/","title":{"rendered":"SONGMICS Pieni kosmetiikkalaukku musta-violetti"},"content":{"rendered":"<p>Kaunis, tyylik\u00e4s ja ajaton korukotelo! T\u00e4m\u00e4 hieno korukotelo vakuuttaa paitsi tyylikk\u00e4\u00e4ll\u00e4 muotoilullaan my\u00f6s nerokkaalla tilank\u00e4yt\u00f6ll\u00e4 ja korkealla toiminnallisuudella. Musta keinonahka ja violetinv\u00e4riset alumiinilistat antavat kosmetiikkalaukulle erityisen vieh\u00e4tt\u00e4v\u00e4n ilmeen, joka on sek\u00e4 tyylik\u00e4s ett\u00e4 k\u00e4yt\u00e4nn\u00f6llinen. Siin\u00e4 on runsaasti tilaa erilaisille koruille, ja se pit\u00e4\u00e4 aarteesi aina k\u00e4den ulottuvilla. Kaikki on j\u00e4rjestyksess\u00e4 ja tilaa s\u00e4\u00e4st\u00e4en. Varustettu peilill\u00e4 ja 2 taittolukolla. Siististi valmistettu ja helppo puhdistaa Songmicsin tyylik\u00e4s kosmetiikkalaukku on v\u00e4ltt\u00e4m\u00e4t\u00f6n kaikille korujen yst\u00e4ville.  Huomautukset:  1. Ennen sulkemista sinun on kohdistettava ura oikein kotelon reunassa olevaan jouseen. 2. Sulje kotelo oikein, \u00e4l\u00e4 laita siihen liian korkeita esineit\u00e4. 3. Mitat on mitattu k\u00e4sin, joten niiss\u00e4 voi olla pieni\u00e4 poikkeamia. 4. Tuote saattaa tuoksua &#8221;uudelta&#8221; avattaessa. T\u00e4m\u00e4 haju h\u00e4vi\u00e4\u00e4 kuitenkin my\u00f6hemmin, kun asetat kotelon tuuletettuun tilaan. 5. Ennen ostamista lue kotelon tarkat mitat verkkosivustolta, jotta saat sopivan kosmetiikkakotelon. Tuotetiedot: &#8211; Materiaali: alumiinilista + tekonahka, jossa litschi-kuvio + EVA + muovi + lasi &#8211; Mitat: 35,5 x 25 x 24,5 cm (L x K x S) &#8211; Yl\u00e4osan 3 lokeron mitat: 20,5 x 2,5 x 19,5 cm (L x K x S) &#8211; Irrotettavan laatikon mitat: 10 x 12 x 8 cm (L x K x S) &#8211; V\u00e4ri: violetti + musta &#8211; Nettopaino: 2,8 kg Toimitus sis\u00e4lt\u00e4\u00e4:  &#8211; 1 x kosmetiikkalaukku &#8211; 1 x kantohihna &#8211; 2 x avain<\/p>\n","protected":false},"excerpt":{"rendered":"<p>SONGMICS kosmetiikkalaukku, suuri ammattimainen meikkilaukku matkalle, monik\u00e4ytt\u00f6inen laukku peilill\u00e4 ja j\u00e4rjestelylaatikoilla, alumiini, XXL, JBC221B<\/p>\n","protected":false},"featured_media":40783,"comment_status":"open","ping_status":"closed","template":"","meta":[],"product_brand":[],"product_cat":[32],"product_tag":[],"class_list":{"0":"post-31691","1":"product","2":"type-product","3":"status-publish","4":"has-post-thumbnail","6":"product_cat-uncategorized-fi","8":"first","9":"instock","10":"shipping-taxable","11":"purchasable","12":"product-type-simple"},"_links":{"self":[{"href":"https:\/\/nordicmart.andreevmaster.com\/fi\/wp-json\/wp\/v2\/product\/31691","targetHints":{"allow":["GET"]}}],"collection":[{"href":"https:\/\/nordicmart.andreevmaster.com\/fi\/wp-json\/wp\/v2\/product"}],"about":[{"href":"https:\/\/nordicmart.andreevmaster.com\/fi\/wp-json\/wp\/v2\/types\/product"}],"replies":[{"embeddable":true,"href":"https:\/\/nordicmart.andreevmaster.com\/fi\/wp-json\/wp\/v2\/comments?post=31691"}],"wp:featuredmedia":[{"embeddable":true,"href":"https:\/\/nordicmart.andreevmaster.com\/fi\/wp-json\/wp\/v2\/media\/40783"}],"wp:attachment":[{"href":"https:\/\/nordicmart.andreevmaster.com\/fi\/wp-json\/wp\/v2\/media?parent=31691"}],"wp:term":[{"taxonomy":"product_brand","embeddable":true,"href":"https:\/\/nordicmart.andreevmaster.com\/fi\/wp-json\/wp\/v2\/product_brand?post=31691"},{"taxonomy":"product_cat","embeddable":true,"href":"https:\/\/nordicmart.andreevmaster.com\/fi\/wp-json\/wp\/v2\/product_cat?post=31691"},{"taxonomy":"product_tag","embeddable":true,"href":"https:\/\/nordicmart.andreevmaster.com\/fi\/wp-json\/wp\/v2\/product_tag?post=31691"}],"curies":[{"name":"wp","href":"https:\/\/api.w.org\/{rel}","templated":true}]}}