{"id":31690,"date":"2026-02-27T00:14:28","date_gmt":"2026-02-27T00:14:28","guid":{"rendered":"https:\/\/nordicmart.andreevmaster.com\/product\/songmics-tyylikas-korurasia-valkoinen\/"},"modified":"2026-02-27T09:36:57","modified_gmt":"2026-02-27T09:36:57","slug":"songmics-tyylikas-korurasia-valkoinen","status":"publish","type":"product","link":"https:\/\/nordicmart.andreevmaster.com\/fi\/tuote\/songmics-tyylikas-korurasia-valkoinen\/","title":{"rendered":"SONGMICS Tyylik\u00e4s korurasia, valkoinen"},"content":{"rendered":"<p>Haittaako sinua, ett\u00e4 kaulakorusi ovat aina takkuisia ja sormuksesi lojuvat jossain asunnossasi? Sitten on aika hankkia t\u00e4m\u00e4 tyylik\u00e4s korujen s\u00e4ilytyslaatikko SONGMICS:lt\u00e4, jotta voit s\u00e4ilytt\u00e4\u00e4 arvokkaat korusi siististi. Suojaa kaikki asusteesi T\u00e4m\u00e4 korurasia on varustettu monilla lokeroilla erilaisille koruille ja varmistaa, ett\u00e4 rannekorut, sormukset, korvakorut, kaulakorut jne. ovat turvallisesti s\u00e4ilytettyin\u00e4. Pehme\u00e4 samettivuori suojaa korujasi naarmuilta ja muilta vaurioilta. Viel\u00e4 enemm\u00e4n valinnanvaraa Tarjoamme laajan valikoiman korulaatikoita eri kokoina ja v\u00e4rein\u00e4. Etsi vain hakusanalla &#8221;SONGMICS korulaatikko&#8221; saadaksesi lis\u00e4tietoja. Jos yst\u00e4v\u00e4tt\u00e4resi ovat my\u00f6s korujen yst\u00e4vi\u00e4, t\u00e4llainen laatikko olisi ihanteellinen lahja! Tuotetiedot: &#8211; V\u00e4ri: valkoinen &#8211; Materiaali: PU, MDF, sametti &#8211; Tuotteen koko: 22 x 16 x 12,5 cm (P x L x K) &#8211; Minilaatikon koko: 14 x 9 x 6 cm (P x L x K) &#8211; Paino: 1,1 kg Toimitus sis\u00e4lt\u00e4\u00e4: &#8211; 1 x korulaatikko<\/p>\n","protected":false},"excerpt":{"rendered":"<p>SONGMICS korulaatikko, 3 tasoa, korupakkaus, lukittava korujen s\u00e4ilytyslaatikko peilill\u00e4, irrotettava matkalaukku, sormuksille, rannekoruille, korvakoruille, kaulakoruille, lahjaksi, valkoinen JBC213W<\/p>\n","protected":false},"featured_media":40782,"comment_status":"open","ping_status":"closed","template":"","meta":[],"product_brand":[],"product_cat":[32],"product_tag":[],"class_list":{"0":"post-31690","1":"product","2":"type-product","3":"status-publish","4":"has-post-thumbnail","6":"product_cat-uncategorized-fi","8":"first","9":"instock","10":"shipping-taxable","11":"purchasable","12":"product-type-simple"},"_links":{"self":[{"href":"https:\/\/nordicmart.andreevmaster.com\/fi\/wp-json\/wp\/v2\/product\/31690","targetHints":{"allow":["GET"]}}],"collection":[{"href":"https:\/\/nordicmart.andreevmaster.com\/fi\/wp-json\/wp\/v2\/product"}],"about":[{"href":"https:\/\/nordicmart.andreevmaster.com\/fi\/wp-json\/wp\/v2\/types\/product"}],"replies":[{"embeddable":true,"href":"https:\/\/nordicmart.andreevmaster.com\/fi\/wp-json\/wp\/v2\/comments?post=31690"}],"wp:featuredmedia":[{"embeddable":true,"href":"https:\/\/nordicmart.andreevmaster.com\/fi\/wp-json\/wp\/v2\/media\/40782"}],"wp:attachment":[{"href":"https:\/\/nordicmart.andreevmaster.com\/fi\/wp-json\/wp\/v2\/media?parent=31690"}],"wp:term":[{"taxonomy":"product_brand","embeddable":true,"href":"https:\/\/nordicmart.andreevmaster.com\/fi\/wp-json\/wp\/v2\/product_brand?post=31690"},{"taxonomy":"product_cat","embeddable":true,"href":"https:\/\/nordicmart.andreevmaster.com\/fi\/wp-json\/wp\/v2\/product_cat?post=31690"},{"taxonomy":"product_tag","embeddable":true,"href":"https:\/\/nordicmart.andreevmaster.com\/fi\/wp-json\/wp\/v2\/product_tag?post=31690"}],"curies":[{"name":"wp","href":"https:\/\/api.w.org\/{rel}","templated":true}]}}