{"id":31687,"date":"2026-02-27T00:14:27","date_gmt":"2026-02-27T00:14:27","guid":{"rendered":"https:\/\/nordicmart.andreevmaster.com\/product\/songmics-kaksikerroksinen-korurasia-peililla-ja-joustavalla-tarjottimella-pilvinen-valkoinen\/"},"modified":"2026-02-27T09:36:57","modified_gmt":"2026-02-27T09:36:57","slug":"songmics-kaksikerroksinen-korurasia-peililla-ja-joustavalla-tarjottimella-pilvinen-valkoinen","status":"publish","type":"product","link":"https:\/\/nordicmart.andreevmaster.com\/fi\/tuote\/songmics-kaksikerroksinen-korurasia-peililla-ja-joustavalla-tarjottimella-pilvinen-valkoinen\/","title":{"rendered":"SONGMICS kaksikerroksinen korurasia peilill\u00e4 ja joustavalla tarjottimella, pilvinen valkoinen"},"content":{"rendered":"<p>SONGMICS korulaatikko peilill\u00e4, 2-tasoinen korulaatikko, korujen matkalaukku, joustava koruteline, 17,6 x 22 x 11 cm, korvakorujen j\u00e4rjestelij\u00e4, lahjaidea, pilvinen valkoinen JBC200W01<br \/>\nV\u00e4ri: pilvinen valkoinen<br \/>\nMateriaali: MDF (keskitihe\u00e4 kuitulevy), PU-pinnoitettu paperi, sinkkiseos, sametti<br \/>\nKoko: 17,6 x 22 x 11 cm (S x L x K)<br \/>\nPaino: 0,9 kg<\/p>\n","protected":false},"excerpt":{"rendered":"<p>SONGMICS korulaatikko peilill\u00e4, 2-tasoinen korulaatikko, korujen matkalaukku, joustava koruteline, 17,6 x 22 x 11 cm, korvakorujen j\u00e4rjestelij\u00e4, lahjaidea, pilvinen valkoinen JBC200W01<\/p>\n","protected":false},"featured_media":40779,"comment_status":"open","ping_status":"closed","template":"","meta":[],"product_brand":[],"product_cat":[32],"product_tag":[],"class_list":{"0":"post-31687","1":"product","2":"type-product","3":"status-publish","4":"has-post-thumbnail","6":"product_cat-uncategorized-fi","8":"first","9":"instock","10":"shipping-taxable","11":"purchasable","12":"product-type-simple"},"_links":{"self":[{"href":"https:\/\/nordicmart.andreevmaster.com\/fi\/wp-json\/wp\/v2\/product\/31687","targetHints":{"allow":["GET"]}}],"collection":[{"href":"https:\/\/nordicmart.andreevmaster.com\/fi\/wp-json\/wp\/v2\/product"}],"about":[{"href":"https:\/\/nordicmart.andreevmaster.com\/fi\/wp-json\/wp\/v2\/types\/product"}],"replies":[{"embeddable":true,"href":"https:\/\/nordicmart.andreevmaster.com\/fi\/wp-json\/wp\/v2\/comments?post=31687"}],"wp:featuredmedia":[{"embeddable":true,"href":"https:\/\/nordicmart.andreevmaster.com\/fi\/wp-json\/wp\/v2\/media\/40779"}],"wp:attachment":[{"href":"https:\/\/nordicmart.andreevmaster.com\/fi\/wp-json\/wp\/v2\/media?parent=31687"}],"wp:term":[{"taxonomy":"product_brand","embeddable":true,"href":"https:\/\/nordicmart.andreevmaster.com\/fi\/wp-json\/wp\/v2\/product_brand?post=31687"},{"taxonomy":"product_cat","embeddable":true,"href":"https:\/\/nordicmart.andreevmaster.com\/fi\/wp-json\/wp\/v2\/product_cat?post=31687"},{"taxonomy":"product_tag","embeddable":true,"href":"https:\/\/nordicmart.andreevmaster.com\/fi\/wp-json\/wp\/v2\/product_tag?post=31687"}],"curies":[{"name":"wp","href":"https:\/\/api.w.org\/{rel}","templated":true}]}}