{"id":31681,"date":"2026-02-27T00:14:26","date_gmt":"2026-02-27T00:14:26","guid":{"rendered":"https:\/\/nordicmart.andreevmaster.com\/product\/anah-collection-suuri-kapasiteetti-korut-laatikko-peili-korut-jarjestaja-laatikko-ommeltu-pu-pinta-10-6-x-15-x-6-3-tuumaa-joululahja-pilvi-valkoinen-2\/"},"modified":"2026-02-27T09:36:56","modified_gmt":"2026-02-27T09:36:56","slug":"anah-collection-suuri-kapasiteetti-korut-laatikko-peili-korut-jarjestaja-laatikko-ommeltu-pu-pinta-10-6-x-15-x-6-3-tuumaa-joululahja-pilvi-valkoinen-2","status":"publish","type":"product","link":"https:\/\/nordicmart.andreevmaster.com\/fi\/tuote\/anah-collection-suuri-kapasiteetti-korut-laatikko-peili-korut-jarjestaja-laatikko-ommeltu-pu-pinta-10-6-x-15-x-6-3-tuumaa-joululahja-pilvi-valkoinen-2\/","title":{"rendered":"ANAH Collection Suuri kapasiteetti korut laatikko peili, korut j\u00e4rjest\u00e4j\u00e4 laatikko, ommeltu PU pinta, 10.6 x 15 x 6.3 tuumaa, joululahja, pilvi Valkoinen"},"content":{"rendered":"<p>Tyyli uudelleen m\u00e4\u00e4ritelty: SONGMICS HOME ANAH -mallisto, \u00e4\u00e4rimm\u00e4inen korujen s\u00e4ilytysratkaisu, on tyylik\u00e4s, sile\u00e4 PU-pinta, jossa on monimutkainen tikattu ompelu ja ainutlaatuinen pyramidityylinen laitteisto, joka nostaa korusi ja tekee niist\u00e4 ainutlaatuisen kannanoton.Tilava, osastoitu s\u00e4ilytys: Avaa laajennettava yl\u00e4kerta ja sen alla oleva laatikko, jolloin paljastuu omat lokerot sormuksille, kaulakoruille, rannekoruille ja kelloille. Jokainen esine on j\u00e4rjestetty tyylikk\u00e4\u00e4sti, jotta se on helposti saatavilla ja siististi j\u00e4rjestetty.\u3010Monipuolinen ja k\u00e4yt\u00e4nn\u00f6llinen muotoilu\u3011Ota irrotettava peili nopeaa k\u00e4ytt\u00f6\u00e4 varten tai kiinnit\u00e4 se v\u00e4liseiniin v\u00e4lit\u00f6nt\u00e4 heijastusta varten. 2 irrotettavaa korvakorutaulua ja 2 kellotyyny\u00e4, ota k\u00e4ytt\u00f6\u00f6n mukautuvia s\u00e4ilytysratkaisuja, jotka on r\u00e4\u00e4t\u00e4l\u00f6ity mieltymystesi mukaan<br \/>\nT\u00e4ydellinen suojaus: T\u00e4m\u00e4 kelluvalla alustalla varustettu korurasia on valmistettu tukevasta MDF-kehyksest\u00e4 ja vett\u00e4 ja kulutusta kest\u00e4v\u00e4 ulkopinnasta, joka on helppo puhdistaa, ja se on suunniteltu pitk\u00e4aikaiseen suojaan. Sen pehme\u00e4 samettivuori suojaa korujasi naarmuilta.<br \/>\nElegantti lahja: Katsele t\u00e4m\u00e4n korurasian vieh\u00e4tt\u00e4vyytt\u00e4, joka koristaa turhamaisuutta, makuuhuoneen, pukeutumishuoneen tai asuintilaa. Se on t\u00e4ydellinen lahja erityisiin tilaisuuksiin, ihanteellinen korujen yst\u00e4ville, jotka arvostavat sek\u00e4 tyyli\u00e4 ett\u00e4 k\u00e4yt\u00e4nn\u00f6llisyytt\u00e4. Tekniset tiedot: V\u00e4rit: V\u00e4ri: V\u00e4ri: Pilvinen valkoinen<br \/>\nMateriaali: Valkoinen, valkoinen, valkoinen, valkoinen, valkoinen, valkoinen, valkoinen, valkoinen, valkoinen, valkoinen: PU (polyuretaani) nahka, MDF (keskitihe\u00e4 kuitulevy), sametti, metalli, lasi.Tuotteen koko: 10,6&#8243; D x 15&#8243; W x 6,3&#8243; H (27 x 38 x 16 cm)<br \/>\nTuotteen paino: 4,5 kg (9,9 lb).<\/p>\n<p>Pakkauksen sis\u00e4lt\u00f6:<br \/>\n1 x korurasia<\/p>\n","protected":false},"excerpt":{"rendered":"<p>Tyyli uudelleen m\u00e4\u00e4ritelty: SONGMICS HOME ANAH -mallisto, \u00e4\u00e4rimm\u00e4inen korujen s\u00e4ilytysratkaisu, on tyylik\u00e4s, sile\u00e4 PU-pinta, jossa on monimutkainen tikattu ompelu ja ainutlaatuinen pyramidityylinen laitteisto, joka nostaa korusi ja tekee niist\u00e4 ainutlaatuisen kannanoton.Tilava, osastoitu s\u00e4ilytys: Avaa laajennettava yl\u00e4kerta ja sen alla oleva laatikko, jolloin paljastuu omat lokerot sormuksille, kaulakoruille, rannekoruille ja kelloille. Jokainen esine on j\u00e4rjestetty tyylikk\u00e4\u00e4sti, [&hellip;]<\/p>\n","protected":false},"featured_media":0,"comment_status":"open","ping_status":"closed","template":"","meta":[],"product_brand":[],"product_cat":[32],"product_tag":[],"class_list":{"0":"post-31681","1":"product","2":"type-product","3":"status-publish","5":"product_cat-uncategorized-fi","7":"first","8":"instock","9":"shipping-taxable","10":"product-type-simple"},"_links":{"self":[{"href":"https:\/\/nordicmart.andreevmaster.com\/fi\/wp-json\/wp\/v2\/product\/31681","targetHints":{"allow":["GET"]}}],"collection":[{"href":"https:\/\/nordicmart.andreevmaster.com\/fi\/wp-json\/wp\/v2\/product"}],"about":[{"href":"https:\/\/nordicmart.andreevmaster.com\/fi\/wp-json\/wp\/v2\/types\/product"}],"replies":[{"embeddable":true,"href":"https:\/\/nordicmart.andreevmaster.com\/fi\/wp-json\/wp\/v2\/comments?post=31681"}],"wp:attachment":[{"href":"https:\/\/nordicmart.andreevmaster.com\/fi\/wp-json\/wp\/v2\/media?parent=31681"}],"wp:term":[{"taxonomy":"product_brand","embeddable":true,"href":"https:\/\/nordicmart.andreevmaster.com\/fi\/wp-json\/wp\/v2\/product_brand?post=31681"},{"taxonomy":"product_cat","embeddable":true,"href":"https:\/\/nordicmart.andreevmaster.com\/fi\/wp-json\/wp\/v2\/product_cat?post=31681"},{"taxonomy":"product_tag","embeddable":true,"href":"https:\/\/nordicmart.andreevmaster.com\/fi\/wp-json\/wp\/v2\/product_tag?post=31681"}],"curies":[{"name":"wp","href":"https:\/\/api.w.org\/{rel}","templated":true}]}}