{"id":31672,"date":"2026-02-27T00:14:24","date_gmt":"2026-02-27T00:14:24","guid":{"rendered":"https:\/\/nordicmart.andreevmaster.com\/product\/songmics-korulaatikko-8-laatikolla\/"},"modified":"2026-02-27T09:36:54","modified_gmt":"2026-02-27T09:36:54","slug":"songmics-korulaatikko-8-laatikolla","status":"publish","type":"product","link":"https:\/\/nordicmart.andreevmaster.com\/fi\/tuote\/songmics-korulaatikko-8-laatikolla\/","title":{"rendered":"SONGMICS korulaatikko 8 laatikolla"},"content":{"rendered":"<p>Hienostunut s\u00e4ilytysratkaisu Eri kokoiset laatikot vastaavat tarpeisiisi. Rannekorut, sormukset, korvakorut, kaulakorut, aurinkolasit, kellot, hiusnauhat ja muut tilaa viev\u00e4t asusteet l\u00f6yt\u00e4v\u00e4t paikkansa. Ei en\u00e4\u00e4 huolta \u00e4rsytt\u00e4vist\u00e4 tilanteista k\u00e4yt\u00f6n aikana Kiinnit\u00e4mme suurta huomiota tuotteen yksityiskohtiin. Kaulakorujen koukut ovat leve\u00e4mpi\u00e4 ja tukevampia, ja alhaalla olevat s\u00e4ilytyslokerot tarjoavat lis\u00e4\u00e4 s\u00e4ilytystilaa ja est\u00e4v\u00e4t pitki\u00e4 ketjuja takertumasta oveen. Kannen peilin ansiosta voit ihailla korujasi heti ja viimeistell\u00e4 meikkisi.Kaatumissuoja takaa turvallisen k\u00e4yt\u00f6n. Tuotetiedot: Tuotteen mitat: 39,7 x 101,2 x 27 cm (L x K x S) Pakkauksen mitat: 109 x 35 x 48 cm Peilin mitat: 25 x 17,5 cm V\u00e4ri: valkoinen Materiaali: MDF-levyt, samettinen sis\u00e4vuori Toimitus sis\u00e4lt\u00e4\u00e4 1 x korukaappi 1 x metalliosapussi 1 x ohjeet (DE, EN, IT, FR, ES)<\/p>\n","protected":false},"excerpt":{"rendered":"<p>SONGMICS korukotelo korukomero peilill\u00e4, suuri tilavuus, samettinen sisustus, 8 laatikkoa, skandinaavinen tyyli, minimalistinen muotoilu, MDF-levyt, valkoinen JBC17W<\/p>\n","protected":false},"featured_media":0,"comment_status":"open","ping_status":"closed","template":"","meta":[],"product_brand":[],"product_cat":[32],"product_tag":[],"class_list":{"0":"post-31672","1":"product","2":"type-product","3":"status-publish","5":"product_cat-uncategorized-fi","7":"first","8":"instock","9":"shipping-taxable","10":"purchasable","11":"product-type-simple"},"_links":{"self":[{"href":"https:\/\/nordicmart.andreevmaster.com\/fi\/wp-json\/wp\/v2\/product\/31672","targetHints":{"allow":["GET"]}}],"collection":[{"href":"https:\/\/nordicmart.andreevmaster.com\/fi\/wp-json\/wp\/v2\/product"}],"about":[{"href":"https:\/\/nordicmart.andreevmaster.com\/fi\/wp-json\/wp\/v2\/types\/product"}],"replies":[{"embeddable":true,"href":"https:\/\/nordicmart.andreevmaster.com\/fi\/wp-json\/wp\/v2\/comments?post=31672"}],"wp:attachment":[{"href":"https:\/\/nordicmart.andreevmaster.com\/fi\/wp-json\/wp\/v2\/media?parent=31672"}],"wp:term":[{"taxonomy":"product_brand","embeddable":true,"href":"https:\/\/nordicmart.andreevmaster.com\/fi\/wp-json\/wp\/v2\/product_brand?post=31672"},{"taxonomy":"product_cat","embeddable":true,"href":"https:\/\/nordicmart.andreevmaster.com\/fi\/wp-json\/wp\/v2\/product_cat?post=31672"},{"taxonomy":"product_tag","embeddable":true,"href":"https:\/\/nordicmart.andreevmaster.com\/fi\/wp-json\/wp\/v2\/product_tag?post=31672"}],"curies":[{"name":"wp","href":"https:\/\/api.w.org\/{rel}","templated":true}]}}