{"id":31659,"date":"2026-02-27T00:14:21","date_gmt":"2026-02-27T00:14:21","guid":{"rendered":"https:\/\/nordicmart.andreevmaster.com\/product\/songmics-korurasia-5-laatikkoa-ja-lasi-ikkuna-pastellinpunainen\/"},"modified":"2026-02-27T09:36:52","modified_gmt":"2026-02-27T09:36:52","slug":"songmics-korurasia-5-laatikkoa-ja-lasi-ikkuna-pastellinpunainen","status":"publish","type":"product","link":"https:\/\/nordicmart.andreevmaster.com\/fi\/tuote\/songmics-korurasia-5-laatikkoa-ja-lasi-ikkuna-pastellinpunainen\/","title":{"rendered":"SONGMICS korurasia, 5 laatikkoa ja lasi-ikkuna, pastellinpunainen"},"content":{"rendered":"<p>SONGMICS korurasia, 360\u00b0 k\u00e4\u00e4ntyv\u00e4, SchSONGMICS korurasia 360\u00b0 k\u00e4\u00e4ntyv\u00e4, korurasia 5 laatikkoa, sivulla lasi-ikkunat, tilava, pystysuora korujen s\u00e4ilytys, avoin muotoilu, lahjaidea korurasia 5 laatikkoa, sivulla lasi-ikkunat, tilava, pystysuora korujen s\u00e4ilytys, avoin muotoilu, lahjaidea<br \/>\nV\u00e4ri: pastellinpunainen<br \/>\nMateriaali: MDF (keskitihe\u00e4 kuitulevy), PU-pinnoitettu paperi, sametti<br \/>\nKoko: 16 x 22,2 x 28,5 cm (S x L x K)<br \/>\nPaino: 2,6 kg<\/p>\n","protected":false},"excerpt":{"rendered":"<p>SONGMICS korurasia, 360\u00b0 k\u00e4\u00e4ntyv\u00e4, SchSONGMICS korurasia 360\u00b0 k\u00e4\u00e4ntyv\u00e4, korurasia 5 laatikkoa, sivulla lasi-ikkunat, tilava, pystysuora korujen s\u00e4ilytys, avoin muotoilu, lahjaidea korurasia 5 laatikkoa, sivulla lasi-ikkunat, tilava, pystysuora korujen s\u00e4ilytys, avoin muotoilu, lahjaidea<\/p>\n","protected":false},"featured_media":40753,"comment_status":"open","ping_status":"closed","template":"","meta":[],"product_brand":[],"product_cat":[32],"product_tag":[],"class_list":{"0":"post-31659","1":"product","2":"type-product","3":"status-publish","4":"has-post-thumbnail","6":"product_cat-uncategorized-fi","8":"first","9":"instock","10":"shipping-taxable","11":"purchasable","12":"product-type-simple"},"_links":{"self":[{"href":"https:\/\/nordicmart.andreevmaster.com\/fi\/wp-json\/wp\/v2\/product\/31659","targetHints":{"allow":["GET"]}}],"collection":[{"href":"https:\/\/nordicmart.andreevmaster.com\/fi\/wp-json\/wp\/v2\/product"}],"about":[{"href":"https:\/\/nordicmart.andreevmaster.com\/fi\/wp-json\/wp\/v2\/types\/product"}],"replies":[{"embeddable":true,"href":"https:\/\/nordicmart.andreevmaster.com\/fi\/wp-json\/wp\/v2\/comments?post=31659"}],"wp:featuredmedia":[{"embeddable":true,"href":"https:\/\/nordicmart.andreevmaster.com\/fi\/wp-json\/wp\/v2\/media\/40753"}],"wp:attachment":[{"href":"https:\/\/nordicmart.andreevmaster.com\/fi\/wp-json\/wp\/v2\/media?parent=31659"}],"wp:term":[{"taxonomy":"product_brand","embeddable":true,"href":"https:\/\/nordicmart.andreevmaster.com\/fi\/wp-json\/wp\/v2\/product_brand?post=31659"},{"taxonomy":"product_cat","embeddable":true,"href":"https:\/\/nordicmart.andreevmaster.com\/fi\/wp-json\/wp\/v2\/product_cat?post=31659"},{"taxonomy":"product_tag","embeddable":true,"href":"https:\/\/nordicmart.andreevmaster.com\/fi\/wp-json\/wp\/v2\/product_tag?post=31659"}],"curies":[{"name":"wp","href":"https:\/\/api.w.org\/{rel}","templated":true}]}}