{"id":31654,"date":"2026-02-27T00:14:20","date_gmt":"2026-02-27T00:14:20","guid":{"rendered":"https:\/\/nordicmart.andreevmaster.com\/product\/songmics-korurasia-3-tasoa-laatikot-pilvinen-valkoinen\/"},"modified":"2026-02-27T09:36:51","modified_gmt":"2026-02-27T09:36:51","slug":"songmics-korurasia-3-tasoa-laatikot-pilvinen-valkoinen","status":"publish","type":"product","link":"https:\/\/nordicmart.andreevmaster.com\/fi\/tuote\/songmics-korurasia-3-tasoa-laatikot-pilvinen-valkoinen\/","title":{"rendered":"SONGMICS korurasia 3 tasoa, laatikot, pilvinen valkoinen"},"content":{"rendered":"<p>SONGMICS korurasia 3 tasoa, korurasia laatikoilla, avoin korus\u00e4ilytys yl\u00e4osassa, meikkip\u00f6yd\u00e4lle, metallirunko, 20,5 x 22,7 x 23,5 cm, lahjaidea<br \/>\nV\u00e4ri: pilvinen valkoinen<br \/>\nMateriaali: ter\u00e4s, MDF (keskitihe\u00e4 kuitulevy), PU-keinonahka, sametti<br \/>\nKoko<br \/>\nKokonaismitat: 20,5 x 22,7 x 23,5 cm (S x L x K)<br \/>\nMetallikehyksen korkeus yl\u00e4osassa: 8 cm<br \/>\nPaino: 2,2 kg<\/p>\n","protected":false},"excerpt":{"rendered":"<p>SONGMICS korurasia 3 tasoa, korurasia laatikoilla, avoin korus\u00e4ilytys yl\u00e4osassa, meikkip\u00f6yd\u00e4lle, metallirunko, 20,5 x 22,7 x 23,5 cm, lahjaidea<\/p>\n","protected":false},"featured_media":40748,"comment_status":"open","ping_status":"closed","template":"","meta":[],"product_brand":[],"product_cat":[32],"product_tag":[],"class_list":{"0":"post-31654","1":"product","2":"type-product","3":"status-publish","4":"has-post-thumbnail","6":"product_cat-uncategorized-fi","8":"first","9":"instock","10":"shipping-taxable","11":"purchasable","12":"product-type-simple"},"_links":{"self":[{"href":"https:\/\/nordicmart.andreevmaster.com\/fi\/wp-json\/wp\/v2\/product\/31654","targetHints":{"allow":["GET"]}}],"collection":[{"href":"https:\/\/nordicmart.andreevmaster.com\/fi\/wp-json\/wp\/v2\/product"}],"about":[{"href":"https:\/\/nordicmart.andreevmaster.com\/fi\/wp-json\/wp\/v2\/types\/product"}],"replies":[{"embeddable":true,"href":"https:\/\/nordicmart.andreevmaster.com\/fi\/wp-json\/wp\/v2\/comments?post=31654"}],"wp:featuredmedia":[{"embeddable":true,"href":"https:\/\/nordicmart.andreevmaster.com\/fi\/wp-json\/wp\/v2\/media\/40748"}],"wp:attachment":[{"href":"https:\/\/nordicmart.andreevmaster.com\/fi\/wp-json\/wp\/v2\/media?parent=31654"}],"wp:term":[{"taxonomy":"product_brand","embeddable":true,"href":"https:\/\/nordicmart.andreevmaster.com\/fi\/wp-json\/wp\/v2\/product_brand?post=31654"},{"taxonomy":"product_cat","embeddable":true,"href":"https:\/\/nordicmart.andreevmaster.com\/fi\/wp-json\/wp\/v2\/product_cat?post=31654"},{"taxonomy":"product_tag","embeddable":true,"href":"https:\/\/nordicmart.andreevmaster.com\/fi\/wp-json\/wp\/v2\/product_tag?post=31654"}],"curies":[{"name":"wp","href":"https:\/\/api.w.org\/{rel}","templated":true}]}}