{"id":31648,"date":"2026-02-27T00:14:19","date_gmt":"2026-02-27T00:14:19","guid":{"rendered":"https:\/\/nordicmart.andreevmaster.com\/product\/songmics-korurasia-pieni-2-tasoa-lahjaidea-metsanvihrea\/"},"modified":"2026-02-27T09:36:50","modified_gmt":"2026-02-27T09:36:50","slug":"songmics-korurasia-pieni-2-tasoa-lahjaidea-metsanvihrea","status":"publish","type":"product","link":"https:\/\/nordicmart.andreevmaster.com\/fi\/tuote\/songmics-korurasia-pieni-2-tasoa-lahjaidea-metsanvihrea\/","title":{"rendered":"SONGMICS korurasia, pieni, 2 tasoa, lahjaidea, mets\u00e4nvihre\u00e4"},"content":{"rendered":"<p>SONGMICS korurasia matka, pieni korurasia, 2 tasoa korujen s\u00e4ilytykseen, kannettava, korujen matkalaukku, suuremmille asusteille<br \/>\nV\u00e4ri: saldinvihre\u00e4<br \/>\nMateriaali: muovi, PU-pinnoitettu paperi, sametti<br \/>\nKoko: 11 x 16 x 8 cm (S x L x K)<br \/>\nPaino: 0,3 kg<\/p>\n","protected":false},"excerpt":{"rendered":"<p>SONGMICS korurasia matka, pieni korurasia, 2 tasoa korujen s\u00e4ilytykseen, kannettava, korujen matkalaukku, suuremmille asusteille<\/p>\n","protected":false},"featured_media":40742,"comment_status":"open","ping_status":"closed","template":"","meta":[],"product_brand":[],"product_cat":[32],"product_tag":[],"class_list":{"0":"post-31648","1":"product","2":"type-product","3":"status-publish","4":"has-post-thumbnail","6":"product_cat-uncategorized-fi","8":"first","9":"instock","10":"shipping-taxable","11":"purchasable","12":"product-type-simple"},"_links":{"self":[{"href":"https:\/\/nordicmart.andreevmaster.com\/fi\/wp-json\/wp\/v2\/product\/31648","targetHints":{"allow":["GET"]}}],"collection":[{"href":"https:\/\/nordicmart.andreevmaster.com\/fi\/wp-json\/wp\/v2\/product"}],"about":[{"href":"https:\/\/nordicmart.andreevmaster.com\/fi\/wp-json\/wp\/v2\/types\/product"}],"replies":[{"embeddable":true,"href":"https:\/\/nordicmart.andreevmaster.com\/fi\/wp-json\/wp\/v2\/comments?post=31648"}],"wp:featuredmedia":[{"embeddable":true,"href":"https:\/\/nordicmart.andreevmaster.com\/fi\/wp-json\/wp\/v2\/media\/40742"}],"wp:attachment":[{"href":"https:\/\/nordicmart.andreevmaster.com\/fi\/wp-json\/wp\/v2\/media?parent=31648"}],"wp:term":[{"taxonomy":"product_brand","embeddable":true,"href":"https:\/\/nordicmart.andreevmaster.com\/fi\/wp-json\/wp\/v2\/product_brand?post=31648"},{"taxonomy":"product_cat","embeddable":true,"href":"https:\/\/nordicmart.andreevmaster.com\/fi\/wp-json\/wp\/v2\/product_cat?post=31648"},{"taxonomy":"product_tag","embeddable":true,"href":"https:\/\/nordicmart.andreevmaster.com\/fi\/wp-json\/wp\/v2\/product_tag?post=31648"}],"curies":[{"name":"wp","href":"https:\/\/api.w.org\/{rel}","templated":true}]}}