{"id":31631,"date":"2026-02-27T00:14:15","date_gmt":"2026-02-27T00:14:15","guid":{"rendered":"https:\/\/nordicmart.andreevmaster.com\/product\/songmics-korurasia-lasikannella\/"},"modified":"2026-02-27T09:36:47","modified_gmt":"2026-02-27T09:36:47","slug":"songmics-korurasia-lasikannella","status":"publish","type":"product","link":"https:\/\/nordicmart.andreevmaster.com\/fi\/tuote\/songmics-korurasia-lasikannella\/","title":{"rendered":"SONGMICS korurasia lasikannella"},"content":{"rendered":"<p>SONGMICS korurasia, 4-tasoinen korulaatikko, korurasia lasikannella, 3 laatikkoa, aurinkolaseille, suurille koruille, korujen s\u00e4ilytys, moderni, grafiitinmusta-kultainen JBC161B02<br \/>\nV\u00e4ri: mets\u00e4nvihre\u00e4-kultainen<br \/>\nMateriaali: MDF (keskitihe\u00e4 kuitulevy), PU (polyuretaani), sametti, lasi<br \/>\nKoko: 15,3 x 25,1 x 21,5 cm (S x L x K)<br \/>\nPaino: 1,7 kg<\/p>\n","protected":false},"excerpt":{"rendered":"<p>SONGMICS korurasia, 4-tasoinen korulaatikko, korurasia lasikannella, 3 laatikkoa, aurinkolaseille, suurille koruille, korujen s\u00e4ilytys, moderni, grafiitinmusta-kultainen JBC161B02<\/p>\n","protected":false},"featured_media":40725,"comment_status":"open","ping_status":"closed","template":"","meta":[],"product_brand":[],"product_cat":[32],"product_tag":[],"class_list":{"0":"post-31631","1":"product","2":"type-product","3":"status-publish","4":"has-post-thumbnail","6":"product_cat-uncategorized-fi","8":"first","9":"instock","10":"shipping-taxable","11":"purchasable","12":"product-type-simple"},"_links":{"self":[{"href":"https:\/\/nordicmart.andreevmaster.com\/fi\/wp-json\/wp\/v2\/product\/31631","targetHints":{"allow":["GET"]}}],"collection":[{"href":"https:\/\/nordicmart.andreevmaster.com\/fi\/wp-json\/wp\/v2\/product"}],"about":[{"href":"https:\/\/nordicmart.andreevmaster.com\/fi\/wp-json\/wp\/v2\/types\/product"}],"replies":[{"embeddable":true,"href":"https:\/\/nordicmart.andreevmaster.com\/fi\/wp-json\/wp\/v2\/comments?post=31631"}],"wp:featuredmedia":[{"embeddable":true,"href":"https:\/\/nordicmart.andreevmaster.com\/fi\/wp-json\/wp\/v2\/media\/40725"}],"wp:attachment":[{"href":"https:\/\/nordicmart.andreevmaster.com\/fi\/wp-json\/wp\/v2\/media?parent=31631"}],"wp:term":[{"taxonomy":"product_brand","embeddable":true,"href":"https:\/\/nordicmart.andreevmaster.com\/fi\/wp-json\/wp\/v2\/product_brand?post=31631"},{"taxonomy":"product_cat","embeddable":true,"href":"https:\/\/nordicmart.andreevmaster.com\/fi\/wp-json\/wp\/v2\/product_cat?post=31631"},{"taxonomy":"product_tag","embeddable":true,"href":"https:\/\/nordicmart.andreevmaster.com\/fi\/wp-json\/wp\/v2\/product_tag?post=31631"}],"curies":[{"name":"wp","href":"https:\/\/api.w.org\/{rel}","templated":true}]}}