{"id":31626,"date":"2026-02-27T00:14:14","date_gmt":"2026-02-27T00:14:14","guid":{"rendered":"https:\/\/nordicmart.andreevmaster.com\/product\/songmics-korurasia-4-tasoa-kahvalla-ja-peililla\/"},"modified":"2026-02-27T09:36:47","modified_gmt":"2026-02-27T09:36:47","slug":"songmics-korurasia-4-tasoa-kahvalla-ja-peililla","status":"publish","type":"product","link":"https:\/\/nordicmart.andreevmaster.com\/fi\/tuote\/songmics-korurasia-4-tasoa-kahvalla-ja-peililla\/","title":{"rendered":"SONGMICS korurasia 4 tasoa kahvalla ja peilill\u00e4"},"content":{"rendered":"<p>SONGMICS korurasia, korulaatikko, korukotelo, 4 tasoa, samettivuori, musta JBC159B01<br \/>\nV\u00e4ri: p\u00e4\u00e4llyste pilvinen valkoinen, sis\u00e4vuori kermanvalkoinen<br \/>\nMateriaali: MDF (keskitihe\u00e4 kuitulevy), PU-p\u00e4\u00e4llinen (polyuretaani), samettivuori<br \/>\nKoko: 17,5 x 22,5 x 16,5 cm (S x L x K)<br \/>\nPaino: 1,6 kg<\/p>\n","protected":false},"excerpt":{"rendered":"<p>SONGMICS korurasia, korulaatikko, korukotelo, 4 tasoa, samettivuori, musta JBC159B01<\/p>\n","protected":false},"featured_media":40720,"comment_status":"open","ping_status":"closed","template":"","meta":[],"product_brand":[],"product_cat":[32],"product_tag":[],"class_list":{"0":"post-31626","1":"product","2":"type-product","3":"status-publish","4":"has-post-thumbnail","6":"product_cat-uncategorized-fi","8":"first","9":"instock","10":"shipping-taxable","11":"purchasable","12":"product-type-simple"},"_links":{"self":[{"href":"https:\/\/nordicmart.andreevmaster.com\/fi\/wp-json\/wp\/v2\/product\/31626","targetHints":{"allow":["GET"]}}],"collection":[{"href":"https:\/\/nordicmart.andreevmaster.com\/fi\/wp-json\/wp\/v2\/product"}],"about":[{"href":"https:\/\/nordicmart.andreevmaster.com\/fi\/wp-json\/wp\/v2\/types\/product"}],"replies":[{"embeddable":true,"href":"https:\/\/nordicmart.andreevmaster.com\/fi\/wp-json\/wp\/v2\/comments?post=31626"}],"wp:featuredmedia":[{"embeddable":true,"href":"https:\/\/nordicmart.andreevmaster.com\/fi\/wp-json\/wp\/v2\/media\/40720"}],"wp:attachment":[{"href":"https:\/\/nordicmart.andreevmaster.com\/fi\/wp-json\/wp\/v2\/media?parent=31626"}],"wp:term":[{"taxonomy":"product_brand","embeddable":true,"href":"https:\/\/nordicmart.andreevmaster.com\/fi\/wp-json\/wp\/v2\/product_brand?post=31626"},{"taxonomy":"product_cat","embeddable":true,"href":"https:\/\/nordicmart.andreevmaster.com\/fi\/wp-json\/wp\/v2\/product_cat?post=31626"},{"taxonomy":"product_tag","embeddable":true,"href":"https:\/\/nordicmart.andreevmaster.com\/fi\/wp-json\/wp\/v2\/product_tag?post=31626"}],"curies":[{"name":"wp","href":"https:\/\/api.w.org\/{rel}","templated":true}]}}