{"id":31625,"date":"2026-02-27T00:14:14","date_gmt":"2026-02-27T00:14:14","guid":{"rendered":"https:\/\/nordicmart.andreevmaster.com\/product\/songmics-korulaatikko-4-tasoa-valkoinen\/"},"modified":"2026-02-27T09:36:46","modified_gmt":"2026-02-27T09:36:46","slug":"songmics-korulaatikko-4-tasoa-valkoinen","status":"publish","type":"product","link":"https:\/\/nordicmart.andreevmaster.com\/fi\/tuote\/songmics-korulaatikko-4-tasoa-valkoinen\/","title":{"rendered":"SONGMICS korulaatikko, 4 tasoa, valkoinen"},"content":{"rendered":"<p>Alkuper\u00e4inen \u2013 onnistunut lahja! Huh&#8230; Aiotko menn\u00e4 tyhjin k\u00e4sin yst\u00e4viesi syntym\u00e4p\u00e4iv\u00e4juhliin, koska sinulla ei ole hyv\u00e4\u00e4 lahjaideaa? Ei, ei, ei! Valitse sen sijaan t\u00e4m\u00e4 hy\u00f6dyllinen, k\u00e4yt\u00e4nn\u00f6llinen ja omaper\u00e4inen korurasia ja anna lahja yhdess\u00e4 parhaiden toivotusten kanssa! Esittelemme sinulle kaikki t\u00e4m\u00e4n korurasian kohokohdat:Koko sopii koko korukokoelmallesi. 3 laatikkoa rannekoruille ja kaulakoruille, 1 laatikko irrotettavilla v\u00e4liseinill\u00e4. 10 lokeroa korvakoruille, rintakoruille ja riipuksille, irrotettavilla v\u00e4liseinill\u00e4, joissa on rei\u00e4t 20 nappikorvakoruille. 9 lokeroa sormuksille. 8 koukkua kaulakoruille. 2 taskua riipuksille.2 avainta laatikon lukitsemiseen. Tuotetiedot: V\u00e4ri: valkoinen Materiaali: MDF (keskitihe\u00e4 kuitulevy), samettivuori Koko: 22,5 x 17,5 x 16,5 cm (P x L x K) Paino: 1,6 kg Toimitus sis\u00e4lt\u00e4\u00e4: 1 x korulaatikko 2 x avain<\/p>\n","protected":false},"excerpt":{"rendered":"<p>SONGMICS korurasia, korulaatikko, korukotelo, 4 tasoa, samettivuori, musta JBC159B01<\/p>\n","protected":false},"featured_media":40719,"comment_status":"open","ping_status":"closed","template":"","meta":[],"product_brand":[],"product_cat":[32],"product_tag":[],"class_list":{"0":"post-31625","1":"product","2":"type-product","3":"status-publish","4":"has-post-thumbnail","6":"product_cat-uncategorized-fi","8":"first","9":"instock","10":"shipping-taxable","11":"purchasable","12":"product-type-simple"},"_links":{"self":[{"href":"https:\/\/nordicmart.andreevmaster.com\/fi\/wp-json\/wp\/v2\/product\/31625","targetHints":{"allow":["GET"]}}],"collection":[{"href":"https:\/\/nordicmart.andreevmaster.com\/fi\/wp-json\/wp\/v2\/product"}],"about":[{"href":"https:\/\/nordicmart.andreevmaster.com\/fi\/wp-json\/wp\/v2\/types\/product"}],"replies":[{"embeddable":true,"href":"https:\/\/nordicmart.andreevmaster.com\/fi\/wp-json\/wp\/v2\/comments?post=31625"}],"wp:featuredmedia":[{"embeddable":true,"href":"https:\/\/nordicmart.andreevmaster.com\/fi\/wp-json\/wp\/v2\/media\/40719"}],"wp:attachment":[{"href":"https:\/\/nordicmart.andreevmaster.com\/fi\/wp-json\/wp\/v2\/media?parent=31625"}],"wp:term":[{"taxonomy":"product_brand","embeddable":true,"href":"https:\/\/nordicmart.andreevmaster.com\/fi\/wp-json\/wp\/v2\/product_brand?post=31625"},{"taxonomy":"product_cat","embeddable":true,"href":"https:\/\/nordicmart.andreevmaster.com\/fi\/wp-json\/wp\/v2\/product_cat?post=31625"},{"taxonomy":"product_tag","embeddable":true,"href":"https:\/\/nordicmart.andreevmaster.com\/fi\/wp-json\/wp\/v2\/product_tag?post=31625"}],"curies":[{"name":"wp","href":"https:\/\/api.w.org\/{rel}","templated":true}]}}