{"id":31620,"date":"2026-02-27T00:14:12","date_gmt":"2026-02-27T00:14:12","guid":{"rendered":"https:\/\/nordicmart.andreevmaster.com\/product\/songmics-3-tasoinen-korurasia\/"},"modified":"2026-02-27T09:36:46","modified_gmt":"2026-02-27T09:36:46","slug":"songmics-3-tasoinen-korurasia","status":"publish","type":"product","link":"https:\/\/nordicmart.andreevmaster.com\/fi\/tuote\/songmics-3-tasoinen-korurasia\/","title":{"rendered":"SONGMICS 3-tasoinen korurasia"},"content":{"rendered":"<p>Hyvi\u00e4 uutisia korujen yst\u00e4ville Ihailetko kaupan kimaltelevia koruja, mutta et voi vied\u00e4 niit\u00e4 kotiin, koska sinulla ei ole tilaa uusille koruille? Toinen korvakorusi on meikkip\u00f6yd\u00e4ll\u00e4si ja toinen on kadonnut selitt\u00e4m\u00e4tt\u00f6mist\u00e4 syist\u00e4? T\u00e4m\u00e4 3-tasoinen korurasia tulee apuusi. SONGMICS tiet\u00e4\u00e4, kuinka t\u00e4rke\u00e4\u00e4 on s\u00e4ilytt\u00e4\u00e4 korukokoelmasi siististi. T\u00e4m\u00e4n korulaatikon kohokohdat: &#8211; Samettip\u00e4\u00e4llinen ja -vuori; pehme\u00e4 ja kest\u00e4v\u00e4 &#8211; Tukeva puumateriaalirakenne &#8211; L\u00e4pin\u00e4kyv\u00e4 lasikansi &#8211; Siististi viimeistellyt saumat; sinkkiseoksesta valmistetut kahvat &#8211; Musta v\u00e4ri &#8211; 2 laatikkoa, 8 rullatelineit\u00e4 sormuksille, 12 neli\u00f6nmuotoista lokeroa ja 4 kapeaa lokeroa Tuotetiedot:- V\u00e4ri: musta &#8211; Materiaali: MDF (keskitihe\u00e4 kuitulevy), sametti &#8211; Koko: 23,2 x 20,5 x 14 cm (P x L x K) &#8211; Paino: 1,3 kg Toimitus sis\u00e4lt\u00e4\u00e4: &#8211; 1 x korurasia &#8211; 1 x avain SONGMICS-huomautukset: &#8211; Avain on eritt\u00e4in pieni. S\u00e4ilyt\u00e4 se siksi lasten ulottumattomissa turvallisessa paikassa, jotta v\u00e4lt\u00e4t terveysriskit, jotka voivat aiheutua avaimen hengitt\u00e4misest\u00e4 tai nielemisest\u00e4.<\/p>\n","protected":false},"excerpt":{"rendered":"<p>SONGMICS korulaatikko, korulaatikko 3 tasolla, korupakkaus, sametti, lasikansi, useita lokeroita kaulakoruille, rannekoruille, sormuksille, lukolla ja avaimella, musta JBC158B01<\/p>\n","protected":false},"featured_media":40714,"comment_status":"open","ping_status":"closed","template":"","meta":[],"product_brand":[],"product_cat":[32],"product_tag":[],"class_list":{"0":"post-31620","1":"product","2":"type-product","3":"status-publish","4":"has-post-thumbnail","6":"product_cat-uncategorized-fi","8":"first","9":"instock","10":"shipping-taxable","11":"purchasable","12":"product-type-simple"},"_links":{"self":[{"href":"https:\/\/nordicmart.andreevmaster.com\/fi\/wp-json\/wp\/v2\/product\/31620","targetHints":{"allow":["GET"]}}],"collection":[{"href":"https:\/\/nordicmart.andreevmaster.com\/fi\/wp-json\/wp\/v2\/product"}],"about":[{"href":"https:\/\/nordicmart.andreevmaster.com\/fi\/wp-json\/wp\/v2\/types\/product"}],"replies":[{"embeddable":true,"href":"https:\/\/nordicmart.andreevmaster.com\/fi\/wp-json\/wp\/v2\/comments?post=31620"}],"wp:featuredmedia":[{"embeddable":true,"href":"https:\/\/nordicmart.andreevmaster.com\/fi\/wp-json\/wp\/v2\/media\/40714"}],"wp:attachment":[{"href":"https:\/\/nordicmart.andreevmaster.com\/fi\/wp-json\/wp\/v2\/media?parent=31620"}],"wp:term":[{"taxonomy":"product_brand","embeddable":true,"href":"https:\/\/nordicmart.andreevmaster.com\/fi\/wp-json\/wp\/v2\/product_brand?post=31620"},{"taxonomy":"product_cat","embeddable":true,"href":"https:\/\/nordicmart.andreevmaster.com\/fi\/wp-json\/wp\/v2\/product_cat?post=31620"},{"taxonomy":"product_tag","embeddable":true,"href":"https:\/\/nordicmart.andreevmaster.com\/fi\/wp-json\/wp\/v2\/product_tag?post=31620"}],"curies":[{"name":"wp","href":"https:\/\/api.w.org\/{rel}","templated":true}]}}