{"id":31619,"date":"2026-02-27T00:14:12","date_gmt":"2026-02-27T00:14:12","guid":{"rendered":"https:\/\/nordicmart.andreevmaster.com\/product\/songmics-korurasia-lasikannella-ja-samettipaallysteella-vaaleansininen\/"},"modified":"2026-02-27T09:36:45","modified_gmt":"2026-02-27T09:36:45","slug":"songmics-korurasia-lasikannella-ja-samettipaallysteella-vaaleansininen","status":"publish","type":"product","link":"https:\/\/nordicmart.andreevmaster.com\/fi\/tuote\/songmics-korurasia-lasikannella-ja-samettipaallysteella-vaaleansininen\/","title":{"rendered":"SONGMICS korurasia lasikannella ja samettip\u00e4\u00e4llysteell\u00e4, vaaleansininen"},"content":{"rendered":"<p>N\u00e4yt\u00e4 aina hyv\u00e4lt\u00e4 Suututko joka kerta, kun et l\u00f6yd\u00e4 korvakoruja? On aika muuttaa tilanne! T\u00e4m\u00e4n klassisen SONGMICS-korurasian avulla voit j\u00e4rjest\u00e4\u00e4 kaulakorut ja korvakorut niin, ett\u00e4 l\u00f6yd\u00e4t ne hetkess\u00e4. T\u00e4st\u00e4 l\u00e4htien voit viimeistell\u00e4 asusi joka p\u00e4iv\u00e4 ajallaan. Tuotetiedot: &#8211; V\u00e4ri: vaaleansininen &#8211; Materiaali: MDF (keskitihe\u00e4 kuitulevy), sametti, lasi &#8211; Kokonaiskoko: 35 x 24 x 5 cm (P x L x K) &#8211; Paino: 0,9 kg Toimitussis\u00e4lt\u00f6: &#8211; 1 x korurasia SONGMICS Huomautukset: &#8211; \u00c4l\u00e4 altista tuotetta suoralle auringonvalolle tai pid\u00e4 sit\u00e4 pitk\u00e4\u00e4n kosteassa ymp\u00e4rist\u00f6ss\u00e4.<\/p>\n","protected":false},"excerpt":{"rendered":"<p>SONGMICS korulaatikko, korulaatikko lasikannella, 24 lokeroa, sormuksille, korvakoruille, kaulakoruille ja kelloille, korujen s\u00e4ilytys, lahja rakkaimmillesi, harmaa JBC157G01<\/p>\n","protected":false},"featured_media":40713,"comment_status":"open","ping_status":"closed","template":"","meta":[],"product_brand":[],"product_cat":[32],"product_tag":[],"class_list":{"0":"post-31619","1":"product","2":"type-product","3":"status-publish","4":"has-post-thumbnail","6":"product_cat-uncategorized-fi","8":"first","9":"instock","10":"shipping-taxable","11":"purchasable","12":"product-type-simple"},"_links":{"self":[{"href":"https:\/\/nordicmart.andreevmaster.com\/fi\/wp-json\/wp\/v2\/product\/31619","targetHints":{"allow":["GET"]}}],"collection":[{"href":"https:\/\/nordicmart.andreevmaster.com\/fi\/wp-json\/wp\/v2\/product"}],"about":[{"href":"https:\/\/nordicmart.andreevmaster.com\/fi\/wp-json\/wp\/v2\/types\/product"}],"replies":[{"embeddable":true,"href":"https:\/\/nordicmart.andreevmaster.com\/fi\/wp-json\/wp\/v2\/comments?post=31619"}],"wp:featuredmedia":[{"embeddable":true,"href":"https:\/\/nordicmart.andreevmaster.com\/fi\/wp-json\/wp\/v2\/media\/40713"}],"wp:attachment":[{"href":"https:\/\/nordicmart.andreevmaster.com\/fi\/wp-json\/wp\/v2\/media?parent=31619"}],"wp:term":[{"taxonomy":"product_brand","embeddable":true,"href":"https:\/\/nordicmart.andreevmaster.com\/fi\/wp-json\/wp\/v2\/product_brand?post=31619"},{"taxonomy":"product_cat","embeddable":true,"href":"https:\/\/nordicmart.andreevmaster.com\/fi\/wp-json\/wp\/v2\/product_cat?post=31619"},{"taxonomy":"product_tag","embeddable":true,"href":"https:\/\/nordicmart.andreevmaster.com\/fi\/wp-json\/wp\/v2\/product_tag?post=31619"}],"curies":[{"name":"wp","href":"https:\/\/api.w.org\/{rel}","templated":true}]}}