{"id":31616,"date":"2026-02-27T00:14:12","date_gmt":"2026-02-27T00:14:12","guid":{"rendered":"https:\/\/nordicmart.andreevmaster.com\/product\/songmics-2-tasoinen-korurasia-vaaleansininen\/"},"modified":"2026-02-27T09:36:45","modified_gmt":"2026-02-27T09:36:45","slug":"songmics-2-tasoinen-korurasia-vaaleansininen","status":"publish","type":"product","link":"https:\/\/nordicmart.andreevmaster.com\/fi\/tuote\/songmics-2-tasoinen-korurasia-vaaleansininen\/","title":{"rendered":"SONGMICS 2-tasoinen korurasia, vaaleansininen"},"content":{"rendered":"<p>Anna korujesi loistaa Aarteesi ansaitsevat t\u00e4llaisen korurasian, joka suojaa niiden kauneutta. Siin\u00e4 on reiki\u00e4 korvakorujen ja telineit\u00e4 sormuksille. Muut asusteet tulisi s\u00e4ilytt\u00e4\u00e4 erill\u00e4\u00e4n lokeroissa, jotta ne eiv\u00e4t sotkeudu toisiinsa. Suojaa aarteesi t\u00e4ss\u00e4 rasia, jotta ne loistavat aina sinulle. Tuotetiedot: &#8211; V\u00e4ri: vaaleansininen &#8211; Materiaali: MDF (keskitihe\u00e4 kuitulevy), samettivuori &#8211; Koko: 27 x 18,5 x 10,5 cm (P x L x K) &#8211; Paino: 1,3 kg Toimitus sis\u00e4lt\u00e4\u00e4: &#8211; 1 x korurasia &#8211; 1 x avain SONGMICS Huomautukset:- \u00c4l\u00e4 altista tuotetta suoralle auringonvalolle tai s\u00e4ilyt\u00e4 sit\u00e4 pitk\u00e4\u00e4n kosteassa ymp\u00e4rist\u00f6ss\u00e4.<\/p>\n","protected":false},"excerpt":{"rendered":"<p>SONGMICS korulaatikko, korulaatikko 2 tasolla, yksi laatikko, avaimella, renkaille, korvakoruille, kaulakoruille ja kelloille, korujen s\u00e4ilytys, lahja rakkaimmillesi, musta JBC156B01<\/p>\n","protected":false},"featured_media":40710,"comment_status":"open","ping_status":"closed","template":"","meta":[],"product_brand":[],"product_cat":[32],"product_tag":[],"class_list":{"0":"post-31616","1":"product","2":"type-product","3":"status-publish","4":"has-post-thumbnail","6":"product_cat-uncategorized-fi","8":"first","9":"instock","10":"shipping-taxable","11":"purchasable","12":"product-type-simple"},"_links":{"self":[{"href":"https:\/\/nordicmart.andreevmaster.com\/fi\/wp-json\/wp\/v2\/product\/31616","targetHints":{"allow":["GET"]}}],"collection":[{"href":"https:\/\/nordicmart.andreevmaster.com\/fi\/wp-json\/wp\/v2\/product"}],"about":[{"href":"https:\/\/nordicmart.andreevmaster.com\/fi\/wp-json\/wp\/v2\/types\/product"}],"replies":[{"embeddable":true,"href":"https:\/\/nordicmart.andreevmaster.com\/fi\/wp-json\/wp\/v2\/comments?post=31616"}],"wp:featuredmedia":[{"embeddable":true,"href":"https:\/\/nordicmart.andreevmaster.com\/fi\/wp-json\/wp\/v2\/media\/40710"}],"wp:attachment":[{"href":"https:\/\/nordicmart.andreevmaster.com\/fi\/wp-json\/wp\/v2\/media?parent=31616"}],"wp:term":[{"taxonomy":"product_brand","embeddable":true,"href":"https:\/\/nordicmart.andreevmaster.com\/fi\/wp-json\/wp\/v2\/product_brand?post=31616"},{"taxonomy":"product_cat","embeddable":true,"href":"https:\/\/nordicmart.andreevmaster.com\/fi\/wp-json\/wp\/v2\/product_cat?post=31616"},{"taxonomy":"product_tag","embeddable":true,"href":"https:\/\/nordicmart.andreevmaster.com\/fi\/wp-json\/wp\/v2\/product_tag?post=31616"}],"curies":[{"name":"wp","href":"https:\/\/api.w.org\/{rel}","templated":true}]}}