{"id":31612,"date":"2026-02-27T00:14:11","date_gmt":"2026-02-27T00:14:11","guid":{"rendered":"https:\/\/nordicmart.andreevmaster.com\/product\/songmics-kannettava-korurasia-musta\/"},"modified":"2026-02-27T09:36:44","modified_gmt":"2026-02-27T09:36:44","slug":"songmics-kannettava-korurasia-musta","status":"publish","type":"product","link":"https:\/\/nordicmart.andreevmaster.com\/fi\/tuote\/songmics-kannettava-korurasia-musta\/","title":{"rendered":"SONGMICS Kannettava korurasia Musta"},"content":{"rendered":"<p>V\u00e4lit\u00f6n suosikki: Yksinkertaiset linjat, kompakti koko ja pehme\u00e4 keinonahkaverhoilu \u2013 kaikki t\u00e4m\u00e4 tekee t\u00e4st\u00e4 korurasia tyylikk\u00e4\u00e4st\u00e4 lis\u00e4yksest\u00e4 lipastollesi \u2013 ja t\u00e4ydellisest\u00e4 kodista kiilt\u00e4v\u00e4lle koruillesi. Matkalle? Juuri oikea: Olipa kyseess\u00e4 p\u00e4iv\u00e4n tapahtuma tai pidempi matka&#8230; T\u00e4m\u00e4n korurasian lukuisat s\u00e4ilytystilat mahdollistavat t\u00e4rkeimpien aarteidesi ottamisen mukaan matkalle \u2013 p\u00e4\u00e4t\u00e4 vain tilanteen mukaan, mitk\u00e4 korvakorut ja kaulakoru laitat yllesi! Viel\u00e4 parempaa: lukittavan rakenteen ja 2 avaimen ansiosta kaikki on turvassa, kun nautit matkastasi.Tuotetiedot: V\u00e4ri: musta Materiaali: MDF (keskitihe\u00e4 kuitulevy), PU (polyuretaani), sametti Koko: 17,5 x 13,5 x 12 cm (P x L x K) Paino: 0,9 kg Toimitus sis\u00e4lt\u00e4\u00e4: 1 x korurasia<\/p>\n","protected":false},"excerpt":{"rendered":"<p>SONGMICS korurasia, matkakorurasia, kannettava, lukittava korurasia, 2 laatikolla, peilill\u00e4, lukolla ja avaimella, lahjaidea, harmaa JBC154G01<\/p>\n","protected":false},"featured_media":40706,"comment_status":"open","ping_status":"closed","template":"","meta":[],"product_brand":[],"product_cat":[32],"product_tag":[],"class_list":{"0":"post-31612","1":"product","2":"type-product","3":"status-publish","4":"has-post-thumbnail","6":"product_cat-uncategorized-fi","8":"first","9":"instock","10":"shipping-taxable","11":"purchasable","12":"product-type-simple"},"_links":{"self":[{"href":"https:\/\/nordicmart.andreevmaster.com\/fi\/wp-json\/wp\/v2\/product\/31612","targetHints":{"allow":["GET"]}}],"collection":[{"href":"https:\/\/nordicmart.andreevmaster.com\/fi\/wp-json\/wp\/v2\/product"}],"about":[{"href":"https:\/\/nordicmart.andreevmaster.com\/fi\/wp-json\/wp\/v2\/types\/product"}],"replies":[{"embeddable":true,"href":"https:\/\/nordicmart.andreevmaster.com\/fi\/wp-json\/wp\/v2\/comments?post=31612"}],"wp:featuredmedia":[{"embeddable":true,"href":"https:\/\/nordicmart.andreevmaster.com\/fi\/wp-json\/wp\/v2\/media\/40706"}],"wp:attachment":[{"href":"https:\/\/nordicmart.andreevmaster.com\/fi\/wp-json\/wp\/v2\/media?parent=31612"}],"wp:term":[{"taxonomy":"product_brand","embeddable":true,"href":"https:\/\/nordicmart.andreevmaster.com\/fi\/wp-json\/wp\/v2\/product_brand?post=31612"},{"taxonomy":"product_cat","embeddable":true,"href":"https:\/\/nordicmart.andreevmaster.com\/fi\/wp-json\/wp\/v2\/product_cat?post=31612"},{"taxonomy":"product_tag","embeddable":true,"href":"https:\/\/nordicmart.andreevmaster.com\/fi\/wp-json\/wp\/v2\/product_tag?post=31612"}],"curies":[{"name":"wp","href":"https:\/\/api.w.org\/{rel}","templated":true}]}}