{"id":31609,"date":"2026-02-27T00:14:10","date_gmt":"2026-02-27T00:14:10","guid":{"rendered":"https:\/\/nordicmart.andreevmaster.com\/product\/songmics-6-tasoinen-korurasia\/"},"modified":"2026-02-27T09:36:43","modified_gmt":"2026-02-27T09:36:43","slug":"songmics-6-tasoinen-korurasia","status":"publish","type":"product","link":"https:\/\/nordicmart.andreevmaster.com\/fi\/tuote\/songmics-6-tasoinen-korurasia\/","title":{"rendered":"SONGMICS 6-tasoinen korurasia"},"content":{"rendered":"<p>L\u00f6yd\u00e4 jokaisen korun kauneus. Ovatko korusi hajallaan ymp\u00e4ri taloa, ja joitakin niist\u00e4 ei ole k\u00e4ytetty pitk\u00e4\u00e4n aikaan, koska olet unohtanut, miss\u00e4 ne ovat? Sitten sinun kannattaa kokeilla t\u00e4t\u00e4 korujen s\u00e4ilytyslaatikkoa! Lukuisat lokerot mahdollistavat korujesi selke\u00e4n ja k\u00e4tev\u00e4n s\u00e4ilytyksen. Valitse sopivat korut helposti t\u00e4st\u00e4 laatikosta ja ihaile itse\u00e4si kannen suuressa peiliss\u00e4! Yksinkertaisuus on trendik\u00e4st\u00e4 Musta pinta, kiilt\u00e4v\u00e4t metalliosat, yksinkertainen ulkon\u00e4k\u00f6 \u2013 t\u00e4m\u00e4 korulaatikko tuo ajatonta charmia meikkip\u00f6yd\u00e4llesi tai korukauppaasi. T\u00e4m\u00e4n laatikon avulla voit s\u00e4ilytt\u00e4\u00e4 kimaltelevat korusi siististi yhdess\u00e4 paikassa \u2013 mik\u00e4 silm\u00e4nilo! Lis\u00e4ksi t\u00e4m\u00e4 laatikko sopii t\u00e4ydellisesti lahjaksi yst\u00e4villesi ja rakkaillesi. Tuotetiedot: &#8211; V\u00e4ri: musta &#8211; Materiaali: MDF (keskitihe\u00e4 kuitulevy), PU-p\u00e4\u00e4llyste (polyuretaani), samettivuori &#8211; Kokonaismitat: 26 x 15,5 x 32 cm (P x L x K) &#8211; Paino: 3,2 kg Toimitus sis\u00e4lt\u00e4\u00e4: &#8211; 1 x korulaatikko<\/p>\n","protected":false},"excerpt":{"rendered":"<p>SONGMICS korulaatikko, iso korulaatikko 6 tasolla, korulaatikko sivulla olevilla luukkuilla, laatikoilla, peilill\u00e4 ja lukolla, renkaille, korvakoruille, kelloille, musta JBC152B01<\/p>\n","protected":false},"featured_media":40703,"comment_status":"open","ping_status":"closed","template":"","meta":[],"product_brand":[],"product_cat":[32],"product_tag":[],"class_list":{"0":"post-31609","1":"product","2":"type-product","3":"status-publish","4":"has-post-thumbnail","6":"product_cat-uncategorized-fi","8":"first","9":"instock","10":"shipping-taxable","11":"purchasable","12":"product-type-simple"},"_links":{"self":[{"href":"https:\/\/nordicmart.andreevmaster.com\/fi\/wp-json\/wp\/v2\/product\/31609","targetHints":{"allow":["GET"]}}],"collection":[{"href":"https:\/\/nordicmart.andreevmaster.com\/fi\/wp-json\/wp\/v2\/product"}],"about":[{"href":"https:\/\/nordicmart.andreevmaster.com\/fi\/wp-json\/wp\/v2\/types\/product"}],"replies":[{"embeddable":true,"href":"https:\/\/nordicmart.andreevmaster.com\/fi\/wp-json\/wp\/v2\/comments?post=31609"}],"wp:featuredmedia":[{"embeddable":true,"href":"https:\/\/nordicmart.andreevmaster.com\/fi\/wp-json\/wp\/v2\/media\/40703"}],"wp:attachment":[{"href":"https:\/\/nordicmart.andreevmaster.com\/fi\/wp-json\/wp\/v2\/media?parent=31609"}],"wp:term":[{"taxonomy":"product_brand","embeddable":true,"href":"https:\/\/nordicmart.andreevmaster.com\/fi\/wp-json\/wp\/v2\/product_brand?post=31609"},{"taxonomy":"product_cat","embeddable":true,"href":"https:\/\/nordicmart.andreevmaster.com\/fi\/wp-json\/wp\/v2\/product_cat?post=31609"},{"taxonomy":"product_tag","embeddable":true,"href":"https:\/\/nordicmart.andreevmaster.com\/fi\/wp-json\/wp\/v2\/product_tag?post=31609"}],"curies":[{"name":"wp","href":"https:\/\/api.w.org\/{rel}","templated":true}]}}