{"id":31608,"date":"2026-02-27T00:14:10","date_gmt":"2026-02-27T00:14:10","guid":{"rendered":"https:\/\/nordicmart.andreevmaster.com\/product\/songmics-pieni-korurasia-kultainen\/"},"modified":"2026-02-27T09:36:43","modified_gmt":"2026-02-27T09:36:43","slug":"songmics-pieni-korurasia-kultainen","status":"publish","type":"product","link":"https:\/\/nordicmart.andreevmaster.com\/fi\/tuote\/songmics-pieni-korurasia-kultainen\/","title":{"rendered":"SONGMICS Pieni korurasia, kultainen"},"content":{"rendered":"<p>T\u00e4m\u00e4 SONGMICS:n helposti kannettava korurasia, jossa on erityist\u00e4 charmia ja erinomainen toiminnallisuus, on paras valinta pienten korujesi pit\u00e4miseen j\u00e4rjestyksess\u00e4 matkoillasi tai p\u00f6yd\u00e4ll\u00e4si. Korurasia lomille tai viikonloppumatkoille! Klikkaa nyt &#8221;Lis\u00e4\u00e4 ostoskoriin&#8221; ja hanki t\u00e4m\u00e4 upea korurasia heti! Tuotetiedot: V\u00e4ri: kulta Materiaali: PU, pahvi, sametti Nettopaino: 0,2 kg Toimitus sis\u00e4lt\u00e4\u00e4: 1 x korurasia<\/p>\n","protected":false},"excerpt":{"rendered":"<p>SONGMICS Pieni korurasia matkoille, korurasia sormuksille, korvakoruille ja kaulakoruille, musta JBC147BK<\/p>\n","protected":false},"featured_media":40702,"comment_status":"open","ping_status":"closed","template":"","meta":[],"product_brand":[],"product_cat":[32],"product_tag":[],"class_list":{"0":"post-31608","1":"product","2":"type-product","3":"status-publish","4":"has-post-thumbnail","6":"product_cat-uncategorized-fi","8":"first","9":"instock","10":"shipping-taxable","11":"purchasable","12":"product-type-simple"},"_links":{"self":[{"href":"https:\/\/nordicmart.andreevmaster.com\/fi\/wp-json\/wp\/v2\/product\/31608","targetHints":{"allow":["GET"]}}],"collection":[{"href":"https:\/\/nordicmart.andreevmaster.com\/fi\/wp-json\/wp\/v2\/product"}],"about":[{"href":"https:\/\/nordicmart.andreevmaster.com\/fi\/wp-json\/wp\/v2\/types\/product"}],"replies":[{"embeddable":true,"href":"https:\/\/nordicmart.andreevmaster.com\/fi\/wp-json\/wp\/v2\/comments?post=31608"}],"wp:featuredmedia":[{"embeddable":true,"href":"https:\/\/nordicmart.andreevmaster.com\/fi\/wp-json\/wp\/v2\/media\/40702"}],"wp:attachment":[{"href":"https:\/\/nordicmart.andreevmaster.com\/fi\/wp-json\/wp\/v2\/media?parent=31608"}],"wp:term":[{"taxonomy":"product_brand","embeddable":true,"href":"https:\/\/nordicmart.andreevmaster.com\/fi\/wp-json\/wp\/v2\/product_brand?post=31608"},{"taxonomy":"product_cat","embeddable":true,"href":"https:\/\/nordicmart.andreevmaster.com\/fi\/wp-json\/wp\/v2\/product_cat?post=31608"},{"taxonomy":"product_tag","embeddable":true,"href":"https:\/\/nordicmart.andreevmaster.com\/fi\/wp-json\/wp\/v2\/product_tag?post=31608"}],"curies":[{"name":"wp","href":"https:\/\/api.w.org\/{rel}","templated":true}]}}