{"id":31607,"date":"2026-02-27T00:14:10","date_gmt":"2026-02-27T00:14:10","guid":{"rendered":"https:\/\/nordicmart.andreevmaster.com\/product\/pieni-korurasia-musta\/"},"modified":"2026-02-27T09:36:43","modified_gmt":"2026-02-27T09:36:43","slug":"pieni-korurasia-musta","status":"publish","type":"product","link":"https:\/\/nordicmart.andreevmaster.com\/fi\/tuote\/pieni-korurasia-musta\/","title":{"rendered":"Pieni korurasia, musta"},"content":{"rendered":"<p>T\u00e4m\u00e4 helposti kuljetettava korurasia SONGMICS:lt\u00e4, jossa on erityist\u00e4 charmia ja erinomaista toiminnallisuutta, on paras valinta pienten korujen s\u00e4ilytt\u00e4miseen matkoilla tai p\u00f6yd\u00e4ll\u00e4. Korurasia lomalle tai viikonloppureissulle! Klikkaa &#8221;Lis\u00e4\u00e4 koriin&#8221; nyt ja hanki t\u00e4m\u00e4 upea korurasia heti! Tuotetiedot: V\u00e4ri: musta Materiaali: PU, pahvi, sametti Nettopaino: 0,2 kg Bruttopaino: 0,27 kg Toimitus sis\u00e4lt\u00e4\u00e4: 1 x korurasia<\/p>\n","protected":false},"excerpt":{"rendered":"<p>T\u00e4m\u00e4 helposti kuljetettava korurasia SONGMICS:lt\u00e4, jossa on erityist\u00e4 charmia ja erinomaista toiminnallisuutta, on paras valinta pienten korujen s\u00e4ilytt\u00e4miseen matkoilla tai p\u00f6yd\u00e4ll\u00e4. Korurasia lomalle tai viikonloppureissulle! Klikkaa &#8221;Lis\u00e4\u00e4 koriin&#8221; nyt ja hanki t\u00e4m\u00e4 upea korurasia heti! Tuotetiedot: V\u00e4ri: musta Materiaali: PU, pahvi, sametti Nettopaino: 0,2 kg Bruttopaino: 0,27 kg Toimitus sis\u00e4lt\u00e4\u00e4: 1 x korurasia<\/p>\n","protected":false},"featured_media":0,"comment_status":"open","ping_status":"closed","template":"","meta":[],"product_brand":[],"product_cat":[32],"product_tag":[],"class_list":{"0":"post-31607","1":"product","2":"type-product","3":"status-publish","5":"product_cat-uncategorized-fi","7":"first","8":"instock","9":"shipping-taxable","10":"product-type-simple"},"_links":{"self":[{"href":"https:\/\/nordicmart.andreevmaster.com\/fi\/wp-json\/wp\/v2\/product\/31607","targetHints":{"allow":["GET"]}}],"collection":[{"href":"https:\/\/nordicmart.andreevmaster.com\/fi\/wp-json\/wp\/v2\/product"}],"about":[{"href":"https:\/\/nordicmart.andreevmaster.com\/fi\/wp-json\/wp\/v2\/types\/product"}],"replies":[{"embeddable":true,"href":"https:\/\/nordicmart.andreevmaster.com\/fi\/wp-json\/wp\/v2\/comments?post=31607"}],"wp:attachment":[{"href":"https:\/\/nordicmart.andreevmaster.com\/fi\/wp-json\/wp\/v2\/media?parent=31607"}],"wp:term":[{"taxonomy":"product_brand","embeddable":true,"href":"https:\/\/nordicmart.andreevmaster.com\/fi\/wp-json\/wp\/v2\/product_brand?post=31607"},{"taxonomy":"product_cat","embeddable":true,"href":"https:\/\/nordicmart.andreevmaster.com\/fi\/wp-json\/wp\/v2\/product_cat?post=31607"},{"taxonomy":"product_tag","embeddable":true,"href":"https:\/\/nordicmart.andreevmaster.com\/fi\/wp-json\/wp\/v2\/product_tag?post=31607"}],"curies":[{"name":"wp","href":"https:\/\/api.w.org\/{rel}","templated":true}]}}