{"id":31606,"date":"2026-02-27T00:14:09","date_gmt":"2026-02-27T00:14:09","guid":{"rendered":"https:\/\/nordicmart.andreevmaster.com\/product\/songmics-korurasia-peili-pu-paallyste-lahjaidea-musta\/"},"modified":"2026-02-27T09:36:43","modified_gmt":"2026-02-27T09:36:43","slug":"songmics-korurasia-peili-pu-paallyste-lahjaidea-musta","status":"publish","type":"product","link":"https:\/\/nordicmart.andreevmaster.com\/fi\/tuote\/songmics-korurasia-peili-pu-paallyste-lahjaidea-musta\/","title":{"rendered":"SONGMICS korurasia peili PU-p\u00e4\u00e4llyste lahjaidea musta"},"content":{"rendered":"<p>SONGMICS korurasia matkoille, pieni korurasia sormuksille, korvakoruille, sis\u00e4ll\u00e4 peili, kermanv\u00e4rinen JBC146BE<br \/>\n&#8211; V\u00e4ri: muste<br \/>\n&#8211; Materiaali: MDF (keskitihe\u00e4 kuitulevy), PU (polyuretaani), sametti<br \/>\n&#8211; Koko: 11,4 x 11,4 x 5,5 cm (S x L x K)<br \/>\n&#8211; Paino: 0,3 kg<\/p>\n","protected":false},"excerpt":{"rendered":"<p>SONGMICS korurasia matkoille, pieni korurasia sormuksille, korvakoruille, sis\u00e4ll\u00e4 peili, kermanv\u00e4rinen JBC146BE<\/p>\n","protected":false},"featured_media":40701,"comment_status":"open","ping_status":"closed","template":"","meta":[],"product_brand":[],"product_cat":[32],"product_tag":[],"class_list":{"0":"post-31606","1":"product","2":"type-product","3":"status-publish","4":"has-post-thumbnail","6":"product_cat-uncategorized-fi","8":"first","9":"instock","10":"shipping-taxable","11":"purchasable","12":"product-type-simple"},"_links":{"self":[{"href":"https:\/\/nordicmart.andreevmaster.com\/fi\/wp-json\/wp\/v2\/product\/31606","targetHints":{"allow":["GET"]}}],"collection":[{"href":"https:\/\/nordicmart.andreevmaster.com\/fi\/wp-json\/wp\/v2\/product"}],"about":[{"href":"https:\/\/nordicmart.andreevmaster.com\/fi\/wp-json\/wp\/v2\/types\/product"}],"replies":[{"embeddable":true,"href":"https:\/\/nordicmart.andreevmaster.com\/fi\/wp-json\/wp\/v2\/comments?post=31606"}],"wp:featuredmedia":[{"embeddable":true,"href":"https:\/\/nordicmart.andreevmaster.com\/fi\/wp-json\/wp\/v2\/media\/40701"}],"wp:attachment":[{"href":"https:\/\/nordicmart.andreevmaster.com\/fi\/wp-json\/wp\/v2\/media?parent=31606"}],"wp:term":[{"taxonomy":"product_brand","embeddable":true,"href":"https:\/\/nordicmart.andreevmaster.com\/fi\/wp-json\/wp\/v2\/product_brand?post=31606"},{"taxonomy":"product_cat","embeddable":true,"href":"https:\/\/nordicmart.andreevmaster.com\/fi\/wp-json\/wp\/v2\/product_cat?post=31606"},{"taxonomy":"product_tag","embeddable":true,"href":"https:\/\/nordicmart.andreevmaster.com\/fi\/wp-json\/wp\/v2\/product_tag?post=31606"}],"curies":[{"name":"wp","href":"https:\/\/api.w.org\/{rel}","templated":true}]}}