{"id":31605,"date":"2026-02-27T00:14:09","date_gmt":"2026-02-27T00:14:09","guid":{"rendered":"https:\/\/nordicmart.andreevmaster.com\/product\/songmics-korurasia-matkoille\/"},"modified":"2026-02-27T09:36:43","modified_gmt":"2026-02-27T09:36:43","slug":"songmics-korurasia-matkoille","status":"publish","type":"product","link":"https:\/\/nordicmart.andreevmaster.com\/fi\/tuote\/songmics-korurasia-matkoille\/","title":{"rendered":"SONGMICS korurasia matkoille"},"content":{"rendered":"<p>Jos olet jo pitk\u00e4\u00e4n odottanut mukavaa lomaa, ei ole mit\u00e4\u00e4n turhauttavampaa kuin selvitt\u00e4\u00e4 ketjuja tai solmuuntuneita korvakoruja ja sormuksia m\u00e4\u00e4r\u00e4np\u00e4\u00e4ss\u00e4. SONGMICS-korurasia auttaa t\u00e4ss\u00e4! Tyylik\u00e4s ja eritt\u00e4in toimiva korujen s\u00e4ilytyslaatikko on suunniteltu niin, ett\u00e4 korujen yst\u00e4v\u00e4 saa kaiken tarvitsemansa t\u00e4st\u00e4 kompaktista ja kevyest\u00e4 laatikosta.Tyylikk\u00e4\u00e4n ulkon\u00e4\u00f6n ja toimivan sisustuksen ansiosta korulaatikko pit\u00e4\u00e4 kaikki lomakorusi siistin\u00e4 ja tyylikk\u00e4\u00e4n\u00e4. Etsitp\u00e4 sitten idioottivarmaa pakkausta matkoille tai haluatpa vain j\u00e4rjest\u00e4\u00e4 korusi meikkip\u00f6yd\u00e4ll\u00e4si, t\u00e4m\u00e4 pieni korulaatikko hoitaa homman! Tuotetiedot:V\u00e4ri: musta Materiaali: PU, pahvi, lasi, sametti Mitat: 11 x 11 x 6 cm (P x L x K) Nettopaino: 0,2 kg Toimitus sis\u00e4lt\u00e4\u00e4: 1 x korurasia<\/p>\n","protected":false},"excerpt":{"rendered":"<p>SONGMICS korurasia matkoille, pieni korurasia sormuksille, korvakoruille, sis\u00e4ll\u00e4 peili, kermanv\u00e4rinen JBC146BE<\/p>\n","protected":false},"featured_media":40700,"comment_status":"open","ping_status":"closed","template":"","meta":[],"product_brand":[],"product_cat":[32],"product_tag":[],"class_list":{"0":"post-31605","1":"product","2":"type-product","3":"status-publish","4":"has-post-thumbnail","6":"product_cat-uncategorized-fi","8":"first","9":"instock","10":"shipping-taxable","11":"purchasable","12":"product-type-simple"},"_links":{"self":[{"href":"https:\/\/nordicmart.andreevmaster.com\/fi\/wp-json\/wp\/v2\/product\/31605","targetHints":{"allow":["GET"]}}],"collection":[{"href":"https:\/\/nordicmart.andreevmaster.com\/fi\/wp-json\/wp\/v2\/product"}],"about":[{"href":"https:\/\/nordicmart.andreevmaster.com\/fi\/wp-json\/wp\/v2\/types\/product"}],"replies":[{"embeddable":true,"href":"https:\/\/nordicmart.andreevmaster.com\/fi\/wp-json\/wp\/v2\/comments?post=31605"}],"wp:featuredmedia":[{"embeddable":true,"href":"https:\/\/nordicmart.andreevmaster.com\/fi\/wp-json\/wp\/v2\/media\/40700"}],"wp:attachment":[{"href":"https:\/\/nordicmart.andreevmaster.com\/fi\/wp-json\/wp\/v2\/media?parent=31605"}],"wp:term":[{"taxonomy":"product_brand","embeddable":true,"href":"https:\/\/nordicmart.andreevmaster.com\/fi\/wp-json\/wp\/v2\/product_brand?post=31605"},{"taxonomy":"product_cat","embeddable":true,"href":"https:\/\/nordicmart.andreevmaster.com\/fi\/wp-json\/wp\/v2\/product_cat?post=31605"},{"taxonomy":"product_tag","embeddable":true,"href":"https:\/\/nordicmart.andreevmaster.com\/fi\/wp-json\/wp\/v2\/product_tag?post=31605"}],"curies":[{"name":"wp","href":"https:\/\/api.w.org\/{rel}","templated":true}]}}