{"id":31603,"date":"2026-02-27T00:14:09","date_gmt":"2026-02-27T00:14:09","guid":{"rendered":"https:\/\/nordicmart.andreevmaster.com\/product\/songmics-pieni-korurasia-kermanvarinen\/"},"modified":"2026-02-27T09:36:42","modified_gmt":"2026-02-27T09:36:42","slug":"songmics-pieni-korurasia-kermanvarinen","status":"publish","type":"product","link":"https:\/\/nordicmart.andreevmaster.com\/fi\/tuote\/songmics-pieni-korurasia-kermanvarinen\/","title":{"rendered":"SONGMICS Pieni korurasia, kermanv\u00e4rinen"},"content":{"rendered":"<p>Jos olet jo pitk\u00e4\u00e4n odottanut mukavaa lomaa, ei ole mit\u00e4\u00e4n turhauttavampaa kuin selvitt\u00e4\u00e4 ketjut toisistaan tai korvakoruja ja sormuksia, jotka ovat takertuneet toisiinsa. SONGMICS-korurasia auttaa t\u00e4ss\u00e4! Tyylik\u00e4s ja eritt\u00e4in toimiva korujen s\u00e4ilytyslaatikko on suunniteltu niin, ett\u00e4 korujen yst\u00e4v\u00e4 saa kaiken tarvitsemansa t\u00e4st\u00e4 kompaktista ja kevyest\u00e4 laatikosta. Tyylikk\u00e4\u00e4n ulkon\u00e4\u00f6n ja toimivan sisustuksen ansiosta korulaatikko pit\u00e4\u00e4 kaikki lomakorusi siistin\u00e4 ja tyylikk\u00e4\u00e4n\u00e4. Etsitp\u00e4 sitten idioottivarmaa pakkausta matkoille tai haluatpa vain j\u00e4rjest\u00e4\u00e4 korut meikkip\u00f6yd\u00e4ll\u00e4si, t\u00e4m\u00e4 pieni korurasia hoitaa homman! Tuotetiedot: &#8211; V\u00e4ri: kermanv\u00e4rinen &#8211; Materiaali: PU, pahvi, lasi, sametti &#8211; Mitat: 11 x 6 x 11 cm (L x K x S) &#8211; Nettopaino: 0,23 kg &#8211; Bruttopaino: 0,28 kg Toimitus sis\u00e4lt\u00e4\u00e4: &#8211; 1 x korurasia SONGICSin ohjeet:- PU-pintaa tulee suojata huolellisesti iskuilta ja naarmuilta. &#8211; K\u00e4yt\u00e4 puhdistukseen kosteaa liinaa ja ole varovainen, jotta vesi ei p\u00e4\u00e4se tunkeutumaan laatikkoon.<\/p>\n","protected":false},"excerpt":{"rendered":"<p>SONGMICS korurasia matkoille, pieni korurasia sormuksille, korvakoruille, sis\u00e4ll\u00e4 peili, kermanv\u00e4rinen JBC146BE<\/p>\n","protected":false},"featured_media":40698,"comment_status":"open","ping_status":"closed","template":"","meta":[],"product_brand":[],"product_cat":[32],"product_tag":[],"class_list":{"0":"post-31603","1":"product","2":"type-product","3":"status-publish","4":"has-post-thumbnail","6":"product_cat-uncategorized-fi","8":"first","9":"instock","10":"shipping-taxable","11":"purchasable","12":"product-type-simple"},"_links":{"self":[{"href":"https:\/\/nordicmart.andreevmaster.com\/fi\/wp-json\/wp\/v2\/product\/31603","targetHints":{"allow":["GET"]}}],"collection":[{"href":"https:\/\/nordicmart.andreevmaster.com\/fi\/wp-json\/wp\/v2\/product"}],"about":[{"href":"https:\/\/nordicmart.andreevmaster.com\/fi\/wp-json\/wp\/v2\/types\/product"}],"replies":[{"embeddable":true,"href":"https:\/\/nordicmart.andreevmaster.com\/fi\/wp-json\/wp\/v2\/comments?post=31603"}],"wp:featuredmedia":[{"embeddable":true,"href":"https:\/\/nordicmart.andreevmaster.com\/fi\/wp-json\/wp\/v2\/media\/40698"}],"wp:attachment":[{"href":"https:\/\/nordicmart.andreevmaster.com\/fi\/wp-json\/wp\/v2\/media?parent=31603"}],"wp:term":[{"taxonomy":"product_brand","embeddable":true,"href":"https:\/\/nordicmart.andreevmaster.com\/fi\/wp-json\/wp\/v2\/product_brand?post=31603"},{"taxonomy":"product_cat","embeddable":true,"href":"https:\/\/nordicmart.andreevmaster.com\/fi\/wp-json\/wp\/v2\/product_cat?post=31603"},{"taxonomy":"product_tag","embeddable":true,"href":"https:\/\/nordicmart.andreevmaster.com\/fi\/wp-json\/wp\/v2\/product_tag?post=31603"}],"curies":[{"name":"wp","href":"https:\/\/api.w.org\/{rel}","templated":true}]}}