{"id":31602,"date":"2026-02-27T00:14:09","date_gmt":"2026-02-27T00:14:09","guid":{"rendered":"https:\/\/nordicmart.andreevmaster.com\/product\/songmics-korulaatikko-6-tasoa\/"},"modified":"2026-02-27T09:36:42","modified_gmt":"2026-02-27T09:36:42","slug":"songmics-korulaatikko-6-tasoa","status":"publish","type":"product","link":"https:\/\/nordicmart.andreevmaster.com\/fi\/tuote\/songmics-korulaatikko-6-tasoa\/","title":{"rendered":"SONGMICS korulaatikko, 6 tasoa"},"content":{"rendered":"<p>L\u00f6yd\u00e4 oikea s\u00e4ilytysratkaisu Ovatko korusi hajallaan ymp\u00e4ri taloa ja jotkut niist\u00e4 ovat olleet pitk\u00e4\u00e4n k\u00e4ytt\u00e4m\u00e4tt\u00f6min\u00e4, koska olet unohtanut, miss\u00e4 ne ovat? Sitten sinun kannattaa kokeilla t\u00e4t\u00e4 tilavaa korujen s\u00e4ilytyslaatikkoa! Sen avulla voit s\u00e4ilytt\u00e4\u00e4 kaikki korusi yhdess\u00e4 paikassa. 6 hyllytasoa eri asetteluilla mahdollistavat arvotavaroiden j\u00e4rjestyksellisen s\u00e4ilytyksen, kun taas tukeva MDF-runko ja pehme\u00e4 samettivuori tarjoavat optimaalisen suojan. Hemmottele silmi\u00e4si t\u00e4ll\u00e4 tyylikk\u00e4\u00e4ll\u00e4 korurasia. Harmaa keinonahkapinta, kiilt\u00e4v\u00e4t metalliosat, yksinkertainen ulkon\u00e4k\u00f6 ilman koristeita \u2013 t\u00e4m\u00e4 korurasia tuo ajatonta charmia meikkip\u00f6yd\u00e4llesi tai korukauppaasi. Lis\u00e4ksi t\u00e4m\u00e4 rasia sopii t\u00e4ydellisesti lahjaksi rakkaillesi, jotka varmasti ilahtuvat saadessaan t\u00e4m\u00e4n lahjan. Tuotetiedot:- V\u00e4ri: harmaa &#8211; Materiaali: MDF (keskitihe\u00e4 kuitulevy), PU-p\u00e4\u00e4llyste (polyuretaani), samettivuori &#8211; Kokonaismitat: 30,2 x 21 x 31,3 cm (P x L x K) &#8211; Paino: 4,8 kg Toimitus sis\u00e4lt\u00e4\u00e4: &#8211; 1 x korurasia<\/p>\n","protected":false},"excerpt":{"rendered":"<p>SONGMICS korurasia, iso korurasia, 6 tasoa, 5 laatikkoa, peili, valkoinen JBC138<\/p>\n","protected":false},"featured_media":40697,"comment_status":"open","ping_status":"closed","template":"","meta":[],"product_brand":[],"product_cat":[32],"product_tag":[],"class_list":{"0":"post-31602","1":"product","2":"type-product","3":"status-publish","4":"has-post-thumbnail","6":"product_cat-uncategorized-fi","8":"first","9":"instock","10":"shipping-taxable","11":"purchasable","12":"product-type-simple"},"_links":{"self":[{"href":"https:\/\/nordicmart.andreevmaster.com\/fi\/wp-json\/wp\/v2\/product\/31602","targetHints":{"allow":["GET"]}}],"collection":[{"href":"https:\/\/nordicmart.andreevmaster.com\/fi\/wp-json\/wp\/v2\/product"}],"about":[{"href":"https:\/\/nordicmart.andreevmaster.com\/fi\/wp-json\/wp\/v2\/types\/product"}],"replies":[{"embeddable":true,"href":"https:\/\/nordicmart.andreevmaster.com\/fi\/wp-json\/wp\/v2\/comments?post=31602"}],"wp:featuredmedia":[{"embeddable":true,"href":"https:\/\/nordicmart.andreevmaster.com\/fi\/wp-json\/wp\/v2\/media\/40697"}],"wp:attachment":[{"href":"https:\/\/nordicmart.andreevmaster.com\/fi\/wp-json\/wp\/v2\/media?parent=31602"}],"wp:term":[{"taxonomy":"product_brand","embeddable":true,"href":"https:\/\/nordicmart.andreevmaster.com\/fi\/wp-json\/wp\/v2\/product_brand?post=31602"},{"taxonomy":"product_cat","embeddable":true,"href":"https:\/\/nordicmart.andreevmaster.com\/fi\/wp-json\/wp\/v2\/product_cat?post=31602"},{"taxonomy":"product_tag","embeddable":true,"href":"https:\/\/nordicmart.andreevmaster.com\/fi\/wp-json\/wp\/v2\/product_tag?post=31602"}],"curies":[{"name":"wp","href":"https:\/\/api.w.org\/{rel}","templated":true}]}}