{"id":31601,"date":"2026-02-27T00:14:08","date_gmt":"2026-02-27T00:14:08","guid":{"rendered":"https:\/\/nordicmart.andreevmaster.com\/product\/songmics-korulaatikko-5-laatikkoa-musta\/"},"modified":"2026-02-27T09:36:42","modified_gmt":"2026-02-27T09:36:42","slug":"songmics-korulaatikko-5-laatikkoa-musta","status":"publish","type":"product","link":"https:\/\/nordicmart.andreevmaster.com\/fi\/tuote\/songmics-korulaatikko-5-laatikkoa-musta\/","title":{"rendered":"SONGMICS korulaatikko 5 laatikkoa musta"},"content":{"rendered":"<p>Musta korulaatikko, 6 tasoa SONGMICS-korulaatikko, joka on p\u00e4\u00e4llystetty korkealaatuisella PU:lla ja sisustettu sametilla, tarjoaa ihanteellisen s\u00e4ilytyspaikan koruillesi. Monipuolinen k\u00e4ytt\u00f6 ja tyylik\u00e4s ulkon\u00e4k\u00f6 Korvakorut, sormukset, kellot, kaulakorut, silm\u00e4lasit jne. pysyv\u00e4t siististi paikoillaan ja suojassa p\u00f6lylt\u00e4 ja naarmuilta. Tuotetiedot: &#8211; V\u00e4ri: musta &#8211; Mitat: 30,5 x 31,5 x 21,5 cm (L x K x S) &#8211; Laatikon mitat (2.\u20134. taso): 28,5 x 3,2 x 19,5 cm (L x K x S) &#8211; Laatikon mitat (5. taso): 28,5 x 4,5 x 19,5 cm (L x K x S) &#8211; Laatikon mitat (6. taso): 28,5 x 6,5 x 19,5 cm (L x K x S) &#8211; 6. tason lokeron mitat: 6,5 x 4 x 9,5 cm (L x K x S) &#8211; Materiaali: MDF-levy + PU + sametti &#8211; Nettopaino: 4,48 kg Toimitus sis\u00e4lt\u00e4\u00e4: &#8211; 1 x korulaatikko<\/p>\n","protected":false},"excerpt":{"rendered":"<p>SONGMICS korurasia, iso korurasia, 6 tasoa, 5 laatikkoa, peili, valkoinen JBC138<\/p>\n","protected":false},"featured_media":40696,"comment_status":"open","ping_status":"closed","template":"","meta":[],"product_brand":[],"product_cat":[32],"product_tag":[],"class_list":{"0":"post-31601","1":"product","2":"type-product","3":"status-publish","4":"has-post-thumbnail","6":"product_cat-uncategorized-fi","8":"first","9":"instock","10":"shipping-taxable","11":"purchasable","12":"product-type-simple"},"_links":{"self":[{"href":"https:\/\/nordicmart.andreevmaster.com\/fi\/wp-json\/wp\/v2\/product\/31601","targetHints":{"allow":["GET"]}}],"collection":[{"href":"https:\/\/nordicmart.andreevmaster.com\/fi\/wp-json\/wp\/v2\/product"}],"about":[{"href":"https:\/\/nordicmart.andreevmaster.com\/fi\/wp-json\/wp\/v2\/types\/product"}],"replies":[{"embeddable":true,"href":"https:\/\/nordicmart.andreevmaster.com\/fi\/wp-json\/wp\/v2\/comments?post=31601"}],"wp:featuredmedia":[{"embeddable":true,"href":"https:\/\/nordicmart.andreevmaster.com\/fi\/wp-json\/wp\/v2\/media\/40696"}],"wp:attachment":[{"href":"https:\/\/nordicmart.andreevmaster.com\/fi\/wp-json\/wp\/v2\/media?parent=31601"}],"wp:term":[{"taxonomy":"product_brand","embeddable":true,"href":"https:\/\/nordicmart.andreevmaster.com\/fi\/wp-json\/wp\/v2\/product_brand?post=31601"},{"taxonomy":"product_cat","embeddable":true,"href":"https:\/\/nordicmart.andreevmaster.com\/fi\/wp-json\/wp\/v2\/product_cat?post=31601"},{"taxonomy":"product_tag","embeddable":true,"href":"https:\/\/nordicmart.andreevmaster.com\/fi\/wp-json\/wp\/v2\/product_tag?post=31601"}],"curies":[{"name":"wp","href":"https:\/\/api.w.org\/{rel}","templated":true}]}}