{"id":31600,"date":"2026-02-27T00:14:08","date_gmt":"2026-02-27T00:14:08","guid":{"rendered":"https:\/\/nordicmart.andreevmaster.com\/product\/songmics-korulaatikko-5-laatikkoa-valkoinen\/"},"modified":"2026-02-27T09:36:42","modified_gmt":"2026-02-27T09:36:42","slug":"songmics-korulaatikko-5-laatikkoa-valkoinen","status":"publish","type":"product","link":"https:\/\/nordicmart.andreevmaster.com\/fi\/tuote\/songmics-korulaatikko-5-laatikkoa-valkoinen\/","title":{"rendered":"SONGMICS korulaatikko 5 laatikkoa valkoinen"},"content":{"rendered":"<p>Kaunis, tyylik\u00e4s ja ajaton korulaatikko! T\u00e4m\u00e4 hieno korulaatikko vakuuttaa paitsi tyylikk\u00e4\u00e4ll\u00e4 muotoilullaan my\u00f6s suurella s\u00e4ilytystilallaan. 6 tasoa tarjoavat erilaisia s\u00e4ilytysmahdollisuuksia sormuksille, rannekoruille, kaulakoruille ja monille muille koruille \u2013 my\u00f6s matkoilla. T\u00e4m\u00e4 hieno korulaatikko Songmicsilt\u00e4 on pakollinen hankinta kaikille korujen yst\u00e4ville. S\u00e4ilytys ja hoito: &#8211; S\u00e4ilyt\u00e4 korulaatikko tuuletetussa tilassa ja v\u00e4lt\u00e4 j\u00e4tt\u00e4m\u00e4st\u00e4 laatikkoa pitk\u00e4ksi aikaa auringonvaloon tai kosteaan tilaan. Sopiva l\u00e4mp\u00f6tila: 10\u201340 \u2103. &#8211; Pinnan tahrat voidaan pyyhki\u00e4 pois hieman kostutetulla liinalla. V\u00e4lt\u00e4 veden p\u00e4\u00e4sy\u00e4 korulaatikkoon. &#8211; K\u00e4yt\u00e4 s\u00e4\u00e4nn\u00f6llisesti keinonahalle tarkoitettua erityist\u00e4 hoitotuotetta, jotta keinonahan kiilto s\u00e4ilyy pitk\u00e4\u00e4n. &#8211; Suojaa korulaatikko varastoinnin aikana puristukselta. &#8211; \u00c4l\u00e4 s\u00e4ilyt\u00e4 korulaatikkoa kemikaalien kanssa. Tuotetiedot:  &#8211; V\u00e4ri: valkoinen &#8211; Mitat: 30,5 x 31,5 x 21,5 cm (L x K x S) &#8211; Laatikon mitat (2.\u20134. taso): 28,5 x 3,2 x 19,5 cm (L x K x S) &#8211; Laatikon mitat (5. taso): 28,5 x 4,5 x 19,5 cm (L x K x S) &#8211; Laatikon mitat (6. taso): 28,5 x 6,5 x 19,5 cm (L x K x S) &#8211; 6. tason lokeron mitat: 6,5 x 4 x 9,5 cm (L x K x S) &#8211; Materiaali: MDF-levy + PU + sametti &#8211; Nettopaino: 4,48 kg<\/p>\n","protected":false},"excerpt":{"rendered":"<p>SONGMICS korurasia, iso korurasia, 6 tasoa, 5 laatikkoa, peili, valkoinen JBC138<\/p>\n","protected":false},"featured_media":40695,"comment_status":"open","ping_status":"closed","template":"","meta":[],"product_brand":[],"product_cat":[32],"product_tag":[],"class_list":{"0":"post-31600","1":"product","2":"type-product","3":"status-publish","4":"has-post-thumbnail","6":"product_cat-uncategorized-fi","8":"first","9":"instock","10":"shipping-taxable","11":"purchasable","12":"product-type-simple"},"_links":{"self":[{"href":"https:\/\/nordicmart.andreevmaster.com\/fi\/wp-json\/wp\/v2\/product\/31600","targetHints":{"allow":["GET"]}}],"collection":[{"href":"https:\/\/nordicmart.andreevmaster.com\/fi\/wp-json\/wp\/v2\/product"}],"about":[{"href":"https:\/\/nordicmart.andreevmaster.com\/fi\/wp-json\/wp\/v2\/types\/product"}],"replies":[{"embeddable":true,"href":"https:\/\/nordicmart.andreevmaster.com\/fi\/wp-json\/wp\/v2\/comments?post=31600"}],"wp:featuredmedia":[{"embeddable":true,"href":"https:\/\/nordicmart.andreevmaster.com\/fi\/wp-json\/wp\/v2\/media\/40695"}],"wp:attachment":[{"href":"https:\/\/nordicmart.andreevmaster.com\/fi\/wp-json\/wp\/v2\/media?parent=31600"}],"wp:term":[{"taxonomy":"product_brand","embeddable":true,"href":"https:\/\/nordicmart.andreevmaster.com\/fi\/wp-json\/wp\/v2\/product_brand?post=31600"},{"taxonomy":"product_cat","embeddable":true,"href":"https:\/\/nordicmart.andreevmaster.com\/fi\/wp-json\/wp\/v2\/product_cat?post=31600"},{"taxonomy":"product_tag","embeddable":true,"href":"https:\/\/nordicmart.andreevmaster.com\/fi\/wp-json\/wp\/v2\/product_tag?post=31600"}],"curies":[{"name":"wp","href":"https:\/\/api.w.org\/{rel}","templated":true}]}}