{"id":31599,"date":"2026-02-27T00:14:08","date_gmt":"2026-02-27T00:14:08","guid":{"rendered":"https:\/\/nordicmart.andreevmaster.com\/product\/songmics-suloinen-korurasia-valkoinen\/"},"modified":"2026-02-27T09:36:42","modified_gmt":"2026-02-27T09:36:42","slug":"songmics-suloinen-korurasia-valkoinen","status":"publish","type":"product","link":"https:\/\/nordicmart.andreevmaster.com\/fi\/tuote\/songmics-suloinen-korurasia-valkoinen\/","title":{"rendered":"SONGMICS Suloinen korurasia, valkoinen"},"content":{"rendered":"<p>Tuotetiedot: &#8211; V\u00e4ri: valkoinen &#8211; Materiaali: pinta: keinonahka; runko: keskitihe\u00e4 puukuitulevy; Sis\u00e4osa: sametti &#8211; Tuotteen mitat: 24,5 x 15,5 x 16 cm (P x L x K) &#8211; Ensimm\u00e4isen\/toisen laatikon mitat: 22 x 12 x 2,5 cm (P x L x K) &#8211; Paino: 1,8 kg S\u00e4ilytys ja hoito: &#8211; S\u00e4ilyt\u00e4 korulaatikko ilmastoidussa tilassa ja v\u00e4lt\u00e4 j\u00e4tt\u00e4m\u00e4st\u00e4 laatikkoa pitk\u00e4ksi aikaa auringonvaloon tai kosteaan tilaan. Sopiva l\u00e4mp\u00f6tila: 10\u201340 \u2103. &#8211; Pinnan tahrat voidaan pyyhki\u00e4 pois hieman kostutetulla liinalla. V\u00e4lt\u00e4 veden p\u00e4\u00e4sy\u00e4 korulaatikon sis\u00e4\u00e4n.- K\u00e4yt\u00e4 s\u00e4\u00e4nn\u00f6llisesti keinonahalle tarkoitettua hoitoainetta, jotta keinonahan kiilto s\u00e4ilyy pitk\u00e4\u00e4n. &#8211; Suojaa korurasia varastoinnin aikana puristukselta. &#8211; \u00c4l\u00e4 s\u00e4ilyt\u00e4 korurasiaa kemikaalien kanssa. Toimitussis\u00e4lt\u00f6: &#8211; 1 x korurasia &#8211; 2 x avain &#8211; Ilman koruja<\/p>\n","protected":false},"excerpt":{"rendered":"<p>SONGMICS korurasia, lukittava, peilill\u00e4, laatikolla ja minilaatikolla, valkoinen JBC126W<\/p>\n","protected":false},"featured_media":40694,"comment_status":"open","ping_status":"closed","template":"","meta":[],"product_brand":[],"product_cat":[32],"product_tag":[],"class_list":{"0":"post-31599","1":"product","2":"type-product","3":"status-publish","4":"has-post-thumbnail","6":"product_cat-uncategorized-fi","8":"first","9":"instock","10":"shipping-taxable","11":"purchasable","12":"product-type-simple"},"_links":{"self":[{"href":"https:\/\/nordicmart.andreevmaster.com\/fi\/wp-json\/wp\/v2\/product\/31599","targetHints":{"allow":["GET"]}}],"collection":[{"href":"https:\/\/nordicmart.andreevmaster.com\/fi\/wp-json\/wp\/v2\/product"}],"about":[{"href":"https:\/\/nordicmart.andreevmaster.com\/fi\/wp-json\/wp\/v2\/types\/product"}],"replies":[{"embeddable":true,"href":"https:\/\/nordicmart.andreevmaster.com\/fi\/wp-json\/wp\/v2\/comments?post=31599"}],"wp:featuredmedia":[{"embeddable":true,"href":"https:\/\/nordicmart.andreevmaster.com\/fi\/wp-json\/wp\/v2\/media\/40694"}],"wp:attachment":[{"href":"https:\/\/nordicmart.andreevmaster.com\/fi\/wp-json\/wp\/v2\/media?parent=31599"}],"wp:term":[{"taxonomy":"product_brand","embeddable":true,"href":"https:\/\/nordicmart.andreevmaster.com\/fi\/wp-json\/wp\/v2\/product_brand?post=31599"},{"taxonomy":"product_cat","embeddable":true,"href":"https:\/\/nordicmart.andreevmaster.com\/fi\/wp-json\/wp\/v2\/product_cat?post=31599"},{"taxonomy":"product_tag","embeddable":true,"href":"https:\/\/nordicmart.andreevmaster.com\/fi\/wp-json\/wp\/v2\/product_tag?post=31599"}],"curies":[{"name":"wp","href":"https:\/\/api.w.org\/{rel}","templated":true}]}}