{"id":31598,"date":"2026-02-27T00:14:08","date_gmt":"2026-02-27T00:14:08","guid":{"rendered":"https:\/\/nordicmart.andreevmaster.com\/product\/songmics-korurasia-3-tasoa-pu-paallinen-klassisen-valkoisena\/"},"modified":"2026-02-27T09:36:41","modified_gmt":"2026-02-27T09:36:41","slug":"songmics-korurasia-3-tasoa-pu-paallinen-klassisen-valkoisena","status":"publish","type":"product","link":"https:\/\/nordicmart.andreevmaster.com\/fi\/tuote\/songmics-korurasia-3-tasoa-pu-paallinen-klassisen-valkoisena\/","title":{"rendered":"SONGMICS korurasia 3 tasoa PU-p\u00e4\u00e4llinen klassisen valkoisena"},"content":{"rendered":"<p>SONGMICS korulaatikko, korukotelo 2 laatikolla, lukittava, peilill\u00e4, irrotettava matkalaukku, sormuksille, rannekoruille, korvakoruille, kaulakoruille, samettivuori, lahjaksi, musta JBC121B<br \/>\nV\u00e4ri: PU-p\u00e4\u00e4llinen klassisen valkoinen, sis\u00e4vuori kermanvalkoinen<br \/>\nMateriaali: PU (polyuretaani), MDF (keskitihe\u00e4 kuitulevy), sametti<br \/>\nKoko yhteens\u00e4: 18,2 x 26 x 17,4 cm (S x L x K)<br \/>\nMinilaatikon koko: 8,5 x 13,8 x 3,7 cm (S x L x K)<br \/>\nKokonaispaino: 1,8 kg<br \/>\nSis\u00e4ll\u00e4 olevan minilaatikon paino: 137 g<\/p>\n","protected":false},"excerpt":{"rendered":"<p>SONGMICS korulaatikko, korukotelo 2 laatikolla, lukittava, peilill\u00e4, irrotettava matkalaukku, sormuksille, rannekoruille, korvakoruille, kaulakoruille, samettivuori, lahjaksi, musta JBC121B<\/p>\n","protected":false},"featured_media":40693,"comment_status":"open","ping_status":"closed","template":"","meta":[],"product_brand":[],"product_cat":[32],"product_tag":[],"class_list":{"0":"post-31598","1":"product","2":"type-product","3":"status-publish","4":"has-post-thumbnail","6":"product_cat-uncategorized-fi","8":"first","9":"instock","10":"shipping-taxable","11":"purchasable","12":"product-type-simple"},"_links":{"self":[{"href":"https:\/\/nordicmart.andreevmaster.com\/fi\/wp-json\/wp\/v2\/product\/31598","targetHints":{"allow":["GET"]}}],"collection":[{"href":"https:\/\/nordicmart.andreevmaster.com\/fi\/wp-json\/wp\/v2\/product"}],"about":[{"href":"https:\/\/nordicmart.andreevmaster.com\/fi\/wp-json\/wp\/v2\/types\/product"}],"replies":[{"embeddable":true,"href":"https:\/\/nordicmart.andreevmaster.com\/fi\/wp-json\/wp\/v2\/comments?post=31598"}],"wp:featuredmedia":[{"embeddable":true,"href":"https:\/\/nordicmart.andreevmaster.com\/fi\/wp-json\/wp\/v2\/media\/40693"}],"wp:attachment":[{"href":"https:\/\/nordicmart.andreevmaster.com\/fi\/wp-json\/wp\/v2\/media?parent=31598"}],"wp:term":[{"taxonomy":"product_brand","embeddable":true,"href":"https:\/\/nordicmart.andreevmaster.com\/fi\/wp-json\/wp\/v2\/product_brand?post=31598"},{"taxonomy":"product_cat","embeddable":true,"href":"https:\/\/nordicmart.andreevmaster.com\/fi\/wp-json\/wp\/v2\/product_cat?post=31598"},{"taxonomy":"product_tag","embeddable":true,"href":"https:\/\/nordicmart.andreevmaster.com\/fi\/wp-json\/wp\/v2\/product_tag?post=31598"}],"curies":[{"name":"wp","href":"https:\/\/api.w.org\/{rel}","templated":true}]}}