{"id":31597,"date":"2026-02-27T00:14:07","date_gmt":"2026-02-27T00:14:07","guid":{"rendered":"https:\/\/nordicmart.andreevmaster.com\/product\/songmics-korurasia-keinonahka-valkoinen\/"},"modified":"2026-02-27T09:36:41","modified_gmt":"2026-02-27T09:36:41","slug":"songmics-korurasia-keinonahka-valkoinen","status":"publish","type":"product","link":"https:\/\/nordicmart.andreevmaster.com\/fi\/tuote\/songmics-korurasia-keinonahka-valkoinen\/","title":{"rendered":"SONGMICS korurasia keinonahka valkoinen"},"content":{"rendered":"<p>Haittaako sinua, ett\u00e4 kaulakorusi ovat aina takkuisia ja sormuksesi lojuvat jossain asunnossasi? Sitten on aika hankkia t\u00e4m\u00e4 tyylik\u00e4s korujen s\u00e4ilytyslaatikko SONGMICS:lt\u00e4, jotta arvokkaat korusi pysyv\u00e4t siististi tallessa. Suojaa kaikki asusteesi T\u00e4m\u00e4 korulaatikko on varustettu monilla lokeroilla erilaisille koruille ja varmistaa, ett\u00e4 rannekorut, sormukset, korvakorut, kaulakorut jne. voidaan s\u00e4ilytt\u00e4\u00e4 turvallisesti. Pehme\u00e4 samettivuori suojaa korujasi naarmuilta ja muilta vaurioilta. Jos my\u00f6s yst\u00e4v\u00e4si ovat korujen yst\u00e4vi\u00e4, t\u00e4llainen laatikko olisi ihanteellinen lahja, eik\u00f6 vain? Tuotetiedot: &#8211; V\u00e4ri: valkoinen &#8211; Materiaali: PU, MDF (keskitihe\u00e4 kuitulevy), sametti &#8211; Tuotteen koko: 26 x 18 x 17 cm (P x L x K) &#8211; Minilaatikon koko: 14 x 9 x 3,5 cm (P x L x K) &#8211; Paino: 1,8 kg&nbsp;Toimitus sis\u00e4lt\u00e4\u00e4:- 1 x korulaatikko- 2 x avain- Kuvissa n\u00e4kyv\u00e4t korut eiv\u00e4t sis\u00e4lly toimitukseen<\/p>\n","protected":false},"excerpt":{"rendered":"<p>SONGMICS korulaatikko, korukotelo 2 laatikolla, lukittava, peilill\u00e4, irrotettava matkalaukku, sormuksille, rannekoruille, korvakoruille, kaulakoruille, samettivuori, lahjaksi, musta JBC121B<\/p>\n","protected":false},"featured_media":40692,"comment_status":"open","ping_status":"closed","template":"","meta":[],"product_brand":[],"product_cat":[32],"product_tag":[],"class_list":{"0":"post-31597","1":"product","2":"type-product","3":"status-publish","4":"has-post-thumbnail","6":"product_cat-uncategorized-fi","8":"first","9":"instock","10":"shipping-taxable","11":"purchasable","12":"product-type-simple"},"_links":{"self":[{"href":"https:\/\/nordicmart.andreevmaster.com\/fi\/wp-json\/wp\/v2\/product\/31597","targetHints":{"allow":["GET"]}}],"collection":[{"href":"https:\/\/nordicmart.andreevmaster.com\/fi\/wp-json\/wp\/v2\/product"}],"about":[{"href":"https:\/\/nordicmart.andreevmaster.com\/fi\/wp-json\/wp\/v2\/types\/product"}],"replies":[{"embeddable":true,"href":"https:\/\/nordicmart.andreevmaster.com\/fi\/wp-json\/wp\/v2\/comments?post=31597"}],"wp:featuredmedia":[{"embeddable":true,"href":"https:\/\/nordicmart.andreevmaster.com\/fi\/wp-json\/wp\/v2\/media\/40692"}],"wp:attachment":[{"href":"https:\/\/nordicmart.andreevmaster.com\/fi\/wp-json\/wp\/v2\/media?parent=31597"}],"wp:term":[{"taxonomy":"product_brand","embeddable":true,"href":"https:\/\/nordicmart.andreevmaster.com\/fi\/wp-json\/wp\/v2\/product_brand?post=31597"},{"taxonomy":"product_cat","embeddable":true,"href":"https:\/\/nordicmart.andreevmaster.com\/fi\/wp-json\/wp\/v2\/product_cat?post=31597"},{"taxonomy":"product_tag","embeddable":true,"href":"https:\/\/nordicmart.andreevmaster.com\/fi\/wp-json\/wp\/v2\/product_tag?post=31597"}],"curies":[{"name":"wp","href":"https:\/\/api.w.org\/{rel}","templated":true}]}}