{"id":31593,"date":"2026-02-27T00:14:07","date_gmt":"2026-02-27T00:14:07","guid":{"rendered":"https:\/\/nordicmart.andreevmaster.com\/product\/songmics-korulaatikko-8-laatikkoa-valkoinen\/"},"modified":"2026-02-27T09:36:41","modified_gmt":"2026-02-27T09:36:41","slug":"songmics-korulaatikko-8-laatikkoa-valkoinen","status":"publish","type":"product","link":"https:\/\/nordicmart.andreevmaster.com\/fi\/tuote\/songmics-korulaatikko-8-laatikkoa-valkoinen\/","title":{"rendered":"SONGMICS korulaatikko 8 laatikkoa valkoinen"},"content":{"rendered":"<p>Klassinen korulaatikko korujen yst\u00e4ville MDF-levyist\u00e4 ja samettivuorauksesta valmistettu laatikko on t\u00e4ydellinen ja kest\u00e4v\u00e4 s\u00e4ilytysratkaisu arvokkaimmille koruillesi. Enemm\u00e4n tasoja, enemm\u00e4n iloa Korulaatikossa on 8 laatikkoa. Erityisen hy\u00f6dyllisi\u00e4 ovat jokaisen laatikon erilaiset asettelut: &#8211; Kaksi ylint\u00e4 laatikkoa &#8211; N\u00e4iss\u00e4 ei ole v\u00e4liseini\u00e4, joten voit vapaasti p\u00e4\u00e4tt\u00e4\u00e4, mit\u00e4 koruja haluat s\u00e4ilytt\u00e4\u00e4 niiss\u00e4. &#8211; 3. laatikko &#8211; Siin\u00e4 on 8 koukkua, joihin voit ripustaa kaulakorusi siististi.- 4. laatikko &#8211; T\u00e4ss\u00e4 on 4 isoa lokeroa rannekoruille tai rintakoruille. &#8211; 5. laatikko &#8211; T\u00e4ss\u00e4 on 15 lokeroa korvakoruille tai nappikorvakoruille. &#8211; 6. laatikko &#8211; T\u00e4ss\u00e4 on 10 rivi\u00e4 sormuspaikkoja. &#8211; 7. taso &#8211; T\u00e4ss\u00e4 laatikossa on 5 pitk\u00e4\u00e4 lokeroa kaulakoruille tai silm\u00e4laseille. &#8211; 8. laatikko &#8211; T\u00e4ss\u00e4 on 10 syv\u00e4\u00e4 lokeroa, joissa on kellotyynyt. Tuotetiedot:- V\u00e4ri: valkoinen &#8211; Materiaali: PU (polyuretaani), MDF (keskitihe\u00e4 kuitulevy), sametti &#8211; Koko: 28,7 x 20,2 x 36,5 cm (P x L x K) &#8211; Paino: 5,4 kg Toimitus sis\u00e4lt\u00e4\u00e4: &#8211; 1 x 8-tasoinen korulaatikko<\/p>\n","protected":false},"excerpt":{"rendered":"<p>SONGMICS korulaatikko, suuri korulaatikko, 8 laatikkoa, useita lokeroita sormuksille, korvakorut, kellot, moderni j\u00e4rjestelij\u00e4, musta JBC11B<\/p>\n","protected":false},"featured_media":40688,"comment_status":"open","ping_status":"closed","template":"","meta":[],"product_brand":[],"product_cat":[32],"product_tag":[],"class_list":{"0":"post-31593","1":"product","2":"type-product","3":"status-publish","4":"has-post-thumbnail","6":"product_cat-uncategorized-fi","8":"first","9":"instock","10":"shipping-taxable","11":"purchasable","12":"product-type-simple"},"_links":{"self":[{"href":"https:\/\/nordicmart.andreevmaster.com\/fi\/wp-json\/wp\/v2\/product\/31593","targetHints":{"allow":["GET"]}}],"collection":[{"href":"https:\/\/nordicmart.andreevmaster.com\/fi\/wp-json\/wp\/v2\/product"}],"about":[{"href":"https:\/\/nordicmart.andreevmaster.com\/fi\/wp-json\/wp\/v2\/types\/product"}],"replies":[{"embeddable":true,"href":"https:\/\/nordicmart.andreevmaster.com\/fi\/wp-json\/wp\/v2\/comments?post=31593"}],"wp:featuredmedia":[{"embeddable":true,"href":"https:\/\/nordicmart.andreevmaster.com\/fi\/wp-json\/wp\/v2\/media\/40688"}],"wp:attachment":[{"href":"https:\/\/nordicmart.andreevmaster.com\/fi\/wp-json\/wp\/v2\/media?parent=31593"}],"wp:term":[{"taxonomy":"product_brand","embeddable":true,"href":"https:\/\/nordicmart.andreevmaster.com\/fi\/wp-json\/wp\/v2\/product_brand?post=31593"},{"taxonomy":"product_cat","embeddable":true,"href":"https:\/\/nordicmart.andreevmaster.com\/fi\/wp-json\/wp\/v2\/product_cat?post=31593"},{"taxonomy":"product_tag","embeddable":true,"href":"https:\/\/nordicmart.andreevmaster.com\/fi\/wp-json\/wp\/v2\/product_tag?post=31593"}],"curies":[{"name":"wp","href":"https:\/\/api.w.org\/{rel}","templated":true}]}}