{"id":31592,"date":"2026-02-27T00:14:06","date_gmt":"2026-02-27T00:14:06","guid":{"rendered":"https:\/\/nordicmart.andreevmaster.com\/product\/songmics-korulaatikko-8-laatikkoa-musta\/"},"modified":"2026-02-27T09:36:40","modified_gmt":"2026-02-27T09:36:40","slug":"songmics-korulaatikko-8-laatikkoa-musta","status":"publish","type":"product","link":"https:\/\/nordicmart.andreevmaster.com\/fi\/tuote\/songmics-korulaatikko-8-laatikkoa-musta\/","title":{"rendered":"SONGMICS korulaatikko 8 laatikkoa musta"},"content":{"rendered":"<p>1. Valikoidulla sile\u00e4ll\u00e4 PU-pinnoitteella p\u00e4\u00e4llystetty korulaatikko yhdist\u00e4\u00e4 modernin ulkon\u00e4\u00f6n ja kest\u00e4vyyden. 2. Laatikon etuosa on suunniteltu siten, ett\u00e4 ulkopuolelta ei n\u00e4y rakoa. Kaarevalla pohjalla varustetussa laatikossa on 8 koukkua, jotka helpottavat ketjujen s\u00e4ilytt\u00e4mist\u00e4 ja esillepanoa. Keskell\u00e4 oleva kuminauha est\u00e4\u00e4 kaulakorujen sotkeutumisen liikkuessa.Silm\u00e4lasien ja korujen s\u00e4ilytys yhdess\u00e4, 5 silm\u00e4lasiparia tai suuria kaulakoruja mahtuu helposti s\u00e4ilytystilaan. 10 lokeroa irrotettavalla kellotyynyll\u00e4 on 2 k\u00e4ytt\u00f6tapaa. Kellotyynyll\u00e4 voi s\u00e4ilytt\u00e4\u00e4 kelloja; ilman kellotyyny\u00e4 laatikkoa voi k\u00e4ytt\u00e4\u00e4 korujen j\u00e4rjestelij\u00e4n\u00e4 suurten sormusten, korvakoruiden, neulojen jne. siistiin s\u00e4ilytykseen. Tuotetiedot:- V\u00e4ri: musta &#8211; Materiaali: keinonahka + MDF-levyt + sametti &#8211; Mitat: 28,7 x 36,5 x 20,2 cm (L x K x S) &#8211; Nettopaino: 5,4 kg &#8211; Bruttopaino: 6,2 kg Toimitus sis\u00e4lt\u00e4\u00e4: &#8211; 1 x korulaatikko<\/p>\n","protected":false},"excerpt":{"rendered":"<p>SONGMICS korulaatikko, suuri korulaatikko, 8 laatikkoa, useita lokeroita sormuksille, korvakorut, kellot, moderni j\u00e4rjestelij\u00e4, musta JBC11B<\/p>\n","protected":false},"featured_media":40687,"comment_status":"open","ping_status":"closed","template":"","meta":[],"product_brand":[],"product_cat":[32],"product_tag":[],"class_list":{"0":"post-31592","1":"product","2":"type-product","3":"status-publish","4":"has-post-thumbnail","6":"product_cat-uncategorized-fi","8":"first","9":"instock","10":"shipping-taxable","11":"purchasable","12":"product-type-simple"},"_links":{"self":[{"href":"https:\/\/nordicmart.andreevmaster.com\/fi\/wp-json\/wp\/v2\/product\/31592","targetHints":{"allow":["GET"]}}],"collection":[{"href":"https:\/\/nordicmart.andreevmaster.com\/fi\/wp-json\/wp\/v2\/product"}],"about":[{"href":"https:\/\/nordicmart.andreevmaster.com\/fi\/wp-json\/wp\/v2\/types\/product"}],"replies":[{"embeddable":true,"href":"https:\/\/nordicmart.andreevmaster.com\/fi\/wp-json\/wp\/v2\/comments?post=31592"}],"wp:featuredmedia":[{"embeddable":true,"href":"https:\/\/nordicmart.andreevmaster.com\/fi\/wp-json\/wp\/v2\/media\/40687"}],"wp:attachment":[{"href":"https:\/\/nordicmart.andreevmaster.com\/fi\/wp-json\/wp\/v2\/media?parent=31592"}],"wp:term":[{"taxonomy":"product_brand","embeddable":true,"href":"https:\/\/nordicmart.andreevmaster.com\/fi\/wp-json\/wp\/v2\/product_brand?post=31592"},{"taxonomy":"product_cat","embeddable":true,"href":"https:\/\/nordicmart.andreevmaster.com\/fi\/wp-json\/wp\/v2\/product_cat?post=31592"},{"taxonomy":"product_tag","embeddable":true,"href":"https:\/\/nordicmart.andreevmaster.com\/fi\/wp-json\/wp\/v2\/product_tag?post=31592"}],"curies":[{"name":"wp","href":"https:\/\/api.w.org\/{rel}","templated":true}]}}