{"id":31591,"date":"2026-02-27T00:14:06","date_gmt":"2026-02-27T00:14:06","guid":{"rendered":"https:\/\/nordicmart.andreevmaster.com\/product\/songmics-korulaatikko-valkoinen-turkoosi\/"},"modified":"2026-02-27T09:36:40","modified_gmt":"2026-02-27T09:36:40","slug":"songmics-korulaatikko-valkoinen-turkoosi","status":"publish","type":"product","link":"https:\/\/nordicmart.andreevmaster.com\/fi\/tuote\/songmics-korulaatikko-valkoinen-turkoosi\/","title":{"rendered":"SONGMICS korulaatikko valkoinen-turkoosi"},"content":{"rendered":"<p>Kaunis, tyylik\u00e4s ja ajaton korulaatikko \u2013 todellinen katseenvangitsija jokaisessa modernissa kodissa! T\u00e4m\u00e4 tyylik\u00e4s korulaatikko vakuuttaa paitsi elegantilla muotoilullaan my\u00f6s toiminnallisuudellaan. Se sopii t\u00e4ydellisesti kellojen, kaulakorujen, korvakorujen ja monien muiden korujen s\u00e4ilytykseen \u2013 my\u00f6s matkoilla. Lis\u00e4ksi se suojaa arvokkaita lempikoruja p\u00f6lylt\u00e4 ja naarmuilta. T\u00e4m\u00e4 Songmicsin tyylik\u00e4s korurasia on huolellisesti valmistettu ja helppohoitoinen, ja se on ehdoton hankinta kaikille korujen yst\u00e4ville. Tuotetiedot: V\u00e4ri: valkoinen Materiaali: Pinta: keinonahka; runko: keskitihe\u00e4 puukuitulevy; sis\u00e4osa: sametti Mitat: 22,5 x 17 x 13,5 cm Ensimm\u00e4inen taso: Vasemmalla puolella on 2 rengaslevy\u00e4, jotka on jaettu 3 yht\u00e4 suureen lokeroon (mitat: 9,5 x 3 cm). Oikealla puolella on 4 pient\u00e4 lokeroa (4,5 x 4,5 cm). Taso: 2 yht\u00e4 suurta lokeroa (13 x 4,5 cm). Taso: 1 iso lokero (13 x 8,5 cm). Toisen tason oikealla puolella on kellotyyny (9 x 6,5 cm) ja rengasnauha (10 x 7 x 7 cm). Nettopaino: 1,06 kg. Toimitus sis\u00e4lt\u00e4\u00e4: 1 x korukotelo, 2 x avain.<\/p>\n","protected":false},"excerpt":{"rendered":"<p>SONGMICS korulaatikko, korukotelo laatikoilla, korulaatikko peilill\u00e4 ja lukolla, sormuksille, rannekelloille, korvakoruille, kaulakoruille, keinonahka ja sametti, lahjaksi, musta JBC114<\/p>\n","protected":false},"featured_media":40686,"comment_status":"open","ping_status":"closed","template":"","meta":[],"product_brand":[],"product_cat":[32],"product_tag":[],"class_list":{"0":"post-31591","1":"product","2":"type-product","3":"status-publish","4":"has-post-thumbnail","6":"product_cat-uncategorized-fi","8":"first","9":"instock","10":"shipping-taxable","11":"purchasable","12":"product-type-simple"},"_links":{"self":[{"href":"https:\/\/nordicmart.andreevmaster.com\/fi\/wp-json\/wp\/v2\/product\/31591","targetHints":{"allow":["GET"]}}],"collection":[{"href":"https:\/\/nordicmart.andreevmaster.com\/fi\/wp-json\/wp\/v2\/product"}],"about":[{"href":"https:\/\/nordicmart.andreevmaster.com\/fi\/wp-json\/wp\/v2\/types\/product"}],"replies":[{"embeddable":true,"href":"https:\/\/nordicmart.andreevmaster.com\/fi\/wp-json\/wp\/v2\/comments?post=31591"}],"wp:featuredmedia":[{"embeddable":true,"href":"https:\/\/nordicmart.andreevmaster.com\/fi\/wp-json\/wp\/v2\/media\/40686"}],"wp:attachment":[{"href":"https:\/\/nordicmart.andreevmaster.com\/fi\/wp-json\/wp\/v2\/media?parent=31591"}],"wp:term":[{"taxonomy":"product_brand","embeddable":true,"href":"https:\/\/nordicmart.andreevmaster.com\/fi\/wp-json\/wp\/v2\/product_brand?post=31591"},{"taxonomy":"product_cat","embeddable":true,"href":"https:\/\/nordicmart.andreevmaster.com\/fi\/wp-json\/wp\/v2\/product_cat?post=31591"},{"taxonomy":"product_tag","embeddable":true,"href":"https:\/\/nordicmart.andreevmaster.com\/fi\/wp-json\/wp\/v2\/product_tag?post=31591"}],"curies":[{"name":"wp","href":"https:\/\/api.w.org\/{rel}","templated":true}]}}