{"id":31589,"date":"2026-02-27T00:14:06","date_gmt":"2026-02-27T00:14:06","guid":{"rendered":"https:\/\/nordicmart.andreevmaster.com\/product\/songmics-korulaatikko-10-laatikkoa-valkoinen\/"},"modified":"2026-02-27T09:36:40","modified_gmt":"2026-02-27T09:36:40","slug":"songmics-korulaatikko-10-laatikkoa-valkoinen","status":"publish","type":"product","link":"https:\/\/nordicmart.andreevmaster.com\/fi\/tuote\/songmics-korulaatikko-10-laatikkoa-valkoinen\/","title":{"rendered":"SONGMICS korulaatikko 10 laatikkoa, valkoinen"},"content":{"rendered":"<p>Kuvaus: &#8211; Kaunis, tyylik\u00e4s ja ajaton korulaatikko &#8211; todellinen katseenvangitsija jokaisessa modernissa kodissa! &#8211; T\u00e4m\u00e4 tyylik\u00e4s korulaatikko vakuuttaa paitsi elegantilla muotoilullaan my\u00f6s toiminnallisuudellaan. 10 laatikkoa tarjoaa erilaisia s\u00e4ilytysmahdollisuuksia sormuksille, rannekoruille, kaulakoruille, kelloille ja monille muille esineille &#8211; siististi ja tilaa s\u00e4\u00e4st\u00e4en. Lis\u00e4ksi se suojaa arvokkaita lempikoruja p\u00f6lylt\u00e4 ja naarmuilta. &#8211; Songmicsin tyylik\u00e4s korurasia on huolellisesti valmistettu ja helppo puhdistaa, ja se on ehdoton hankinta kaikille korujen yst\u00e4ville. S\u00e4ilytys ja hoito: &#8211; S\u00e4ilyt\u00e4 korurasia ilmastoidussa tilassa ja v\u00e4lt\u00e4 j\u00e4tt\u00e4m\u00e4st\u00e4 sit\u00e4 pitk\u00e4ksi aikaa auringonvaloon tai kosteaan tilaan. Sopiva l\u00e4mp\u00f6tila: 10\u201340 \u2103. &#8211; Pinnan tahrat voidaan pyyhki\u00e4 pois hieman kostutetulla liinalla, v\u00e4lt\u00e4 veden p\u00e4\u00e4semist\u00e4 korurasiaan. &#8211; K\u00e4yt\u00e4 s\u00e4\u00e4nn\u00f6llisesti erityist\u00e4 nahkahuoltotuotetta, jotta nahka s\u00e4ilytt\u00e4\u00e4 kiiltonsa pitk\u00e4\u00e4n.- Suojaa korulaatikko varastoinnin aikana puristukselta. &#8211; \u00c4l\u00e4 s\u00e4ilyt\u00e4 korulaatikkoa kemikaalien kanssa. Tuotetiedot: &#8211; V\u00e4ri: valkoinen (ulkopuoli) + beige (sis\u00e4puoli) &#8211; Mitat: 40,5 x 29 x 20,5 cm &#8211; Yl\u00e4osan uusien laatikoiden yksitt\u00e4iset mitat: 19,6 x 27,5 x 3,5 cm &#8211; Kymmenennen laatikon mitat: 19,6 x 27,5 x 6,5 cm &#8211; Paino: 5,1 kg Toimitus sis\u00e4lt\u00e4\u00e4: &#8211; 1 x korulaatikko (ilman koruja)<\/p>\n","protected":false},"excerpt":{"rendered":"<p>SONGMICS korurasia, korulaatikko 10 tasolla, suuri korulaatikko keinonahasta, laatikoilla ja kellotyynyill\u00e4, 29 x 20,5 x 40,5 cm, valkoinen JBC10W, 403920.5cm<\/p>\n","protected":false},"featured_media":40684,"comment_status":"open","ping_status":"closed","template":"","meta":[],"product_brand":[],"product_cat":[32],"product_tag":[],"class_list":{"0":"post-31589","1":"product","2":"type-product","3":"status-publish","4":"has-post-thumbnail","6":"product_cat-uncategorized-fi","8":"first","9":"instock","10":"shipping-taxable","11":"purchasable","12":"product-type-simple"},"_links":{"self":[{"href":"https:\/\/nordicmart.andreevmaster.com\/fi\/wp-json\/wp\/v2\/product\/31589","targetHints":{"allow":["GET"]}}],"collection":[{"href":"https:\/\/nordicmart.andreevmaster.com\/fi\/wp-json\/wp\/v2\/product"}],"about":[{"href":"https:\/\/nordicmart.andreevmaster.com\/fi\/wp-json\/wp\/v2\/types\/product"}],"replies":[{"embeddable":true,"href":"https:\/\/nordicmart.andreevmaster.com\/fi\/wp-json\/wp\/v2\/comments?post=31589"}],"wp:featuredmedia":[{"embeddable":true,"href":"https:\/\/nordicmart.andreevmaster.com\/fi\/wp-json\/wp\/v2\/media\/40684"}],"wp:attachment":[{"href":"https:\/\/nordicmart.andreevmaster.com\/fi\/wp-json\/wp\/v2\/media?parent=31589"}],"wp:term":[{"taxonomy":"product_brand","embeddable":true,"href":"https:\/\/nordicmart.andreevmaster.com\/fi\/wp-json\/wp\/v2\/product_brand?post=31589"},{"taxonomy":"product_cat","embeddable":true,"href":"https:\/\/nordicmart.andreevmaster.com\/fi\/wp-json\/wp\/v2\/product_cat?post=31589"},{"taxonomy":"product_tag","embeddable":true,"href":"https:\/\/nordicmart.andreevmaster.com\/fi\/wp-json\/wp\/v2\/product_tag?post=31589"}],"curies":[{"name":"wp","href":"https:\/\/api.w.org\/{rel}","templated":true}]}}