{"id":31588,"date":"2026-02-27T00:14:05","date_gmt":"2026-02-27T00:14:05","guid":{"rendered":"https:\/\/nordicmart.andreevmaster.com\/product\/songmics-korulaatikko-6-laatikkoa-valkoinen\/"},"modified":"2026-02-27T09:36:40","modified_gmt":"2026-02-27T09:36:40","slug":"songmics-korulaatikko-6-laatikkoa-valkoinen","status":"publish","type":"product","link":"https:\/\/nordicmart.andreevmaster.com\/fi\/tuote\/songmics-korulaatikko-6-laatikkoa-valkoinen\/","title":{"rendered":"SONGMICS korulaatikko 6 laatikkoa valkoinen"},"content":{"rendered":"<p>Seitsem\u00e4n tasoa tekev\u00e4t t\u00e4st\u00e4 korulaatikosta t\u00e4ydellisen s\u00e4ilytyspaikan sormuksille, kelloille, rannekoruille, kaulakoruille ja monille muille esineille. Kannessa on suuri peili (15,3 x 9 cm) ja napsautuslukko. Ensimm\u00e4isess\u00e4 tasossa (18 x 13 cm) on sormustyyny (18 x 6,5 cm) ja kaksi yksitt\u00e4ist\u00e4 lokeroa (8,5 x 5,8 cm). Toinen ja kolmas taso ovat ilman jakoja, sis\u00e4mitat ovat 17 x 13 x 4 cm. Nelj\u00e4s taso on jaettu kahteen lokeroon, joiden mitat ovat 13 x 8,5 x 4 cm. Viidenness\u00e4 tasossa on kolme lokeroa, yksi iso (13 x 8,5 x 4 cm) vasemmalla ja kaksi pient\u00e4 (kumpikin 8,5 x 6,5 x 4 cm) oikealla. Kuudes taso on jaettu tasaisesti nelj\u00e4\u00e4n lokeroon, joiden mitat ovat 8,5 x 6,5 x 4 cm. Seitsem\u00e4nness\u00e4 tasossa on yhdeks\u00e4n pient\u00e4 lokeroa, joiden mitat ovat 5,5 x 4 x 4 cm. Lis\u00e4ksi matkalaukun sivut voidaan avata ulosp\u00e4in, ja molemmilla sivuilla on viisi koukkua ja tasku ketjuille. Tuotetiedot: Kokonaismitat: 36,5 x 30 x 17,5 cm Nettopaino: 4,2 kg V\u00e4ri: valkoinen Materiaali: keinonahka + keskitihe\u00e4 kuitulevy + sametti Toimitus sis\u00e4lt\u00e4\u00e4: 1x korulaatikko 1x avain<\/p>\n","protected":false},"excerpt":{"rendered":"<p>SONGMICS korulaatikko XXL korulaatikko 7 kerrosta, laatikot JBC06W<\/p>\n","protected":false},"featured_media":40683,"comment_status":"open","ping_status":"closed","template":"","meta":[],"product_brand":[],"product_cat":[32],"product_tag":[],"class_list":{"0":"post-31588","1":"product","2":"type-product","3":"status-publish","4":"has-post-thumbnail","6":"product_cat-uncategorized-fi","8":"first","9":"instock","10":"shipping-taxable","11":"purchasable","12":"product-type-simple"},"_links":{"self":[{"href":"https:\/\/nordicmart.andreevmaster.com\/fi\/wp-json\/wp\/v2\/product\/31588","targetHints":{"allow":["GET"]}}],"collection":[{"href":"https:\/\/nordicmart.andreevmaster.com\/fi\/wp-json\/wp\/v2\/product"}],"about":[{"href":"https:\/\/nordicmart.andreevmaster.com\/fi\/wp-json\/wp\/v2\/types\/product"}],"replies":[{"embeddable":true,"href":"https:\/\/nordicmart.andreevmaster.com\/fi\/wp-json\/wp\/v2\/comments?post=31588"}],"wp:featuredmedia":[{"embeddable":true,"href":"https:\/\/nordicmart.andreevmaster.com\/fi\/wp-json\/wp\/v2\/media\/40683"}],"wp:attachment":[{"href":"https:\/\/nordicmart.andreevmaster.com\/fi\/wp-json\/wp\/v2\/media?parent=31588"}],"wp:term":[{"taxonomy":"product_brand","embeddable":true,"href":"https:\/\/nordicmart.andreevmaster.com\/fi\/wp-json\/wp\/v2\/product_brand?post=31588"},{"taxonomy":"product_cat","embeddable":true,"href":"https:\/\/nordicmart.andreevmaster.com\/fi\/wp-json\/wp\/v2\/product_cat?post=31588"},{"taxonomy":"product_tag","embeddable":true,"href":"https:\/\/nordicmart.andreevmaster.com\/fi\/wp-json\/wp\/v2\/product_tag?post=31588"}],"curies":[{"name":"wp","href":"https:\/\/api.w.org\/{rel}","templated":true}]}}