{"id":31586,"date":"2026-02-27T00:14:05","date_gmt":"2026-02-27T00:14:05","guid":{"rendered":"https:\/\/nordicmart.andreevmaster.com\/product\/songmics-korulaatikko-3-laatikkoa-musta\/"},"modified":"2026-02-27T09:36:40","modified_gmt":"2026-02-27T09:36:40","slug":"songmics-korulaatikko-3-laatikkoa-musta","status":"publish","type":"product","link":"https:\/\/nordicmart.andreevmaster.com\/fi\/tuote\/songmics-korulaatikko-3-laatikkoa-musta\/","title":{"rendered":"SONGMICS korulaatikko 3 laatikkoa musta"},"content":{"rendered":"<p>Tuotetiedot V\u00e4ri: musta Materiaali: MDF (keskitihe\u00e4 kuitulevy) + sametti + keinonahka Tuotteen mitat: 29,5 x 19,5 x 21,8 cm (L x K x S);Peilin mitat: 22 x 14,4 cm; Sivutaskun mitat: 20,3 x 15,6 cm (2 x) Sormustaskun mitat: 5,8 x 18,7 cm 1. laatikon taskujen mitat: kukin 10,3 x 19,5 x 2,5 cm (2 kpl) 2. laatikon lokeroiden mitat: kukin 4,3 x 6,5 x 2,5 cm (15 kpl) 3. laatikon lokeroiden mitat: kukin 5 x 9,5 x 5,5 cm (8 kpl) Toimitus sis\u00e4lt\u00e4\u00e4 1 x korulaatikko 2 x avain<\/p>\n","protected":false},"excerpt":{"rendered":"<p>SONGMICS korurasia, iso korurasia, 3 laatikkoa ja peili, upea lahjaidea, valkoinen JBC04W<\/p>\n","protected":false},"featured_media":40681,"comment_status":"open","ping_status":"closed","template":"","meta":[],"product_brand":[],"product_cat":[32],"product_tag":[],"class_list":{"0":"post-31586","1":"product","2":"type-product","3":"status-publish","4":"has-post-thumbnail","6":"product_cat-uncategorized-fi","8":"first","9":"instock","10":"shipping-taxable","11":"purchasable","12":"product-type-simple"},"_links":{"self":[{"href":"https:\/\/nordicmart.andreevmaster.com\/fi\/wp-json\/wp\/v2\/product\/31586","targetHints":{"allow":["GET"]}}],"collection":[{"href":"https:\/\/nordicmart.andreevmaster.com\/fi\/wp-json\/wp\/v2\/product"}],"about":[{"href":"https:\/\/nordicmart.andreevmaster.com\/fi\/wp-json\/wp\/v2\/types\/product"}],"replies":[{"embeddable":true,"href":"https:\/\/nordicmart.andreevmaster.com\/fi\/wp-json\/wp\/v2\/comments?post=31586"}],"wp:featuredmedia":[{"embeddable":true,"href":"https:\/\/nordicmart.andreevmaster.com\/fi\/wp-json\/wp\/v2\/media\/40681"}],"wp:attachment":[{"href":"https:\/\/nordicmart.andreevmaster.com\/fi\/wp-json\/wp\/v2\/media?parent=31586"}],"wp:term":[{"taxonomy":"product_brand","embeddable":true,"href":"https:\/\/nordicmart.andreevmaster.com\/fi\/wp-json\/wp\/v2\/product_brand?post=31586"},{"taxonomy":"product_cat","embeddable":true,"href":"https:\/\/nordicmart.andreevmaster.com\/fi\/wp-json\/wp\/v2\/product_cat?post=31586"},{"taxonomy":"product_tag","embeddable":true,"href":"https:\/\/nordicmart.andreevmaster.com\/fi\/wp-json\/wp\/v2\/product_tag?post=31586"}],"curies":[{"name":"wp","href":"https:\/\/api.w.org\/{rel}","templated":true}]}}