{"id":31584,"date":"2026-02-27T00:14:04","date_gmt":"2026-02-27T00:14:04","guid":{"rendered":"https:\/\/nordicmart.andreevmaster.com\/product\/songmics-elegantti-korurasia-keinonahka-musta\/"},"modified":"2026-02-27T09:36:39","modified_gmt":"2026-02-27T09:36:39","slug":"songmics-elegantti-korurasia-keinonahka-musta","status":"publish","type":"product","link":"https:\/\/nordicmart.andreevmaster.com\/fi\/tuote\/songmics-elegantti-korurasia-keinonahka-musta\/","title":{"rendered":"SONGMICS Elegantti korurasia, keinonahka, musta"},"content":{"rendered":"<p>Tuotetiedot: Materiaali: Pinta: tekonahka, musta; Kehys: keskitihe\u00e4 puukuitulevy; Sis\u00e4tila: sametti Tuotteen mitat: 31 x 20 x 20 cm (L x K x S) Ensimm\u00e4inen laatikko on jaettu kolmeen osaan (8 x 15,7 x 2,2 cm + 11 x 15,7 x 2,2 cm + 8 x 15,7 x 2,2 cm)Toinen laatikko on jaettu kahteen osaan (13,7 x 15,7 x 2,2 cm); kolmas ja nelj\u00e4s laatikko ovat kumpikin suuria, 27,7 x 15,7 x 2,2 cm Nettopaino: 2,5 kg Toimitus sis\u00e4lt\u00e4\u00e4: 1 x korukotelo 2 x avain<\/p>\n","protected":false},"excerpt":{"rendered":"<p>SONGMICS lukittava korulaatikko peilill\u00e4, 5 tasoa, 4 laatikkoa JBC001<\/p>\n","protected":false},"featured_media":40679,"comment_status":"open","ping_status":"closed","template":"","meta":[],"product_brand":[],"product_cat":[32],"product_tag":[],"class_list":{"0":"post-31584","1":"product","2":"type-product","3":"status-publish","4":"has-post-thumbnail","6":"product_cat-uncategorized-fi","8":"first","9":"instock","10":"shipping-taxable","11":"purchasable","12":"product-type-simple"},"_links":{"self":[{"href":"https:\/\/nordicmart.andreevmaster.com\/fi\/wp-json\/wp\/v2\/product\/31584","targetHints":{"allow":["GET"]}}],"collection":[{"href":"https:\/\/nordicmart.andreevmaster.com\/fi\/wp-json\/wp\/v2\/product"}],"about":[{"href":"https:\/\/nordicmart.andreevmaster.com\/fi\/wp-json\/wp\/v2\/types\/product"}],"replies":[{"embeddable":true,"href":"https:\/\/nordicmart.andreevmaster.com\/fi\/wp-json\/wp\/v2\/comments?post=31584"}],"wp:featuredmedia":[{"embeddable":true,"href":"https:\/\/nordicmart.andreevmaster.com\/fi\/wp-json\/wp\/v2\/media\/40679"}],"wp:attachment":[{"href":"https:\/\/nordicmart.andreevmaster.com\/fi\/wp-json\/wp\/v2\/media?parent=31584"}],"wp:term":[{"taxonomy":"product_brand","embeddable":true,"href":"https:\/\/nordicmart.andreevmaster.com\/fi\/wp-json\/wp\/v2\/product_brand?post=31584"},{"taxonomy":"product_cat","embeddable":true,"href":"https:\/\/nordicmart.andreevmaster.com\/fi\/wp-json\/wp\/v2\/product_cat?post=31584"},{"taxonomy":"product_tag","embeddable":true,"href":"https:\/\/nordicmart.andreevmaster.com\/fi\/wp-json\/wp\/v2\/product_tag?post=31584"}],"curies":[{"name":"wp","href":"https:\/\/api.w.org\/{rel}","templated":true}]}}