{"id":31583,"date":"2026-02-27T00:14:04","date_gmt":"2026-02-27T00:14:04","guid":{"rendered":"https:\/\/nordicmart.andreevmaster.com\/product\/in-the-woods-vuodevaatteiden-setti-taytteen-koko-m\/"},"modified":"2026-02-27T09:36:39","modified_gmt":"2026-02-27T09:36:39","slug":"in-the-woods-vuodevaatteiden-setti-taytteen-koko-m","status":"publish","type":"product","link":"https:\/\/nordicmart.andreevmaster.com\/fi\/tuote\/in-the-woods-vuodevaatteiden-setti-taytteen-koko-m\/","title":{"rendered":"In the woods -vuodevaatteiden setti, t\u00e4ytteen koko M"},"content":{"rendered":"<p>Puuvillainen vuodevaatteiden setti, joka sis\u00e4lt\u00e4\u00e4 tyynyn ja t\u00e4ytetyn peiton, sopii 0\u20135-vuotiaille lapsille. <\/p>\n<p>Kaikki lapset rakastavat el\u00e4imi\u00e4 ja el\u00e4intarinoita. Siksi p\u00e4\u00e4timme luoda oman &#8221;In the Woods\u201d -sarjan, jossa on ainutlaatuisia ja v\u00e4rikk\u00e4it\u00e4 el\u00e4in- ja kasvikuoseja. Karhumme k\u00e4ytt\u00e4\u00e4 sukkia ja peura on mintunvihre\u00e4 ja pilkullinen! Halusimme luoda iloisen ja v\u00e4rikk\u00e4\u00e4n tunnelman. Olemme huolehtineet jokaisesta yksityiskohdasta. Viimeisen silauksen antavat peittoon ja tyynyyn lis\u00e4tyt reunusnauhat. <\/p>\n<p>Vuodevaatteet ovat kevyit\u00e4, herkki\u00e4 ja eiv\u00e4t ime kosteutta, kiitos hypoallergeenisen silikonikuituisen t\u00e4ytteen. Laadukkaat, sertifioidusta puuvillasta valmistetut p\u00e4\u00e4lliset ovat hengitt\u00e4vi\u00e4 ja takaavat lapsellesi mukavan unen.<\/p>\n<p>Vuodevaatteet, t\u00e4yte mukaan lukien, voidaan pest\u00e4 pesukoneessa, mik\u00e4 tekee niist\u00e4 k\u00e4yt\u00e4nn\u00f6llisi\u00e4 ja hygieenisi\u00e4. <\/p>\n<p>**Yksityiskohdat:**<br \/>\n&#8211; suunniteltu ja valmistettu Puolassa<br \/>\n&#8211; alkuper\u00e4iset el\u00e4inmallit peitteiden molemmilla puolilla<br \/>\n&#8211; painetut elementit eiv\u00e4t haalistu (edes toistuvien pesujen j\u00e4lkeen)<br \/>\n&#8211; 100 % puuvillaa, langan paino 150 g\/m2 ja Oeko-Tex Standard 100 IW 00034<br \/>\n&#8211; sertifikaatti; hypoallergeeninen 200 g\/m2 silikonikuitu<br \/>\n&#8211; pesul\u00e4mp\u00f6tila: 30 \u00b0C <\/p>\n<p>**Koot:**<br \/>\nPienille lapsille:<br \/>\nTyyny: 40&#215;60 cm<br \/>\nP\u00e4\u00e4llysvuode: 100&#215;135 cm <\/p>\n<p>**Isommille lapsille: **<br \/>\nTyyny: 40&#215;60 cm<br \/>\nP\u00e4\u00e4llysvuode: 140&#215;200 cm<\/p>\n<p>**Suositellaan t\u00e4h\u00e4n sarjaan: **<br \/>\nT\u00e4m\u00e4n vuodevaatteiden sarjan lis\u00e4varusteet:<br \/>\n&#8211; \u201dIn the Woods\u201d -lakana ep\u00e4s\u00e4\u00e4nn\u00f6llisill\u00e4 pisteill\u00e4 (sopiva) tai diagonaalisilla raidoilla ja t\u00e4hdill\u00e4<br \/>\n&#8211; t\u00e4htikuvioinen piquekansi kahdessa eri v\u00e4riss\u00e4: kermanvalkoinen tai vaalea harmaa<\/p>\n","protected":false},"excerpt":{"rendered":"<p>Puuvillainen vuodevaatteiden setti, joka sis\u00e4lt\u00e4\u00e4 tyynyn ja t\u00e4ytetyn peiton, sopii 0\u20135-vuotiaille lapsille. Kaikki lapset rakastavat el\u00e4imi\u00e4 ja el\u00e4intarinoita. Siksi p\u00e4\u00e4timme luoda oman &#8221;In the Woods\u201d -sarjan, jossa on ainutlaatuisia ja v\u00e4rikk\u00e4it\u00e4 el\u00e4in- ja kasvikuoseja. Karhumme k\u00e4ytt\u00e4\u00e4 sukkia ja peura on mintunvihre\u00e4 ja pilkullinen! Halusimme luoda iloisen ja v\u00e4rikk\u00e4\u00e4n tunnelman. Olemme huolehtineet jokaisesta yksityiskohdasta. Viimeisen silauksen [&hellip;]<\/p>\n","protected":false},"featured_media":0,"comment_status":"open","ping_status":"closed","template":"","meta":[],"product_brand":[],"product_cat":[32],"product_tag":[],"class_list":{"0":"post-31583","1":"product","2":"type-product","3":"status-publish","5":"product_cat-uncategorized-fi","7":"first","8":"instock","9":"shipping-taxable","10":"purchasable","11":"product-type-simple"},"_links":{"self":[{"href":"https:\/\/nordicmart.andreevmaster.com\/fi\/wp-json\/wp\/v2\/product\/31583","targetHints":{"allow":["GET"]}}],"collection":[{"href":"https:\/\/nordicmart.andreevmaster.com\/fi\/wp-json\/wp\/v2\/product"}],"about":[{"href":"https:\/\/nordicmart.andreevmaster.com\/fi\/wp-json\/wp\/v2\/types\/product"}],"replies":[{"embeddable":true,"href":"https:\/\/nordicmart.andreevmaster.com\/fi\/wp-json\/wp\/v2\/comments?post=31583"}],"wp:attachment":[{"href":"https:\/\/nordicmart.andreevmaster.com\/fi\/wp-json\/wp\/v2\/media?parent=31583"}],"wp:term":[{"taxonomy":"product_brand","embeddable":true,"href":"https:\/\/nordicmart.andreevmaster.com\/fi\/wp-json\/wp\/v2\/product_brand?post=31583"},{"taxonomy":"product_cat","embeddable":true,"href":"https:\/\/nordicmart.andreevmaster.com\/fi\/wp-json\/wp\/v2\/product_cat?post=31583"},{"taxonomy":"product_tag","embeddable":true,"href":"https:\/\/nordicmart.andreevmaster.com\/fi\/wp-json\/wp\/v2\/product_tag?post=31583"}],"curies":[{"name":"wp","href":"https:\/\/api.w.org\/{rel}","templated":true}]}}