{"id":31581,"date":"2026-02-27T00:14:04","date_gmt":"2026-02-27T00:14:04","guid":{"rendered":"https:\/\/nordicmart.andreevmaster.com\/product\/in-the-woods-lakanat-mooses-koriin\/"},"modified":"2026-02-27T09:36:39","modified_gmt":"2026-02-27T09:36:39","slug":"in-the-woods-lakanat-mooses-koriin","status":"publish","type":"product","link":"https:\/\/nordicmart.andreevmaster.com\/fi\/tuote\/in-the-woods-lakanat-mooses-koriin\/","title":{"rendered":"In the Woods -lakanat Mooses-koriin"},"content":{"rendered":"<p>Tiedot:<br \/>\n&#8211; lakana on valmistettu Oeko-TEX Standard 100 -sertifioidusta puuvillamusliinista,<br \/>\n&#8211; ilmava ja pehme\u00e4 kosketukseltaan,<br \/>\n&#8211; p\u00e4\u00e4dyiss\u00e4 joustava nauha, jonka ansiosta se ei luiskahda patjalta,<br \/>\n&#8211; v\u00e4ri ei haalistu edes toistuvien pesujen j\u00e4lkeen,<br \/>\n&#8211; sopii erinomaisesti Mooses-koriin, pinnas\u00e4nkyyn ja lastenvaunuun<\/p>\n<p>Kangas:<br \/>\n&#8211; puuvilla, Oeko-TEX Standard 100 -sertifikaatti<\/p>\n<p>Mitat (cm):<br \/>\n&#8211; sopii 72&#215;25 ja 65&#215;31 patjoille<\/p>\n<p>Pesu:<br \/>\n&#8211; konepest\u00e4v\u00e4 (30 asteessa),<br \/>\n&#8211; ei rumpukuivattava,<br \/>\n&#8211; voidaan silitt\u00e4\u00e4 kosteana korkeassa l\u00e4mp\u00f6tilassa,<br \/>\n&#8211; ei valkaista.<\/p>\n<p>V\u00e4rit:<br \/>\n&#8211; lumi,<br \/>\n&#8211; hunaja,<br \/>\n&#8211; maito,<br \/>\n&#8211; unikko,<br \/>\n&#8211; minttu,<br \/>\n&#8211; vaaleansininen<br \/>\n&#8211; karkki<\/p>\n","protected":false},"excerpt":{"rendered":"<p>Tiedot: &#8211; lakana on valmistettu Oeko-TEX Standard 100 -sertifioidusta puuvillamusliinista, &#8211; ilmava ja pehme\u00e4 kosketukseltaan, &#8211; p\u00e4\u00e4dyiss\u00e4 joustava nauha, jonka ansiosta se ei luiskahda patjalta, &#8211; v\u00e4ri ei haalistu edes toistuvien pesujen j\u00e4lkeen, &#8211; sopii erinomaisesti Mooses-koriin, pinnas\u00e4nkyyn ja lastenvaunuun Kangas: &#8211; puuvilla, Oeko-TEX Standard 100 -sertifikaatti Mitat (cm): &#8211; sopii 72&#215;25 ja 65&#215;31 patjoille [&hellip;]<\/p>\n","protected":false},"featured_media":0,"comment_status":"open","ping_status":"closed","template":"","meta":[],"product_brand":[],"product_cat":[32],"product_tag":[],"class_list":{"0":"post-31581","1":"product","2":"type-product","3":"status-publish","5":"product_cat-uncategorized-fi","7":"first","8":"instock","9":"shipping-taxable","10":"purchasable","11":"product-type-simple"},"_links":{"self":[{"href":"https:\/\/nordicmart.andreevmaster.com\/fi\/wp-json\/wp\/v2\/product\/31581","targetHints":{"allow":["GET"]}}],"collection":[{"href":"https:\/\/nordicmart.andreevmaster.com\/fi\/wp-json\/wp\/v2\/product"}],"about":[{"href":"https:\/\/nordicmart.andreevmaster.com\/fi\/wp-json\/wp\/v2\/types\/product"}],"replies":[{"embeddable":true,"href":"https:\/\/nordicmart.andreevmaster.com\/fi\/wp-json\/wp\/v2\/comments?post=31581"}],"wp:attachment":[{"href":"https:\/\/nordicmart.andreevmaster.com\/fi\/wp-json\/wp\/v2\/media?parent=31581"}],"wp:term":[{"taxonomy":"product_brand","embeddable":true,"href":"https:\/\/nordicmart.andreevmaster.com\/fi\/wp-json\/wp\/v2\/product_brand?post=31581"},{"taxonomy":"product_cat","embeddable":true,"href":"https:\/\/nordicmart.andreevmaster.com\/fi\/wp-json\/wp\/v2\/product_cat?post=31581"},{"taxonomy":"product_tag","embeddable":true,"href":"https:\/\/nordicmart.andreevmaster.com\/fi\/wp-json\/wp\/v2\/product_tag?post=31581"}],"curies":[{"name":"wp","href":"https:\/\/api.w.org\/{rel}","templated":true}]}}