{"id":31580,"date":"2026-02-27T00:14:04","date_gmt":"2026-02-27T00:14:04","guid":{"rendered":"https:\/\/nordicmart.andreevmaster.com\/product\/ines-neutraali-harmaa-3-ovinen-vaatekaappi\/"},"modified":"2026-02-27T09:36:39","modified_gmt":"2026-02-27T09:36:39","slug":"ines-neutraali-harmaa-3-ovinen-vaatekaappi","status":"publish","type":"product","link":"https:\/\/nordicmart.andreevmaster.com\/fi\/tuote\/ines-neutraali-harmaa-3-ovinen-vaatekaappi\/","title":{"rendered":"Ines neutraali harmaa 3-ovinen vaatekaappi"},"content":{"rendered":"<p>Eritt\u00e4in tilava, kolmiovinen vaatekaappi on v\u00e4ltt\u00e4m\u00e4t\u00f6n elementti sisaruksille.<br \/>\nKaappi on suunniteltu kahdesta osasta: leve\u00e4mm\u00e4st\u00e4 ja kapeammasta. Leve\u00e4mpi, kaksiovinen osa on varustettu ripustustangolla ja kahdella tilavalla hyllyll\u00e4 (jotka peitt\u00e4v\u00e4t koko kaapin t\u00e4m\u00e4n osan leveyden). Kapeammassa osassa on hyllyj\u00e4, joista kolme on s\u00e4\u00e4dett\u00e4viss\u00e4.<br \/>\nKaapin t\u00e4ydent\u00e4v\u00e4t kaksi laatikkoa: leve\u00e4mpi ja kapeampi, jotka on varustettu Blum-kiskoilla ja pehme\u00e4ll\u00e4 sulkeutumistoiminnolla.<\/p>\n<p>**Mitat (cm):**<br \/>\nkorkeus: 180<br \/>\nleveys: 150,5<br \/>\nsyvyys: 51<\/p>\n<p>**Huonekalujen materiaalit ja viimeistely:**<br \/>\n&#8211; ovet, laatikoiden etuosat, sivut, yl\u00e4osa ja sokkeli on valmistettu lakatusta MDF-levyst\u00e4, joka on elegantin valkoinen tai neutraali harmaa<br \/>\n&#8211; runko on valmistettu korkealaatuisesta laminoidusta levyst\u00e4, joka kest\u00e4\u00e4 vaurioita ja kosteutta ja on helppo pit\u00e4\u00e4 puhtaana<br \/>\n&#8211; hiljaiset kiskot, joissa on Blum-sulkeutumistoiminto<br \/>\n&#8211; k\u00e4sintehdyt posliinikahvat laatikoissa<br \/>\n&#8211; lakkaamisessa k\u00e4ytetyt maalit ovat lapsille turvallisia, EN71\/3-hyv\u00e4ksyttyj\u00e4 eiv\u00e4tk\u00e4 aiheuta allergiaa.<\/p>\n<p>**V\u00e4rit:**<br \/>\n&#8211; tyylik\u00e4s valkoinen<br \/>\n&#8211; neutraali harmaa.<\/p>\n<p>**K\u00e4ytt\u00f6ohje:**<br \/>\nHuonekalut tulee puhdistaa pehme\u00e4ll\u00e4, vedell\u00e4 kostutetulla puuvillakankaalla tai huonekalujen hoitoon tarkoitetulla tuotteella. <\/p>\n<p>**Lis\u00e4tietoja:**<br \/>\nHuonekalut toimitetaan pakkauksissa, jotka on tarkoitettu itse koottaviksi. Pakkaukset sis\u00e4lt\u00e4v\u00e4t yksityiskohtaiset asennusohjeet sek\u00e4 tarvikkeet (ruuvit jne.).<\/p>\n","protected":false},"excerpt":{"rendered":"<p>Eritt\u00e4in tilava, kolmiovinen vaatekaappi on v\u00e4ltt\u00e4m\u00e4t\u00f6n elementti sisaruksille. Kaappi on suunniteltu kahdesta osasta: leve\u00e4mm\u00e4st\u00e4 ja kapeammasta. Leve\u00e4mpi, kaksiovinen osa on varustettu ripustustangolla ja kahdella tilavalla hyllyll\u00e4 (jotka peitt\u00e4v\u00e4t koko kaapin t\u00e4m\u00e4n osan leveyden). Kapeammassa osassa on hyllyj\u00e4, joista kolme on s\u00e4\u00e4dett\u00e4viss\u00e4. Kaapin t\u00e4ydent\u00e4v\u00e4t kaksi laatikkoa: leve\u00e4mpi ja kapeampi, jotka on varustettu Blum-kiskoilla ja pehme\u00e4ll\u00e4 sulkeutumistoiminnolla. [&hellip;]<\/p>\n","protected":false},"featured_media":0,"comment_status":"open","ping_status":"closed","template":"","meta":[],"product_brand":[],"product_cat":[32],"product_tag":[],"class_list":{"0":"post-31580","1":"product","2":"type-product","3":"status-publish","5":"product_cat-uncategorized-fi","7":"first","8":"instock","9":"shipping-taxable","10":"purchasable","11":"product-type-simple"},"_links":{"self":[{"href":"https:\/\/nordicmart.andreevmaster.com\/fi\/wp-json\/wp\/v2\/product\/31580","targetHints":{"allow":["GET"]}}],"collection":[{"href":"https:\/\/nordicmart.andreevmaster.com\/fi\/wp-json\/wp\/v2\/product"}],"about":[{"href":"https:\/\/nordicmart.andreevmaster.com\/fi\/wp-json\/wp\/v2\/types\/product"}],"replies":[{"embeddable":true,"href":"https:\/\/nordicmart.andreevmaster.com\/fi\/wp-json\/wp\/v2\/comments?post=31580"}],"wp:attachment":[{"href":"https:\/\/nordicmart.andreevmaster.com\/fi\/wp-json\/wp\/v2\/media?parent=31580"}],"wp:term":[{"taxonomy":"product_brand","embeddable":true,"href":"https:\/\/nordicmart.andreevmaster.com\/fi\/wp-json\/wp\/v2\/product_brand?post=31580"},{"taxonomy":"product_cat","embeddable":true,"href":"https:\/\/nordicmart.andreevmaster.com\/fi\/wp-json\/wp\/v2\/product_cat?post=31580"},{"taxonomy":"product_tag","embeddable":true,"href":"https:\/\/nordicmart.andreevmaster.com\/fi\/wp-json\/wp\/v2\/product_tag?post=31580"}],"curies":[{"name":"wp","href":"https:\/\/api.w.org\/{rel}","templated":true}]}}