{"id":31578,"date":"2026-02-27T00:14:03","date_gmt":"2026-02-27T00:14:03","guid":{"rendered":"https:\/\/nordicmart.andreevmaster.com\/product\/ines-neutraali-harmaa-yopoyta\/"},"modified":"2026-02-27T09:36:38","modified_gmt":"2026-02-27T09:36:38","slug":"ines-neutraali-harmaa-yopoyta","status":"publish","type":"product","link":"https:\/\/nordicmart.andreevmaster.com\/fi\/tuote\/ines-neutraali-harmaa-yopoyta\/","title":{"rendered":"Ines neutraali harmaa y\u00f6p\u00f6yt\u00e4"},"content":{"rendered":"<p>Ines-y\u00f6p\u00f6yt\u00e4 yhdist\u00e4\u00e4 tyylikk\u00e4\u00e4n muotoilun ja maksimaalisen toiminnallisuuden, tarjoten ratkaisun, joka on r\u00e4\u00e4t\u00e4l\u00f6ity sek\u00e4 nuorten ett\u00e4 vanhempien lasten ja vanhempien tarpeisiin. Sen kompakti koko mahdollistaa sijoittamisen mihin tahansa kotiin, ja se t\u00e4ydent\u00e4\u00e4 t\u00e4ydellisesti mit\u00e4 tahansa huonetta mukavuudella ja tyylill\u00e4. <\/p>\n<p>T\u00e4rkeimm\u00e4t ominaisuudet:<br \/>\n\u2022 K\u00e4yt\u00e4nn\u00f6llinen s\u00e4ilytystila: Kaksi GTV-kuulalaakereilla varustettua laatikkoa tarjoavat tilaa t\u00e4rkeimmille pikkuesineille<br \/>\n\u2022 K\u00e4sintehdyt kahvat: Ergonomiset kahvat takaavat k\u00e4ytt\u00f6mukavuuden<br \/>\n\u2022 Monipuolinen k\u00e4ytt\u00f6: Ihanteellinen paitsi lastenhuoneisiin my\u00f6s vanhempien makuuhuoneisiin<br \/>\n\u2022 Turvalliset materiaalit: T\u00e4ytt\u00e4\u00e4 eurooppalaiset turvallisuusstandardit, lapsille sopivat vesiohenteiset lakat.  <\/p>\n<p>Materiaalit ja viimeistely:  \u2022 Jalat: lakattu py\u00f6kkipuu \u2022 Yl\u00e4osa ja laatikoiden etuosat: lakattu MDF-levy \u2022 Sivut: lakattu laminoitu levy \u2022 Laatikoiden sivut ja takaosa, pohjan reunus: laminoitu levy  <\/p>\n<p>Lakauksessa k\u00e4ytetyt vesipohjaiset lakat ovat lapsille turvallisia ja sertifioituja lasten huonekaluja ja leluja koskevan EN71\/3-standardin mukaisesti. <\/p>\n<p>Mitat:<br \/>\n\u2022 Korkeus: 59 cm<br \/>\n\u2022 Syvyys: 40 cm<br \/>\n\u2022 Leveys: 51 cm  <\/p>\n<p> Saatavilla olevat v\u00e4rit:  \u2022 Elegantti valkoinen<br \/>\n\u2022 Neutraali harmaa  <\/p>\n<p> Hoito-ohjeet: <\/p>\n<p>Huonekalut tulee pyyhki\u00e4 pehme\u00e4ll\u00e4, vedell\u00e4 tai huonekalujen hoitoaineella kostutetulla puuvillakankaalla, jotta ne s\u00e4ilytt\u00e4v\u00e4t kauneutensa ja kest\u00e4vyytens\u00e4 vuosien ajan. <\/p>\n<p>Lis\u00e4tietoja: <\/p>\n<p>Huonekalut toimitetaan itse koottavina paketteina, joissa on helppotajuiset ohjeet ja tarvittavat tarvikkeet.<\/p>\n","protected":false},"excerpt":{"rendered":"<p>Ines-y\u00f6p\u00f6yt\u00e4 yhdist\u00e4\u00e4 tyylikk\u00e4\u00e4n muotoilun ja maksimaalisen toiminnallisuuden, tarjoten ratkaisun, joka on r\u00e4\u00e4t\u00e4l\u00f6ity sek\u00e4 nuorten ett\u00e4 vanhempien lasten ja vanhempien tarpeisiin. Sen kompakti koko mahdollistaa sijoittamisen mihin tahansa kotiin, ja se t\u00e4ydent\u00e4\u00e4 t\u00e4ydellisesti mit\u00e4 tahansa huonetta mukavuudella ja tyylill\u00e4. T\u00e4rkeimm\u00e4t ominaisuudet: \u2022 K\u00e4yt\u00e4nn\u00f6llinen s\u00e4ilytystila: Kaksi GTV-kuulalaakereilla varustettua laatikkoa tarjoavat tilaa t\u00e4rkeimmille pikkuesineille \u2022 K\u00e4sintehdyt kahvat: Ergonomiset [&hellip;]<\/p>\n","protected":false},"featured_media":0,"comment_status":"open","ping_status":"closed","template":"","meta":[],"product_brand":[],"product_cat":[32],"product_tag":[],"class_list":{"0":"post-31578","1":"product","2":"type-product","3":"status-publish","5":"product_cat-uncategorized-fi","7":"first","8":"instock","9":"shipping-taxable","10":"purchasable","11":"product-type-simple"},"_links":{"self":[{"href":"https:\/\/nordicmart.andreevmaster.com\/fi\/wp-json\/wp\/v2\/product\/31578","targetHints":{"allow":["GET"]}}],"collection":[{"href":"https:\/\/nordicmart.andreevmaster.com\/fi\/wp-json\/wp\/v2\/product"}],"about":[{"href":"https:\/\/nordicmart.andreevmaster.com\/fi\/wp-json\/wp\/v2\/types\/product"}],"replies":[{"embeddable":true,"href":"https:\/\/nordicmart.andreevmaster.com\/fi\/wp-json\/wp\/v2\/comments?post=31578"}],"wp:attachment":[{"href":"https:\/\/nordicmart.andreevmaster.com\/fi\/wp-json\/wp\/v2\/media?parent=31578"}],"wp:term":[{"taxonomy":"product_brand","embeddable":true,"href":"https:\/\/nordicmart.andreevmaster.com\/fi\/wp-json\/wp\/v2\/product_brand?post=31578"},{"taxonomy":"product_cat","embeddable":true,"href":"https:\/\/nordicmart.andreevmaster.com\/fi\/wp-json\/wp\/v2\/product_cat?post=31578"},{"taxonomy":"product_tag","embeddable":true,"href":"https:\/\/nordicmart.andreevmaster.com\/fi\/wp-json\/wp\/v2\/product_tag?post=31578"}],"curies":[{"name":"wp","href":"https:\/\/api.w.org\/{rel}","templated":true}]}}