{"id":31577,"date":"2026-02-27T00:14:03","date_gmt":"2026-02-27T00:14:03","guid":{"rendered":"https:\/\/nordicmart.andreevmaster.com\/product\/ines-neutraali-harmaa-lelulaatikko\/"},"modified":"2026-02-27T09:36:38","modified_gmt":"2026-02-27T09:36:38","slug":"ines-neutraali-harmaa-lelulaatikko","status":"publish","type":"product","link":"https:\/\/nordicmart.andreevmaster.com\/fi\/tuote\/ines-neutraali-harmaa-lelulaatikko\/","title":{"rendered":"Ines neutraali harmaa lelulaatikko"},"content":{"rendered":"<p>Jokainen lapsi haaveilee paikasta, johon voi piilottaa lelunsa ja aarteensa, ja jokainen vanhempi haaveilee lastenhuoneen siisteydest\u00e4. Siksi olemme valmistaneet niin tilavan lelulaatikon.  **T\u00e4rkeimm\u00e4t edut:**<br \/>\n&#8211; turvallinen kannen sulkemisj\u00e4rjestelm\u00e4<br \/>\n&#8211; upotetut rei\u00e4t, jotka suojaavat sormien puristumiselta<br \/>\n&#8211; tilava s\u00e4ilytyspaikka kaikille vauvan leluille\/peitoille jne. **Mitat (cm)**:<br \/>\nkorkeus: 56<br \/>\nleveys: 68,2<br \/>\nsyvyys: 50 **Huonekalujen materiaalit ja viimeistely:**<br \/>\n&#8211; Lelulaatikko on valmistettu korkealaatuisesta MDF-levyst\u00e4 (kaikki ulko-osat) ja huonekalulevyst\u00e4 (pohja ja takapuoli), maalattu neutraalilla harmaalla v\u00e4rill\u00e4<br \/>\n&#8211; turvallinen kannen sulkemisj\u00e4rjestelm\u00e4 <\/p>\n<p>**V\u00e4rit:**<br \/>\n&#8211; tyylik\u00e4s valkoinen<br \/>\n&#8211; neutraali harmaa.<\/p>\n<p>**K\u00e4ytt\u00f6ohje:**<br \/>\nHuonekalut tulee puhdistaa pehme\u00e4ll\u00e4, vedell\u00e4 kostutetulla puuvillakankaalla tai huonekalujen hoitoon tarkoitetulla tuotteella.<\/p>\n<p>**Lis\u00e4tietoja:**<br \/>\nHuonekalut toimitetaan pakkauksissa, jotka on tarkoitettu itse koottaviksi. Pakkaukset sis\u00e4lt\u00e4v\u00e4t yksityiskohtaiset kokoamisohjeet sek\u00e4 tarvikkeet (ruuvit jne.).<\/p>\n","protected":false},"excerpt":{"rendered":"<p>Jokainen lapsi haaveilee paikasta, johon voi piilottaa lelunsa ja aarteensa, ja jokainen vanhempi haaveilee lastenhuoneen siisteydest\u00e4. Siksi olemme valmistaneet niin tilavan lelulaatikon. **T\u00e4rkeimm\u00e4t edut:** &#8211; turvallinen kannen sulkemisj\u00e4rjestelm\u00e4 &#8211; upotetut rei\u00e4t, jotka suojaavat sormien puristumiselta &#8211; tilava s\u00e4ilytyspaikka kaikille vauvan leluille\/peitoille jne. **Mitat (cm)**: korkeus: 56 leveys: 68,2 syvyys: 50 **Huonekalujen materiaalit ja viimeistely:** &#8211; [&hellip;]<\/p>\n","protected":false},"featured_media":0,"comment_status":"open","ping_status":"closed","template":"","meta":[],"product_brand":[],"product_cat":[32],"product_tag":[],"class_list":{"0":"post-31577","1":"product","2":"type-product","3":"status-publish","5":"product_cat-uncategorized-fi","7":"first","8":"instock","9":"shipping-taxable","10":"purchasable","11":"product-type-simple"},"_links":{"self":[{"href":"https:\/\/nordicmart.andreevmaster.com\/fi\/wp-json\/wp\/v2\/product\/31577","targetHints":{"allow":["GET"]}}],"collection":[{"href":"https:\/\/nordicmart.andreevmaster.com\/fi\/wp-json\/wp\/v2\/product"}],"about":[{"href":"https:\/\/nordicmart.andreevmaster.com\/fi\/wp-json\/wp\/v2\/types\/product"}],"replies":[{"embeddable":true,"href":"https:\/\/nordicmart.andreevmaster.com\/fi\/wp-json\/wp\/v2\/comments?post=31577"}],"wp:attachment":[{"href":"https:\/\/nordicmart.andreevmaster.com\/fi\/wp-json\/wp\/v2\/media?parent=31577"}],"wp:term":[{"taxonomy":"product_brand","embeddable":true,"href":"https:\/\/nordicmart.andreevmaster.com\/fi\/wp-json\/wp\/v2\/product_brand?post=31577"},{"taxonomy":"product_cat","embeddable":true,"href":"https:\/\/nordicmart.andreevmaster.com\/fi\/wp-json\/wp\/v2\/product_cat?post=31577"},{"taxonomy":"product_tag","embeddable":true,"href":"https:\/\/nordicmart.andreevmaster.com\/fi\/wp-json\/wp\/v2\/product_tag?post=31577"}],"curies":[{"name":"wp","href":"https:\/\/api.w.org\/{rel}","templated":true}]}}