{"id":31569,"date":"2026-02-27T00:14:01","date_gmt":"2026-02-27T00:14:01","guid":{"rendered":"https:\/\/nordicmart.andreevmaster.com\/product\/ines-neutraali-harmaa-4-laatikkoinen-lipasto\/"},"modified":"2026-02-27T09:36:36","modified_gmt":"2026-02-27T09:36:36","slug":"ines-neutraali-harmaa-4-laatikkoinen-lipasto","status":"publish","type":"product","link":"https:\/\/nordicmart.andreevmaster.com\/fi\/tuote\/ines-neutraali-harmaa-4-laatikkoinen-lipasto\/","title":{"rendered":"Ines neutraali harmaa 4-laatikkoinen lipasto"},"content":{"rendered":"<p>Ines 4-laatikkoinen lipasto on hyv\u00e4 valinta vanhemmille lapsille. Kuten kaikki malliston lipastot, se on klassinen, tyylik\u00e4s ja eritt\u00e4in toimiva.<br \/>\nParas valinta lastenhuoneeseen tai vanhempien makuuhuoneeseen.<br \/>\nLipasto on sovitettu hoitop\u00f6yd\u00e4n asennusta varten (vasemmalle tai oikealle puolelle).<br \/>\nSaatavana kahdessa v\u00e4riss\u00e4: tyylik\u00e4s valkoinen tai neutraali harmaa.<br \/>\n**T\u00e4rkeimm\u00e4t edut:**<br \/>\n&#8211; kolme tilavaa laatikkoa (ensimm\u00e4inen laatikko on jaettu kahteen osaan),<br \/>\n&#8211; vaippap\u00f6yt\u00e4 voidaan asentaa p\u00e4\u00e4lle,<br \/>\n&#8211; voidaan kiinnitt\u00e4\u00e4 sein\u00e4\u00e4n \u2013 suositeltavaa,<br \/>\n&#8211; hiljaiset Blum-ohjainkiskot, joissa on itsest\u00e4\u00e4n sulkeutuva toiminto<br \/>\n&#8211; mukavat k\u00e4sintehdyt kahvat,<br \/>\n&#8211; t\u00e4ytt\u00e4\u00e4 eurooppalaiset standardit ja turvallisuusnormit.<\/p>\n<p>**Mitat (cm):**<br \/>\nkorkeus: 90<br \/>\nsyvyys: 51<br \/>\nleveys: 120<\/p>\n<p>**Huonekalujen materiaalit ja viimeistely:**<br \/>\n&#8211; laatikoiden etuosat, sivut, yl\u00e4osa ja sokkeli on valmistettu lakatusta MDF-levyst\u00e4, v\u00e4ri tyylik\u00e4s valkoinen tai neutraali harmaa<br \/>\n&#8211; runko on valmistettu korkealaatuisesta laminoidusta levyst\u00e4, joka kest\u00e4\u00e4 vaurioita ja kosteutta ja on helppo pit\u00e4\u00e4 puhtaana &#8211; hiljaiset kiskot, joissa on Blum-itsesulkeutuva toiminto<br \/>\n&#8211; k\u00e4sintehdyt posliinikahvat<br \/>\n&#8211; lakkaamisessa k\u00e4ytetyt maalit ovat lapsille turvallisia, EN71\/3-hyv\u00e4ksyttyj\u00e4 eiv\u00e4tk\u00e4 aiheuta allergiaa.<\/p>\n<p>**V\u00e4rit:**<br \/>\n&#8211; tyylik\u00e4s valkoinen<br \/>\n&#8211; neutraali harmaa.<\/p>\n<p>**K\u00e4ytt\u00f6ohje:**<br \/>\nHuonekalut tulee puhdistaa pehme\u00e4ll\u00e4, vedell\u00e4 kostutetulla puuvillakankaalla tai huonekalujen hoitoon tarkoitetulla tuotteella. **Lis\u00e4tietoja:**<br \/>\nHuonekalut toimitetaan pakkauksissa, jotka on tarkoitettu itse koottaviksi. Pakkaukset sis\u00e4lt\u00e4v\u00e4t yksityiskohtaiset asennusohjeet sek\u00e4 tarvikkeet (ruuvit jne.).<\/p>\n","protected":false},"excerpt":{"rendered":"<p>Ines 4-laatikkoinen lipasto on hyv\u00e4 valinta vanhemmille lapsille. Kuten kaikki malliston lipastot, se on klassinen, tyylik\u00e4s ja eritt\u00e4in toimiva. Paras valinta lastenhuoneeseen tai vanhempien makuuhuoneeseen. Lipasto on sovitettu hoitop\u00f6yd\u00e4n asennusta varten (vasemmalle tai oikealle puolelle). Saatavana kahdessa v\u00e4riss\u00e4: tyylik\u00e4s valkoinen tai neutraali harmaa. **T\u00e4rkeimm\u00e4t edut:** &#8211; kolme tilavaa laatikkoa (ensimm\u00e4inen laatikko on jaettu kahteen osaan), [&hellip;]<\/p>\n","protected":false},"featured_media":0,"comment_status":"open","ping_status":"closed","template":"","meta":[],"product_brand":[],"product_cat":[32],"product_tag":[],"class_list":{"0":"post-31569","1":"product","2":"type-product","3":"status-publish","5":"product_cat-uncategorized-fi","7":"first","8":"instock","9":"shipping-taxable","10":"purchasable","11":"product-type-simple"},"_links":{"self":[{"href":"https:\/\/nordicmart.andreevmaster.com\/fi\/wp-json\/wp\/v2\/product\/31569","targetHints":{"allow":["GET"]}}],"collection":[{"href":"https:\/\/nordicmart.andreevmaster.com\/fi\/wp-json\/wp\/v2\/product"}],"about":[{"href":"https:\/\/nordicmart.andreevmaster.com\/fi\/wp-json\/wp\/v2\/types\/product"}],"replies":[{"embeddable":true,"href":"https:\/\/nordicmart.andreevmaster.com\/fi\/wp-json\/wp\/v2\/comments?post=31569"}],"wp:attachment":[{"href":"https:\/\/nordicmart.andreevmaster.com\/fi\/wp-json\/wp\/v2\/media?parent=31569"}],"wp:term":[{"taxonomy":"product_brand","embeddable":true,"href":"https:\/\/nordicmart.andreevmaster.com\/fi\/wp-json\/wp\/v2\/product_brand?post=31569"},{"taxonomy":"product_cat","embeddable":true,"href":"https:\/\/nordicmart.andreevmaster.com\/fi\/wp-json\/wp\/v2\/product_cat?post=31569"},{"taxonomy":"product_tag","embeddable":true,"href":"https:\/\/nordicmart.andreevmaster.com\/fi\/wp-json\/wp\/v2\/product_tag?post=31569"}],"curies":[{"name":"wp","href":"https:\/\/api.w.org\/{rel}","templated":true}]}}