{"id":31568,"date":"2026-02-27T00:14:01","date_gmt":"2026-02-27T00:14:01","guid":{"rendered":"https:\/\/nordicmart.andreevmaster.com\/product\/ines-neutraali-harmaa-2-ovinen-lipasto\/"},"modified":"2026-02-27T09:36:36","modified_gmt":"2026-02-27T09:36:36","slug":"ines-neutraali-harmaa-2-ovinen-lipasto","status":"publish","type":"product","link":"https:\/\/nordicmart.andreevmaster.com\/fi\/tuote\/ines-neutraali-harmaa-2-ovinen-lipasto\/","title":{"rendered":"Ines neutraali harmaa 2-ovinen lipasto"},"content":{"rendered":"<p>Ines-sarjan kirjahylly on klassisen tyylinen, t\u00e4ynn\u00e4 eleganssia ja maksimaalista toiminnallisuutta.<br \/>\n Se sopii t\u00e4ydellisesti lastenhuoneeseen, vanhempien makuuhuoneeseen tai eteiseen. Se on tilava ja siin\u00e4 on runsaasti tilaa monille tavaroille.  <\/p>\n<p>T\u00e4rkeimm\u00e4t edut:<br \/>\n &#8211; 4 hylly\u00e4, joista 3 on s\u00e4\u00e4dett\u00e4viss\u00e4<br \/>\n &#8211; tilava laatikko &#8211;<br \/>\n  k\u00e4sintehdyt kahvat, eritt\u00e4in mukavat k\u00e4ytt\u00e4\u00e4<br \/>\n &#8211; voidaan kiinnitt\u00e4\u00e4 sein\u00e4\u00e4n (suositeltavaa)<br \/>\n &#8211; t\u00e4ytt\u00e4\u00e4 eurooppalaiset turvallisuusstandardit ja -normit<\/p>\n<p> Mitat (cm):<br \/>\n Leveys: 83,8 cm<br \/>\n korkeus: 125 cm<br \/>\n syvyys: 43,6 cm <\/p>\n<p>Huonekalujen muotoilu ja viimeistely:<br \/>\n &#8211; laatikoiden etuosat, sivut, yl\u00e4osa ja pohjat on valmistettu MDF-levyst\u00e4, joka on lakattu tyylikk\u00e4\u00e4ksi valkoiseksi tai neutraaliksi harmaaksi<br \/>\n &#8211; sis\u00e4iset hyllyt on valmistettu korkealaatuisesta laminoidusta levyst\u00e4, joka on petsattu valkoiseksi &#8211;<br \/>\n korkealaatuiset Blum-kiskot sulkeutumis- ja hidastinj\u00e4rjestelm\u00e4ll\u00e4 &#8211;<br \/>\n k\u00e4sintehdyt posliinikahvat<br \/>\n &#8211; maalauksessa k\u00e4ytetyt maalit ovat lapsille turvallisia, sertifioituja ja eiv\u00e4t aiheuta allergioita <\/p>\n<p>V\u00e4rit:<br \/>\n &#8211; tyylik\u00e4s valkoinen<br \/>\n &#8211; neutraali harmaa <\/p>\n<p>Ohjeet:<br \/>\n Kirjahylly tulee puhdistaa pehme\u00e4ll\u00e4, vedell\u00e4 kostutetulla puuvillakankaalla tai huonekalujen hoitoaineella. <\/p>\n<p>Lis\u00e4tietoja: <\/p>\n<p>Huonekalut toimitetaan pakkauksissa itse koottaviksi. Yksityiskohtaiset kokoonpano-ohjeet ovat pakkauksissa yhdess\u00e4 tarvikkeiden (ruuvit jne.) kanssa.<\/p>\n","protected":false},"excerpt":{"rendered":"<p>Ines-sarjan kirjahylly on klassisen tyylinen, t\u00e4ynn\u00e4 eleganssia ja maksimaalista toiminnallisuutta. Se sopii t\u00e4ydellisesti lastenhuoneeseen, vanhempien makuuhuoneeseen tai eteiseen. Se on tilava ja siin\u00e4 on runsaasti tilaa monille tavaroille. T\u00e4rkeimm\u00e4t edut: &#8211; 4 hylly\u00e4, joista 3 on s\u00e4\u00e4dett\u00e4viss\u00e4 &#8211; tilava laatikko &#8211; k\u00e4sintehdyt kahvat, eritt\u00e4in mukavat k\u00e4ytt\u00e4\u00e4 &#8211; voidaan kiinnitt\u00e4\u00e4 sein\u00e4\u00e4n (suositeltavaa) &#8211; t\u00e4ytt\u00e4\u00e4 eurooppalaiset turvallisuusstandardit [&hellip;]<\/p>\n","protected":false},"featured_media":0,"comment_status":"open","ping_status":"closed","template":"","meta":[],"product_brand":[],"product_cat":[32],"product_tag":[],"class_list":{"0":"post-31568","1":"product","2":"type-product","3":"status-publish","5":"product_cat-uncategorized-fi","7":"first","8":"instock","9":"shipping-taxable","10":"purchasable","11":"product-type-simple"},"_links":{"self":[{"href":"https:\/\/nordicmart.andreevmaster.com\/fi\/wp-json\/wp\/v2\/product\/31568","targetHints":{"allow":["GET"]}}],"collection":[{"href":"https:\/\/nordicmart.andreevmaster.com\/fi\/wp-json\/wp\/v2\/product"}],"about":[{"href":"https:\/\/nordicmart.andreevmaster.com\/fi\/wp-json\/wp\/v2\/types\/product"}],"replies":[{"embeddable":true,"href":"https:\/\/nordicmart.andreevmaster.com\/fi\/wp-json\/wp\/v2\/comments?post=31568"}],"wp:attachment":[{"href":"https:\/\/nordicmart.andreevmaster.com\/fi\/wp-json\/wp\/v2\/media?parent=31568"}],"wp:term":[{"taxonomy":"product_brand","embeddable":true,"href":"https:\/\/nordicmart.andreevmaster.com\/fi\/wp-json\/wp\/v2\/product_brand?post=31568"},{"taxonomy":"product_cat","embeddable":true,"href":"https:\/\/nordicmart.andreevmaster.com\/fi\/wp-json\/wp\/v2\/product_cat?post=31568"},{"taxonomy":"product_tag","embeddable":true,"href":"https:\/\/nordicmart.andreevmaster.com\/fi\/wp-json\/wp\/v2\/product_tag?post=31568"}],"curies":[{"name":"wp","href":"https:\/\/api.w.org\/{rel}","templated":true}]}}