{"id":31567,"date":"2026-02-27T00:14:01","date_gmt":"2026-02-27T00:14:01","guid":{"rendered":"https:\/\/nordicmart.andreevmaster.com\/product\/ines-neutraali-harmaa-tyopoyta\/"},"modified":"2026-02-27T09:36:36","modified_gmt":"2026-02-27T09:36:36","slug":"ines-neutraali-harmaa-tyopoyta","status":"publish","type":"product","link":"https:\/\/nordicmart.andreevmaster.com\/fi\/tuote\/ines-neutraali-harmaa-tyopoyta\/","title":{"rendered":"Ines neutraali harmaa ty\u00f6p\u00f6yt\u00e4"},"content":{"rendered":"<p>Ennemmin tai my\u00f6hemmin ty\u00f6p\u00f6yt\u00e4 on v\u00e4ltt\u00e4m\u00e4t\u00f6n lis\u00e4varuste jokaisen lapsen huoneeseen.<br \/>\nKoko Ines-kokoelmaan sopii erinomaisesti tyylik\u00e4s ja elegantti ty\u00f6p\u00f6yt\u00e4, jossa on kaksi isoa laatikkoa. Ajaton muotoilu tekee siit\u00e4 ihanteellisen ratkaisun paitsi lastenhuoneeseen.<\/p>\n<p>**T\u00e4rkeimm\u00e4t ominaisuudet ja edut:**<br \/>\n&#8211; 2 tilavaa laatikkoa<\/p>\n<p>**Mitat (cm):**<br \/>\nkorkeus: 78<br \/>\nsyvyys: 65<br \/>\nleveys: 120<\/p>\n<p>**Huonekalujen valmistus ja viimeistely:**<br \/>\n&#8211; huonekalujen runko on valmistettu korkealaatuisesta MDF-levyst\u00e4 ja lastulevyst\u00e4<br \/>\n&#8211; huonekalujen runko on asetettu py\u00f6kkipuusta valmistetulle alustalle, joka on lakattu lapsiturvallisella maalilla <\/p>\n<p>**V\u00e4rit:**<br \/>\n&#8211; ty\u00f6p\u00f6yt\u00e4 on tyylik\u00e4s valkoinen tai neutraali harmaa<\/p>\n<p>**K\u00e4ytt\u00f6ohjeet:**<br \/>\nHuonekalut tulee puhdistaa pehme\u00e4ll\u00e4, vedell\u00e4 kostutetulla puuvillakankaalla tai huonekalujen hoitoon tarkoitetulla tuotteella.<\/p>\n<p>**Lis\u00e4tietoja:**<br \/>\nHuonekalut toimitetaan pakkauksissa, jotka on tarkoitettu itse koottaviksi. Paketit sis\u00e4lt\u00e4v\u00e4t yksityiskohtaiset kokoonpano-ohjeet sek\u00e4 tarvikkeet (ruuvit jne.).<\/p>\n","protected":false},"excerpt":{"rendered":"<p>Ennemmin tai my\u00f6hemmin ty\u00f6p\u00f6yt\u00e4 on v\u00e4ltt\u00e4m\u00e4t\u00f6n lis\u00e4varuste jokaisen lapsen huoneeseen. Koko Ines-kokoelmaan sopii erinomaisesti tyylik\u00e4s ja elegantti ty\u00f6p\u00f6yt\u00e4, jossa on kaksi isoa laatikkoa. Ajaton muotoilu tekee siit\u00e4 ihanteellisen ratkaisun paitsi lastenhuoneeseen. **T\u00e4rkeimm\u00e4t ominaisuudet ja edut:** &#8211; 2 tilavaa laatikkoa **Mitat (cm):** korkeus: 78 syvyys: 65 leveys: 120 **Huonekalujen valmistus ja viimeistely:** &#8211; huonekalujen runko on [&hellip;]<\/p>\n","protected":false},"featured_media":0,"comment_status":"open","ping_status":"closed","template":"","meta":[],"product_brand":[],"product_cat":[32],"product_tag":[],"class_list":{"0":"post-31567","1":"product","2":"type-product","3":"status-publish","5":"product_cat-uncategorized-fi","7":"first","8":"instock","9":"shipping-taxable","10":"purchasable","11":"product-type-simple"},"_links":{"self":[{"href":"https:\/\/nordicmart.andreevmaster.com\/fi\/wp-json\/wp\/v2\/product\/31567","targetHints":{"allow":["GET"]}}],"collection":[{"href":"https:\/\/nordicmart.andreevmaster.com\/fi\/wp-json\/wp\/v2\/product"}],"about":[{"href":"https:\/\/nordicmart.andreevmaster.com\/fi\/wp-json\/wp\/v2\/types\/product"}],"replies":[{"embeddable":true,"href":"https:\/\/nordicmart.andreevmaster.com\/fi\/wp-json\/wp\/v2\/comments?post=31567"}],"wp:attachment":[{"href":"https:\/\/nordicmart.andreevmaster.com\/fi\/wp-json\/wp\/v2\/media?parent=31567"}],"wp:term":[{"taxonomy":"product_brand","embeddable":true,"href":"https:\/\/nordicmart.andreevmaster.com\/fi\/wp-json\/wp\/v2\/product_brand?post=31567"},{"taxonomy":"product_cat","embeddable":true,"href":"https:\/\/nordicmart.andreevmaster.com\/fi\/wp-json\/wp\/v2\/product_cat?post=31567"},{"taxonomy":"product_tag","embeddable":true,"href":"https:\/\/nordicmart.andreevmaster.com\/fi\/wp-json\/wp\/v2\/product_tag?post=31567"}],"curies":[{"name":"wp","href":"https:\/\/api.w.org\/{rel}","templated":true}]}}