{"id":31566,"date":"2026-02-27T00:14:00","date_gmt":"2026-02-27T00:14:00","guid":{"rendered":"https:\/\/nordicmart.andreevmaster.com\/product\/ines-neutraali-harmaa-kirjoituspoyta\/"},"modified":"2026-02-27T09:36:36","modified_gmt":"2026-02-27T09:36:36","slug":"ines-neutraali-harmaa-kirjoituspoyta","status":"publish","type":"product","link":"https:\/\/nordicmart.andreevmaster.com\/fi\/tuote\/ines-neutraali-harmaa-kirjoituspoyta\/","title":{"rendered":"Ines neutraali harmaa kirjoitusp\u00f6yt\u00e4"},"content":{"rendered":"<p>T\u00e4rkeimm\u00e4t edut:<br \/>\n&#8211; 4 tilavaa laatikkoa, joissa GTV:n kuulakiskot, <\/p>\n<p>&#8211; 1 tilava kaappi, <\/p>\n<p>&#8211; t\u00e4ytt\u00e4\u00e4 eurooppalaiset turvallisuusstandardit ja -normit. <\/p>\n<p>Mitat (cm):<br \/>\nkorkeus: 77,6<br \/>\nsyvyys: 60<br \/>\nleveys: 132 <\/p>\n<p>Muotoilu ja viimeistely:<br \/>\n&#8211; lakattu MDF-levy,<br \/>\n&#8211; korkealaatuinen laminoitu levy, joka kest\u00e4\u00e4 vaurioita ja kosteutta ja on helppo pit\u00e4\u00e4 puhtaana, <\/p>\n<p>Valmistusprosessissa k\u00e4ytetyt lakat ovat lapsille turvallisia ja sertifioituja standardin EN71\/3 mukaisesti <\/p>\n<p>V\u00e4ri:<br \/>\n&#8211; harmaa <\/p>\n<p>K\u00e4ytt\u00f6ohjeet:<br \/>\nHuonekalut tulee puhdistaa pehme\u00e4ll\u00e4, vedell\u00e4 kostutetulla puuvillakankaalla tai huonekalujen hoitoon tarkoitetulla tuotteella. <\/p>\n<p>Kokoonpano:<br \/>\nHuonekalut toimitetaan pakkauksissa, jotka on tarkoitettu itse koottaviksi. Pakkauksissa on mukana yksityiskohtaiset kokoonpano-ohjeet ja tarvittavat tarvikkeet.<\/p>\n","protected":false},"excerpt":{"rendered":"<p>T\u00e4rkeimm\u00e4t edut: &#8211; 4 tilavaa laatikkoa, joissa GTV:n kuulakiskot, &#8211; 1 tilava kaappi, &#8211; t\u00e4ytt\u00e4\u00e4 eurooppalaiset turvallisuusstandardit ja -normit. Mitat (cm): korkeus: 77,6 syvyys: 60 leveys: 132 Muotoilu ja viimeistely: &#8211; lakattu MDF-levy, &#8211; korkealaatuinen laminoitu levy, joka kest\u00e4\u00e4 vaurioita ja kosteutta ja on helppo pit\u00e4\u00e4 puhtaana, Valmistusprosessissa k\u00e4ytetyt lakat ovat lapsille turvallisia ja sertifioituja [&hellip;]<\/p>\n","protected":false},"featured_media":0,"comment_status":"open","ping_status":"closed","template":"","meta":[],"product_brand":[],"product_cat":[32],"product_tag":[],"class_list":{"0":"post-31566","1":"product","2":"type-product","3":"status-publish","5":"product_cat-uncategorized-fi","7":"first","8":"instock","9":"shipping-taxable","10":"purchasable","11":"product-type-simple"},"_links":{"self":[{"href":"https:\/\/nordicmart.andreevmaster.com\/fi\/wp-json\/wp\/v2\/product\/31566","targetHints":{"allow":["GET"]}}],"collection":[{"href":"https:\/\/nordicmart.andreevmaster.com\/fi\/wp-json\/wp\/v2\/product"}],"about":[{"href":"https:\/\/nordicmart.andreevmaster.com\/fi\/wp-json\/wp\/v2\/types\/product"}],"replies":[{"embeddable":true,"href":"https:\/\/nordicmart.andreevmaster.com\/fi\/wp-json\/wp\/v2\/comments?post=31566"}],"wp:attachment":[{"href":"https:\/\/nordicmart.andreevmaster.com\/fi\/wp-json\/wp\/v2\/media?parent=31566"}],"wp:term":[{"taxonomy":"product_brand","embeddable":true,"href":"https:\/\/nordicmart.andreevmaster.com\/fi\/wp-json\/wp\/v2\/product_brand?post=31566"},{"taxonomy":"product_cat","embeddable":true,"href":"https:\/\/nordicmart.andreevmaster.com\/fi\/wp-json\/wp\/v2\/product_cat?post=31566"},{"taxonomy":"product_tag","embeddable":true,"href":"https:\/\/nordicmart.andreevmaster.com\/fi\/wp-json\/wp\/v2\/product_tag?post=31566"}],"curies":[{"name":"wp","href":"https:\/\/api.w.org\/{rel}","templated":true}]}}