{"id":31561,"date":"2026-02-27T00:13:59","date_gmt":"2026-02-27T00:13:59","guid":{"rendered":"https:\/\/nordicmart.andreevmaster.com\/product\/ines-elegantti-valkoinen-kirjahylly\/"},"modified":"2026-02-27T09:36:35","modified_gmt":"2026-02-27T09:36:35","slug":"ines-elegantti-valkoinen-kirjahylly","status":"publish","type":"product","link":"https:\/\/nordicmart.andreevmaster.com\/fi\/tuote\/ines-elegantti-valkoinen-kirjahylly\/","title":{"rendered":"Ines elegantti valkoinen kirjahylly"},"content":{"rendered":"<p>Ines-sarjan t\u00e4ydent\u00e4miseksi olemme luoneet tilavan kirjahyllyn. Kaikki pehmolelut, lelut, kirjat ja muut tavarat ovat nyt yhdess\u00e4 paikassa. Kauniit reliefikoristeet koristavat sek\u00e4 lastenhuoneita ett\u00e4 vanhempien makuuhuonetta.   **T\u00e4rkeimm\u00e4t edut:**<br \/>\n&#8211; hyllyt on suojattu putoamiselta<br \/>\n&#8211; 3 korkeuss\u00e4\u00e4dett\u00e4v\u00e4\u00e4 hylly\u00e4, yksi kiinte\u00e4 hylly.- voidaan kiinnitt\u00e4\u00e4 sein\u00e4\u00e4n \u2013 suositeltavaa<br \/>\n&#8211; t\u00e4ytt\u00e4\u00e4 eurooppalaiset standardit ja turvallisuusnormit. **Mitat (cm):**<br \/>\nkorkeus: 180<br \/>\nsyvyys: 44<br \/>\nleveys: 80<\/p>\n<p> **Huonekalujen materiaalit ja viimeistely:**<br \/>\n&#8211; etuosat, sivut, yl\u00e4osa ja sokkeli on valmistettu lakatusta MDF-levyst\u00e4, v\u00e4ri tyylik\u00e4s valkoinen tai neutraali harmaa<br \/>\n&#8211; kaikki hyllyt on valmistettu laminoidusta levyst\u00e4<br \/>\n&#8211; lakkauksessa k\u00e4ytetyt maalit ovat lapsille turvallisia, EN71\/3-hyv\u00e4ksyttyj\u00e4 eiv\u00e4tk\u00e4 aiheuta allergiaa.<\/p>\n<p> **V\u00e4rit:**<br \/>\n&#8211; tyylik\u00e4s valkoinen<br \/>\n&#8211; neutraali harmaa.<\/p>\n<p> **K\u00e4ytt\u00f6ohje:**<br \/>\nHuonekalut tulee puhdistaa pehme\u00e4ll\u00e4, vedell\u00e4 kostutetulla puuvillakankaalla tai huonekalujen hoitoon tarkoitetulla tuotteella.<\/p>\n<p> **Lis\u00e4tietoja:**<br \/>\nHuonekalut toimitetaan pakkauksissa, jotka on tarkoitettu itse koottaviksi. Pakkaukset sis\u00e4lt\u00e4v\u00e4t yksityiskohtaiset asennusohjeet sek\u00e4 tarvikkeet (ruuvit jne.).<\/p>\n","protected":false},"excerpt":{"rendered":"<p>Ines-sarjan t\u00e4ydent\u00e4miseksi olemme luoneet tilavan kirjahyllyn. Kaikki pehmolelut, lelut, kirjat ja muut tavarat ovat nyt yhdess\u00e4 paikassa. Kauniit reliefikoristeet koristavat sek\u00e4 lastenhuoneita ett\u00e4 vanhempien makuuhuonetta. **T\u00e4rkeimm\u00e4t edut:** &#8211; hyllyt on suojattu putoamiselta &#8211; 3 korkeuss\u00e4\u00e4dett\u00e4v\u00e4\u00e4 hylly\u00e4, yksi kiinte\u00e4 hylly.- voidaan kiinnitt\u00e4\u00e4 sein\u00e4\u00e4n \u2013 suositeltavaa &#8211; t\u00e4ytt\u00e4\u00e4 eurooppalaiset standardit ja turvallisuusnormit. **Mitat (cm):** korkeus: 180 syvyys: [&hellip;]<\/p>\n","protected":false},"featured_media":0,"comment_status":"open","ping_status":"closed","template":"","meta":[],"product_brand":[],"product_cat":[32],"product_tag":[],"class_list":{"0":"post-31561","1":"product","2":"type-product","3":"status-publish","5":"product_cat-uncategorized-fi","7":"first","8":"instock","9":"shipping-taxable","10":"purchasable","11":"product-type-simple"},"_links":{"self":[{"href":"https:\/\/nordicmart.andreevmaster.com\/fi\/wp-json\/wp\/v2\/product\/31561","targetHints":{"allow":["GET"]}}],"collection":[{"href":"https:\/\/nordicmart.andreevmaster.com\/fi\/wp-json\/wp\/v2\/product"}],"about":[{"href":"https:\/\/nordicmart.andreevmaster.com\/fi\/wp-json\/wp\/v2\/types\/product"}],"replies":[{"embeddable":true,"href":"https:\/\/nordicmart.andreevmaster.com\/fi\/wp-json\/wp\/v2\/comments?post=31561"}],"wp:attachment":[{"href":"https:\/\/nordicmart.andreevmaster.com\/fi\/wp-json\/wp\/v2\/media?parent=31561"}],"wp:term":[{"taxonomy":"product_brand","embeddable":true,"href":"https:\/\/nordicmart.andreevmaster.com\/fi\/wp-json\/wp\/v2\/product_brand?post=31561"},{"taxonomy":"product_cat","embeddable":true,"href":"https:\/\/nordicmart.andreevmaster.com\/fi\/wp-json\/wp\/v2\/product_cat?post=31561"},{"taxonomy":"product_tag","embeddable":true,"href":"https:\/\/nordicmart.andreevmaster.com\/fi\/wp-json\/wp\/v2\/product_tag?post=31561"}],"curies":[{"name":"wp","href":"https:\/\/api.w.org\/{rel}","templated":true}]}}