{"id":31560,"date":"2026-02-27T00:13:59","date_gmt":"2026-02-27T00:13:59","guid":{"rendered":"https:\/\/nordicmart.andreevmaster.com\/product\/ines-elegantti-valkoinen-hoitopoyta\/"},"modified":"2026-02-27T09:36:35","modified_gmt":"2026-02-27T09:36:35","slug":"ines-elegantti-valkoinen-hoitopoyta","status":"publish","type":"product","link":"https:\/\/nordicmart.andreevmaster.com\/fi\/tuote\/ines-elegantti-valkoinen-hoitopoyta\/","title":{"rendered":"Ines elegantti valkoinen hoitop\u00f6yt\u00e4"},"content":{"rendered":"<p>Hoitop\u00f6yt\u00e4 on ehdoton v\u00e4ltt\u00e4m\u00e4tt\u00f6myys kaikille \u00e4ideille. Vauva makaa turvallisesti aivan vieress\u00e4si. Voit laittaa kaikki tarvitsemasi tuotteet k\u00e4den ulottuville. Lastenhoito on nyt helppoa!<br \/>\nVaihtop\u00f6yt\u00e4 voidaan asentaa lipaston keskelle. Se ei j\u00e4t\u00e4 j\u00e4lki\u00e4 purkamisen j\u00e4lkeen. **T\u00e4rkeimm\u00e4t edut:**<br \/>\n&#8211; t\u00e4ytt\u00e4\u00e4 eurooppalaiset standardit ja turvallisuusvaatimukset<br \/>\n&#8211; voidaan kiinnitt\u00e4\u00e4 3-laatikoisen lipaston keskelle ja 4-laatikoisen lipaston vasemmalle tai oikealle puolelle<br \/>\n&#8211; hoitop\u00f6yt\u00e4 voidaan varustaa tekstiilisis\u00e4kkeill\u00e4\/matoilla, joiden enimm\u00e4ismitat ovat 56 cm x 75 cm<br \/>\n&#8211; lapsen enimm\u00e4ispaino: 15 kg<\/p>\n<p> **Mitat (cm):**<br \/>\nkorkeus: 8,5<br \/>\nsyvyys: 79,5<br \/>\nleveys: 60 **Huonekalujen materiaalit ja viimeistely:**<br \/>\n&#8211; hoitop\u00f6yt\u00e4 on valmistettu korkealaatuisesta MDF-levyst\u00e4, maalattu tyylikk\u00e4\u00e4ll\u00e4 valkoisella tai neutraalilla harmaalla v\u00e4rill\u00e4, joka on sertifioitu ja lapsiturvallinen<br \/>\n&#8211; lakkauksessa k\u00e4ytetyt maalit ovat lapsille turvallisia, EN71\/3-hyv\u00e4ksyttyj\u00e4 eiv\u00e4tk\u00e4 aiheuta allergiaa.<\/p>\n<p>**V\u00e4rit:**<br \/>\n&#8211; tyylik\u00e4s valkoinen<br \/>\n&#8211; neutraali harmaa.<br \/>\n**K\u00e4ytt\u00f6ohjeet:**<br \/>\nHuonekalut tulee puhdistaa pehme\u00e4ll\u00e4, vedell\u00e4 kostutetulla puuvillakankaalla tai huonekalujen hoitoon tarkoitetulla tuotteella. <\/p>\n<p>**Lis\u00e4tietoja:**<br \/>\nHuonekalut toimitetaan pakkauksissa, jotka on tarkoitettu itse koottaviksi. Paketit sis\u00e4lt\u00e4v\u00e4t yksityiskohtaiset asennusohjeet sek\u00e4 tarvikkeet (ruuvit jne.).<\/p>\n","protected":false},"excerpt":{"rendered":"<p>Hoitop\u00f6yt\u00e4 on ehdoton v\u00e4ltt\u00e4m\u00e4tt\u00f6myys kaikille \u00e4ideille. Vauva makaa turvallisesti aivan vieress\u00e4si. Voit laittaa kaikki tarvitsemasi tuotteet k\u00e4den ulottuville. Lastenhoito on nyt helppoa! Vaihtop\u00f6yt\u00e4 voidaan asentaa lipaston keskelle. Se ei j\u00e4t\u00e4 j\u00e4lki\u00e4 purkamisen j\u00e4lkeen. **T\u00e4rkeimm\u00e4t edut:** &#8211; t\u00e4ytt\u00e4\u00e4 eurooppalaiset standardit ja turvallisuusvaatimukset &#8211; voidaan kiinnitt\u00e4\u00e4 3-laatikoisen lipaston keskelle ja 4-laatikoisen lipaston vasemmalle tai oikealle puolelle &#8211; [&hellip;]<\/p>\n","protected":false},"featured_media":0,"comment_status":"open","ping_status":"closed","template":"","meta":[],"product_brand":[],"product_cat":[32],"product_tag":[],"class_list":{"0":"post-31560","1":"product","2":"type-product","3":"status-publish","5":"product_cat-uncategorized-fi","7":"first","8":"instock","9":"shipping-taxable","10":"purchasable","11":"product-type-simple"},"_links":{"self":[{"href":"https:\/\/nordicmart.andreevmaster.com\/fi\/wp-json\/wp\/v2\/product\/31560","targetHints":{"allow":["GET"]}}],"collection":[{"href":"https:\/\/nordicmart.andreevmaster.com\/fi\/wp-json\/wp\/v2\/product"}],"about":[{"href":"https:\/\/nordicmart.andreevmaster.com\/fi\/wp-json\/wp\/v2\/types\/product"}],"replies":[{"embeddable":true,"href":"https:\/\/nordicmart.andreevmaster.com\/fi\/wp-json\/wp\/v2\/comments?post=31560"}],"wp:attachment":[{"href":"https:\/\/nordicmart.andreevmaster.com\/fi\/wp-json\/wp\/v2\/media?parent=31560"}],"wp:term":[{"taxonomy":"product_brand","embeddable":true,"href":"https:\/\/nordicmart.andreevmaster.com\/fi\/wp-json\/wp\/v2\/product_brand?post=31560"},{"taxonomy":"product_cat","embeddable":true,"href":"https:\/\/nordicmart.andreevmaster.com\/fi\/wp-json\/wp\/v2\/product_cat?post=31560"},{"taxonomy":"product_tag","embeddable":true,"href":"https:\/\/nordicmart.andreevmaster.com\/fi\/wp-json\/wp\/v2\/product_tag?post=31560"}],"curies":[{"name":"wp","href":"https:\/\/api.w.org\/{rel}","templated":true}]}}