{"id":31559,"date":"2026-02-27T00:13:59","date_gmt":"2026-02-27T00:13:59","guid":{"rendered":"https:\/\/nordicmart.andreevmaster.com\/product\/ines-elegantti-valkoinen-hylly\/"},"modified":"2026-02-27T09:36:35","modified_gmt":"2026-02-27T09:36:35","slug":"ines-elegantti-valkoinen-hylly","status":"publish","type":"product","link":"https:\/\/nordicmart.andreevmaster.com\/fi\/tuote\/ines-elegantti-valkoinen-hylly\/","title":{"rendered":"Ines elegantti valkoinen hylly"},"content":{"rendered":"<p>Ines-sarjan hylly on eritt\u00e4in k\u00e4yt\u00e4nn\u00f6llinen huonekalu. K\u00e4ytt\u00f6tarkoituksesta riippuen se voi t\u00e4ytt\u00e4\u00e4 monia teht\u00e4vi\u00e4. Sen voi ripustaa lipaston yl\u00e4puolelle, jotta pienen lapsen tarvitsemat tarvikkeet ovat helposti saatavilla, tai koristella kehyksill\u00e4, kuvilla, kirjoilla, pienill\u00e4 koriste-esineill\u00e4, lautasilla ja vastaavilla. Hyllyss\u00e4 on kolme k\u00e4yt\u00e4nn\u00f6llist\u00e4 telinett\u00e4, joihin voi ripustaa vaippoja, pyyhkeit\u00e4 ja vaatteita. Vanhemmat lapset k\u00e4ytt\u00e4v\u00e4t niit\u00e4 varmasti avainten, laukkujen, suosikkihuivien tai hattujen ripustamiseen.   **T\u00e4rkeimm\u00e4t ominaisuudet ja edut:**<br \/>\n&#8211; kolme k\u00e4yt\u00e4nn\u00f6llist\u00e4 telinett\u00e4<br \/>\n&#8211; mahdollistaa tavaroiden\/kirjojen\/esineiden jne. ripustamisen ja sijoittamisen samanaikaisesti<br \/>\n&#8211; j\u00e4rjest\u00e4\u00e4 tilan <\/p>\n<p>**Mitat:**<br \/>\nleveys: 77 cm<br \/>\nsyvyys: 22,5 cm<br \/>\nkorkeus: 40 cm   **Valmistus ja viimeistely: **<br \/>\n&#8211; yl\u00e4osa ja sivut on valmistettu korkealaatuisesta MDF-levyst\u00e4, joka on maalattu tyylikk\u00e4\u00e4ll\u00e4 valkoisella tai neutraalilla harmaalla v\u00e4rill\u00e4, joka on sertifioitu ja lapsiturvallinen<br \/>\n&#8211; hylly ja takaosa on valmistettu korkealaatuisesta laminoidusta levyst\u00e4, joka kest\u00e4\u00e4 vaurioita ja kosteutta ja on helppo pit\u00e4\u00e4 puhtaana<br \/>\n&#8211; lakkaamisessa k\u00e4ytetyt maalit ovat lapsille turvallisia, EN71\/3-hyv\u00e4ksyttyj\u00e4 eiv\u00e4tk\u00e4 aiheuta allergiaa. <\/p>\n<p>**V\u00e4rit:**<br \/>\n&#8211; tyylik\u00e4s valkoinen<br \/>\n&#8211; neutraali harmaa.<br \/>\n**K\u00e4ytt\u00f6ohje:**<br \/>\nHuonekalut tulee puhdistaa pehme\u00e4ll\u00e4, vedell\u00e4 kostutetulla puuvillakankaalla tai huonekalujen hoitoon tarkoitetulla tuotteella. **Lis\u00e4tietoja:** Huonekalut toimitetaan pakkauksissa, jotka on tarkoitettu itse koottaviksi. Pakkaukset sis\u00e4lt\u00e4v\u00e4t yksityiskohtaiset asennusohjeet sek\u00e4 tarvikkeet (ruuvit jne.). OSTA I<\/p>\n","protected":false},"excerpt":{"rendered":"<p>Ines-sarjan hylly on eritt\u00e4in k\u00e4yt\u00e4nn\u00f6llinen huonekalu. K\u00e4ytt\u00f6tarkoituksesta riippuen se voi t\u00e4ytt\u00e4\u00e4 monia teht\u00e4vi\u00e4. Sen voi ripustaa lipaston yl\u00e4puolelle, jotta pienen lapsen tarvitsemat tarvikkeet ovat helposti saatavilla, tai koristella kehyksill\u00e4, kuvilla, kirjoilla, pienill\u00e4 koriste-esineill\u00e4, lautasilla ja vastaavilla. Hyllyss\u00e4 on kolme k\u00e4yt\u00e4nn\u00f6llist\u00e4 telinett\u00e4, joihin voi ripustaa vaippoja, pyyhkeit\u00e4 ja vaatteita. Vanhemmat lapset k\u00e4ytt\u00e4v\u00e4t niit\u00e4 varmasti avainten, laukkujen, [&hellip;]<\/p>\n","protected":false},"featured_media":0,"comment_status":"open","ping_status":"closed","template":"","meta":[],"product_brand":[],"product_cat":[32],"product_tag":[],"class_list":{"0":"post-31559","1":"product","2":"type-product","3":"status-publish","5":"product_cat-uncategorized-fi","7":"first","8":"instock","9":"shipping-taxable","10":"purchasable","11":"product-type-simple"},"_links":{"self":[{"href":"https:\/\/nordicmart.andreevmaster.com\/fi\/wp-json\/wp\/v2\/product\/31559","targetHints":{"allow":["GET"]}}],"collection":[{"href":"https:\/\/nordicmart.andreevmaster.com\/fi\/wp-json\/wp\/v2\/product"}],"about":[{"href":"https:\/\/nordicmart.andreevmaster.com\/fi\/wp-json\/wp\/v2\/types\/product"}],"replies":[{"embeddable":true,"href":"https:\/\/nordicmart.andreevmaster.com\/fi\/wp-json\/wp\/v2\/comments?post=31559"}],"wp:attachment":[{"href":"https:\/\/nordicmart.andreevmaster.com\/fi\/wp-json\/wp\/v2\/media?parent=31559"}],"wp:term":[{"taxonomy":"product_brand","embeddable":true,"href":"https:\/\/nordicmart.andreevmaster.com\/fi\/wp-json\/wp\/v2\/product_brand?post=31559"},{"taxonomy":"product_cat","embeddable":true,"href":"https:\/\/nordicmart.andreevmaster.com\/fi\/wp-json\/wp\/v2\/product_cat?post=31559"},{"taxonomy":"product_tag","embeddable":true,"href":"https:\/\/nordicmart.andreevmaster.com\/fi\/wp-json\/wp\/v2\/product_tag?post=31559"}],"curies":[{"name":"wp","href":"https:\/\/api.w.org\/{rel}","templated":true}]}}