{"id":31558,"date":"2026-02-27T00:13:59","date_gmt":"2026-02-27T00:13:59","guid":{"rendered":"https:\/\/nordicmart.andreevmaster.com\/product\/ines-elegantti-valkoinen-sanky-90x200-laatikolla\/"},"modified":"2026-02-27T09:36:35","modified_gmt":"2026-02-27T09:36:35","slug":"ines-elegantti-valkoinen-sanky-90x200-laatikolla","status":"publish","type":"product","link":"https:\/\/nordicmart.andreevmaster.com\/fi\/tuote\/ines-elegantti-valkoinen-sanky-90x200-laatikolla\/","title":{"rendered":"Ines elegantti valkoinen s\u00e4nky 90&#215;200, laatikolla"},"content":{"rendered":"<p>Ines-mallisto kasvaa lapsen kasvaessa. Uutuutena on t\u00e4ydellinen s\u00e4nky vanhemmalle lapselle (200 cm x 90 cm).<br \/>\nS\u00e4ngyn vakiomitat helpottavat sopivan patjan tai mink\u00e4 tahansa tekstiilin hankkimista. S\u00e4nky on koristeltu tyylikk\u00e4\u00e4ll\u00e4 p\u00e4\u00e4tyll\u00e4 ja jalkop\u00e4\u00e4dyll\u00e4. S\u00e4ngyss\u00e4 on tilava laatikko, johon mahtuu vuodevaatteet. Sit\u00e4 voidaan k\u00e4ytt\u00e4\u00e4 my\u00f6s lis\u00e4vuoteena. **T\u00e4rkeimm\u00e4t edut:** &#8211; patjansuoja mukana &#8211; laatikkoa voidaan k\u00e4ytt\u00e4\u00e4 tavaroiden s\u00e4ilytykseen tai lis\u00e4vuoteena &#8211; varustettu py\u00f6rill\u00e4 &#8211; voidaan sijoittaa s\u00e4ngyn vasemmalle tai oikealle puolelle S\u00e4nkyyn sopii patja, jonka koko on 90&#215;200 cm. Laatikkoon sopii vakiokokoinen patja, jonka koko on 90&#215;195 cm.    **Huonekalujen muotoilu ja viimeistely:**<br \/>\n&#8211; sivut ja laatikon etuosa on valmistettu korkealaatuisesta MDF-levyst\u00e4<br \/>\n&#8211; laatikon sivut on valmistettu korkealaatuisesta laminoidusta levyst\u00e4, joka kest\u00e4\u00e4 vaurioita ja kosteutta ja on helppo pit\u00e4\u00e4 puhtaana<br \/>\n&#8211; laatikot on varustettu py\u00f6rill\u00e4<br \/>\n&#8211; patjan pohja on valmistettu py\u00f6kkipuusta<br \/>\n&#8211; lakattu maali, turvallinen lapsille, sertifioitu standardin EN71 \/ 3 mukaisesti, ei aiheuta allergioita<\/p>\n<p> **Mitat (cm):**<br \/>\npituus: 208<br \/>\nkorkeus: 95<br \/>\nleveys: 95,25<\/p>\n<p>**V\u00e4rit:**<br \/>\n&#8211; tyylik\u00e4s valkoinen<br \/>\n&#8211; neutraali harmaa<\/p>\n<p>**K\u00e4ytt\u00f6ohje:**<br \/>\nHuonekalut on pyyhitt\u00e4v\u00e4 pehme\u00e4ll\u00e4, vedell\u00e4 kostutetulla puuvillakankaalla tai huonekalujen puhdistusaineella.<\/p>\n<p>**Lis\u00e4tietoja:**<br \/>\nHuonekalut toimitetaan itse koottavina laatikoissa. Laatikoissa on yksityiskohtainen asennusohje ja tarvittavat tarvikkeet (ruuvit jne.).<\/p>\n","protected":false},"excerpt":{"rendered":"<p>Ines-mallisto kasvaa lapsen kasvaessa. Uutuutena on t\u00e4ydellinen s\u00e4nky vanhemmalle lapselle (200 cm x 90 cm). S\u00e4ngyn vakiomitat helpottavat sopivan patjan tai mink\u00e4 tahansa tekstiilin hankkimista. S\u00e4nky on koristeltu tyylikk\u00e4\u00e4ll\u00e4 p\u00e4\u00e4tyll\u00e4 ja jalkop\u00e4\u00e4dyll\u00e4. S\u00e4ngyss\u00e4 on tilava laatikko, johon mahtuu vuodevaatteet. Sit\u00e4 voidaan k\u00e4ytt\u00e4\u00e4 my\u00f6s lis\u00e4vuoteena. **T\u00e4rkeimm\u00e4t edut:** &#8211; patjansuoja mukana &#8211; laatikkoa voidaan k\u00e4ytt\u00e4\u00e4 tavaroiden s\u00e4ilytykseen [&hellip;]<\/p>\n","protected":false},"featured_media":0,"comment_status":"open","ping_status":"closed","template":"","meta":[],"product_brand":[],"product_cat":[32],"product_tag":[],"class_list":{"0":"post-31558","1":"product","2":"type-product","3":"status-publish","5":"product_cat-uncategorized-fi","7":"first","8":"instock","9":"shipping-taxable","10":"purchasable","11":"product-type-simple"},"_links":{"self":[{"href":"https:\/\/nordicmart.andreevmaster.com\/fi\/wp-json\/wp\/v2\/product\/31558","targetHints":{"allow":["GET"]}}],"collection":[{"href":"https:\/\/nordicmart.andreevmaster.com\/fi\/wp-json\/wp\/v2\/product"}],"about":[{"href":"https:\/\/nordicmart.andreevmaster.com\/fi\/wp-json\/wp\/v2\/types\/product"}],"replies":[{"embeddable":true,"href":"https:\/\/nordicmart.andreevmaster.com\/fi\/wp-json\/wp\/v2\/comments?post=31558"}],"wp:attachment":[{"href":"https:\/\/nordicmart.andreevmaster.com\/fi\/wp-json\/wp\/v2\/media?parent=31558"}],"wp:term":[{"taxonomy":"product_brand","embeddable":true,"href":"https:\/\/nordicmart.andreevmaster.com\/fi\/wp-json\/wp\/v2\/product_brand?post=31558"},{"taxonomy":"product_cat","embeddable":true,"href":"https:\/\/nordicmart.andreevmaster.com\/fi\/wp-json\/wp\/v2\/product_cat?post=31558"},{"taxonomy":"product_tag","embeddable":true,"href":"https:\/\/nordicmart.andreevmaster.com\/fi\/wp-json\/wp\/v2\/product_tag?post=31558"}],"curies":[{"name":"wp","href":"https:\/\/api.w.org\/{rel}","templated":true}]}}