{"id":31557,"date":"2026-02-27T00:13:58","date_gmt":"2026-02-27T00:13:58","guid":{"rendered":"https:\/\/nordicmart.andreevmaster.com\/product\/ines-elegantti-valkoinen-pinnasanky-taapero-sanky-70x140\/"},"modified":"2026-02-27T09:36:35","modified_gmt":"2026-02-27T09:36:35","slug":"ines-elegantti-valkoinen-pinnasanky-taapero-sanky-70x140","status":"publish","type":"product","link":"https:\/\/nordicmart.andreevmaster.com\/fi\/tuote\/ines-elegantti-valkoinen-pinnasanky-taapero-sanky-70x140\/","title":{"rendered":"Ines elegantti valkoinen pinnas\u00e4nky \/ taapero-s\u00e4nky 70&#215;140"},"content":{"rendered":"<p>Pinnas\u00e4nky on itse asiassa vauvan huoneen t\u00e4rkein peruskaluste.<br \/>\nMukava pinnas\u00e4nky kasvaa lapsen mukana ja seuraa h\u00e4nt\u00e4 p\u00e4ivitt\u00e4isiss\u00e4 haasteissa ja maailman tutkimisessa.<br \/>\nInes-s\u00e4ngyss\u00e4 on monia ominaisuuksia, jotka tekev\u00e4t siit\u00e4 ihanteellisen kalusteen, joka t\u00e4ytt\u00e4\u00e4 vaativien vanhempien ja lasten odotukset. **T\u00e4rkeimm\u00e4t edut:**<br \/>\n&#8211; Kolme pohjan korkeutta:<br \/>\n  I taso &#8211; 54 cm<br \/>\n  II taso &#8211; 42 cm<br \/>\n  III taso &#8211; 30 cm<br \/>\n&#8211; s\u00e4nky kasvaa vauvan mukana &#8211; eturungon irrottaminen mahdollistaa s\u00e4ngyn\/sohvan luomisen<br \/>\n&#8211; mukana toimitetaan suojakaide, joka est\u00e4\u00e4 lasta putoamasta s\u00e4ngyst\u00e4, kun s\u00e4nky on muutettu s\u00e4ngyksi. Kaide voidaan asentaa s\u00e4ngyn oikealle tai vasemmalle puolelle<br \/>\n&#8211; tilava laatikko hiljaisilla Blum-kiskoilla<br \/>\n&#8211; laatikon sis\u00e4ll\u00f6n peitt\u00e4v\u00e4 kansi<br \/>\n&#8211; s\u00e4nkyyn sopii vakiokokoinen patja 70&#215;140<br \/>\n&#8211; Ik\u00e4suositus: Syntym\u00e4st\u00e4 6 vuoteen. **Mitat (cm):**<br \/>\nkorkeus: 92<br \/>\nsyvyys: 83,5<br \/>\npituus: 152,5 **Huonekalujen materiaalit ja viimeistely:**<br \/>\n&#8211; laatikon etu-, sivu- ja yl\u00e4osat sek\u00e4 jalusta on valmistettu lakatusta MDF-levyst\u00e4, joka on elegantin valkoinen tai neutraali harmaa<br \/>\n&#8211; laatikon sivut on valmistettu korkealaatuisesta laminoidusta levyst\u00e4, joka kest\u00e4\u00e4 vaurioita ja kosteutta ja on helppo pit\u00e4\u00e4 puhtaana<br \/>\n&#8211; hiljaiset kiskot, joissa on Blum-itsesulkeutuva toiminto<br \/>\n&#8211; k\u00e4sintehty posliinikahva<br \/>\n&#8211; lakkaamisessa k\u00e4ytetyt maalit ovat lapsille turvallisia, EN71\/3-hyv\u00e4ksyttyj\u00e4 eiv\u00e4tk\u00e4 aiheuta allergiaa.<\/p>\n<p>**V\u00e4rit:**<br \/>\n&#8211; tyylik\u00e4s valkoinen<br \/>\n&#8211; neutraali harmaa.<\/p>\n<p>**K\u00e4ytt\u00f6ohje:**<br \/>\nHuonekalut tulee puhdistaa pehme\u00e4ll\u00e4, vedell\u00e4 kostutetulla puuvillakankaalla tai huonekalujen hoitoon tarkoitetulla tuotteella. **Lis\u00e4tietoja:**<br \/>\nHuonekalut toimitetaan pakkauksissa, jotka on tarkoitettu itse koottaviksi. Pakkaukset sis\u00e4lt\u00e4v\u00e4t yksityiskohtaiset asennusohjeet sek\u00e4 tarvikkeet (ruuvit jne.).<\/p>\n","protected":false},"excerpt":{"rendered":"<p>Pinnas\u00e4nky on itse asiassa vauvan huoneen t\u00e4rkein peruskaluste. Mukava pinnas\u00e4nky kasvaa lapsen mukana ja seuraa h\u00e4nt\u00e4 p\u00e4ivitt\u00e4isiss\u00e4 haasteissa ja maailman tutkimisessa. Ines-s\u00e4ngyss\u00e4 on monia ominaisuuksia, jotka tekev\u00e4t siit\u00e4 ihanteellisen kalusteen, joka t\u00e4ytt\u00e4\u00e4 vaativien vanhempien ja lasten odotukset. **T\u00e4rkeimm\u00e4t edut:** &#8211; Kolme pohjan korkeutta: I taso &#8211; 54 cm II taso &#8211; 42 cm III taso [&hellip;]<\/p>\n","protected":false},"featured_media":0,"comment_status":"open","ping_status":"closed","template":"","meta":[],"product_brand":[],"product_cat":[32],"product_tag":[],"class_list":{"0":"post-31557","1":"product","2":"type-product","3":"status-publish","5":"product_cat-uncategorized-fi","7":"first","8":"instock","9":"shipping-taxable","10":"purchasable","11":"product-type-simple"},"_links":{"self":[{"href":"https:\/\/nordicmart.andreevmaster.com\/fi\/wp-json\/wp\/v2\/product\/31557","targetHints":{"allow":["GET"]}}],"collection":[{"href":"https:\/\/nordicmart.andreevmaster.com\/fi\/wp-json\/wp\/v2\/product"}],"about":[{"href":"https:\/\/nordicmart.andreevmaster.com\/fi\/wp-json\/wp\/v2\/types\/product"}],"replies":[{"embeddable":true,"href":"https:\/\/nordicmart.andreevmaster.com\/fi\/wp-json\/wp\/v2\/comments?post=31557"}],"wp:attachment":[{"href":"https:\/\/nordicmart.andreevmaster.com\/fi\/wp-json\/wp\/v2\/media?parent=31557"}],"wp:term":[{"taxonomy":"product_brand","embeddable":true,"href":"https:\/\/nordicmart.andreevmaster.com\/fi\/wp-json\/wp\/v2\/product_brand?post=31557"},{"taxonomy":"product_cat","embeddable":true,"href":"https:\/\/nordicmart.andreevmaster.com\/fi\/wp-json\/wp\/v2\/product_cat?post=31557"},{"taxonomy":"product_tag","embeddable":true,"href":"https:\/\/nordicmart.andreevmaster.com\/fi\/wp-json\/wp\/v2\/product_tag?post=31557"}],"curies":[{"name":"wp","href":"https:\/\/api.w.org\/{rel}","templated":true}]}}