{"id":31556,"date":"2026-02-27T00:13:58","date_gmt":"2026-02-27T00:13:58","guid":{"rendered":"https:\/\/nordicmart.andreevmaster.com\/product\/ines-valkoinen-sanky-120x200\/"},"modified":"2026-02-27T09:36:35","modified_gmt":"2026-02-27T09:36:35","slug":"ines-valkoinen-sanky-120x200","status":"publish","type":"product","link":"https:\/\/nordicmart.andreevmaster.com\/fi\/tuote\/ines-valkoinen-sanky-120x200\/","title":{"rendered":"Ines valkoinen s\u00e4nky 120&#215;200"},"content":{"rendered":"<p>Ines 120&#215;200 -s\u00e4nky on t\u00e4ydellinen valinta vanhemmalle lapselle, joka kaipaa enemm\u00e4n tilaa nukkumiseen ja rentoutumiseen. Sen tilava koko takaa mukavuuden ja helpon nukkumisen, ja siit\u00e4 tulee my\u00f6s perheen elokuvailtojen keskipiste ja t\u00e4ydellinen paikka yhteisiin iltarituaaleihin, kuten kirjojen lukemiseen tai keskusteluihin, luoden unohtumattomia muistoja lapsen ja vanhemman v\u00e4lille. Sen vakiokoko helpottaa patjan ja vuodevaatteiden sovittamista, mik\u00e4 takaa lepopaikan helpon muokkaamisen. <\/p>\n<p>Ines 120&#215;200 -s\u00e4nky on valinta tuleville vuosille sen vankan rakenteen ja ajattoman muotoilun ansiosta. Yhdess\u00e4 muiden Ines-kokoelman huonekalujen kanssa se luo kauniin, klassisen sisustuksen, jolla on ajaton luonne. <\/p>\n<p>T\u00e4rkeimm\u00e4t ominaisuudet:<br \/>\n\u2022 Tilava koko: 120&#215;200 cm, sopii erinomaisesti kasvaville lapsille ja teini-ik\u00e4isille.<br \/>\n\u2022 Vakiomitat: Helppo sovittaa patjan ja tekstiilien kanssa.<br \/>\n\u2022 Tyylik\u00e4s muotoilu: Koristeellinen p\u00e4\u00e4ty ja jalkop\u00e4\u00e4ty lis\u00e4\u00e4v\u00e4t charmia ja tyyli\u00e4. \u2022 Klassinen sisustus: Yhdess\u00e4 Ines-sarjan muiden tuotteiden kanssa se luo harmonisen ja tyylikk\u00e4\u00e4n tilan. \u2022 Mukana s\u00e4ngynrunko: Tarjoaa lis\u00e4\u00e4 mukavuutta ja vakautta. \u2022 Turvalliset materiaalit: T\u00e4ytt\u00e4\u00e4 eurooppalaiset turvallisuusstandardit, ja siin\u00e4 on k\u00e4ytetty EN71\/3-standardin mukaisesti sertifioituja, lapsille sopivia vesiohenteisia lakkoja. \u2022 Yhteensopivuus turvakaaren kanssa: Ihanteellinen ratkaisu vanhemmille, jotka haluavat lis\u00e4suojaa est\u00e4\u00e4kseen lastaan putoamasta s\u00e4ngyst\u00e4 unen aikana.  <\/p>\n<p>Materiaalit ja viimeistely:<br \/>\n\u2022 Jalat: Lakattu py\u00f6kkipuu.<br \/>\n\u2022 Sivut ja p\u00e4\u00e4ty: Lakattu MDF-levy.<br \/>\n\u2022 P\u00e4\u00e4dyn alaosa: Lakattu laminoitu levy. \u2022 P\u00e4\u00e4llysteet: lakattu MDF-levy.<br \/>\n\u2022 S\u00e4ngyn pohja: kest\u00e4v\u00e4 koivuvaneri, joka tarjoaa tukea.<br \/>\n\u2022 Lakkauksessa k\u00e4ytetyt vesipohjaiset lakat ovat turvallisia lapsille ja sertifioituja lasten huonekaluja ja leluja koskevan EN71\/3-standardin mukaisesti.  <\/p>\n<p>K\u00e4yt\u00e4nn\u00f6n tietoa:<br \/>\n\u2022 Sopiva patja: S\u00e4ngyille 120&#215;200 cm, enimm\u00e4iskorkeus 20 cm.<br \/>\n\u2022 Korkeus s\u00e4ngyn pohjasta sivukaiteen yl\u00e4reunaan: 10,5 cm.<br \/>\n\u2022 S\u00e4ngyss\u00e4 on s\u00e4ngyn pohjaa tukeva s\u00e4lepohja, jonka korkeutta voi s\u00e4\u00e4t\u00e4\u00e4.  <\/p>\n<p>Saatavilla olevat v\u00e4rit:<br \/>\n\u2022 Elegantti valkoinen<br \/>\n\u2022 Neutraali harmaa  <\/p>\n<p>Mitat:  \u2022 P\u00e4\u00e4ns\u00e4ryn korkeus: 95 cm<br \/>\n\u2022 Jalkop\u00e4\u00e4n korkeus: 59 cm<br \/>\n\u2022 Kokonaispituus: 214,5 cm<br \/>\n\u2022 Kokonaisleveys: 130,5 cm  <\/p>\n<p>Hoito-ohjeet: <\/p>\n<p>Huonekalut tulee pyyhki\u00e4 pehme\u00e4ll\u00e4, vedell\u00e4 kostutetulla puuvillakankaalla tai huonekalujen hoitoon tarkoitetulla tuotteella, jotta ne s\u00e4ilytt\u00e4v\u00e4t kauneutensa ja kest\u00e4vyytens\u00e4 vuosien ajan. <\/p>\n<p>Lis\u00e4tietoja: <\/p>\n<p>Huonekalut toimitetaan pakkauksissa itse koottaviksi. Huonekalut on helppo koota mukana toimitettujen yksityiskohtaisten ohjeiden ja tarvittavien lis\u00e4varusteiden avulla.<\/p>\n","protected":false},"excerpt":{"rendered":"<p>Ines 120&#215;200 -s\u00e4nky on t\u00e4ydellinen valinta vanhemmalle lapselle, joka kaipaa enemm\u00e4n tilaa nukkumiseen ja rentoutumiseen. Sen tilava koko takaa mukavuuden ja helpon nukkumisen, ja siit\u00e4 tulee my\u00f6s perheen elokuvailtojen keskipiste ja t\u00e4ydellinen paikka yhteisiin iltarituaaleihin, kuten kirjojen lukemiseen tai keskusteluihin, luoden unohtumattomia muistoja lapsen ja vanhemman v\u00e4lille. Sen vakiokoko helpottaa patjan ja vuodevaatteiden sovittamista, mik\u00e4 [&hellip;]<\/p>\n","protected":false},"featured_media":0,"comment_status":"open","ping_status":"closed","template":"","meta":[],"product_brand":[],"product_cat":[32],"product_tag":[],"class_list":{"0":"post-31556","1":"product","2":"type-product","3":"status-publish","5":"product_cat-uncategorized-fi","7":"first","8":"instock","9":"shipping-taxable","10":"purchasable","11":"product-type-simple"},"_links":{"self":[{"href":"https:\/\/nordicmart.andreevmaster.com\/fi\/wp-json\/wp\/v2\/product\/31556","targetHints":{"allow":["GET"]}}],"collection":[{"href":"https:\/\/nordicmart.andreevmaster.com\/fi\/wp-json\/wp\/v2\/product"}],"about":[{"href":"https:\/\/nordicmart.andreevmaster.com\/fi\/wp-json\/wp\/v2\/types\/product"}],"replies":[{"embeddable":true,"href":"https:\/\/nordicmart.andreevmaster.com\/fi\/wp-json\/wp\/v2\/comments?post=31556"}],"wp:attachment":[{"href":"https:\/\/nordicmart.andreevmaster.com\/fi\/wp-json\/wp\/v2\/media?parent=31556"}],"wp:term":[{"taxonomy":"product_brand","embeddable":true,"href":"https:\/\/nordicmart.andreevmaster.com\/fi\/wp-json\/wp\/v2\/product_brand?post=31556"},{"taxonomy":"product_cat","embeddable":true,"href":"https:\/\/nordicmart.andreevmaster.com\/fi\/wp-json\/wp\/v2\/product_cat?post=31556"},{"taxonomy":"product_tag","embeddable":true,"href":"https:\/\/nordicmart.andreevmaster.com\/fi\/wp-json\/wp\/v2\/product_tag?post=31556"}],"curies":[{"name":"wp","href":"https:\/\/api.w.org\/{rel}","templated":true}]}}